{"id":148542,"date":"2021-01-15T10:57:35","date_gmt":"2021-01-15T10:57:35","guid":{"rendered":"https:\/\/codengine3.ch\/?product=import-placeholder-for-200614"},"modified":"2021-01-15T10:59:17","modified_gmt":"2021-01-15T10:59:17","slug":"die-bergretter-dvd-winterstaffel","status":"publish","type":"product","link":"https:\/\/pizbube.ch\/en\/shop\/die-bergretter-dvd-winterstaffel\/","title":{"rendered":"Die Bergretter (DVD) Winterstaffel"},"content":{"rendered":"<p>Die Winterstaffel der Bergretter zeigt wieder spannende Geschichten aus der<br \/>\nWelt der Rettungsteams der Air Zermatt. Nach dem grossen Erfolg der Sommer-<br \/>\nstaffel haben im Februar und M\u00e4rz 2007 drei &#8218;DOK&#8216;-Equipen des Schweizer<br \/>\nFernsehens die Air Zermatt bei ihren Wintereins\u00e4tzen begleitet. Sie haben die<br \/>\nArbeit der Helikopterpiloten, Flughelfer, Rettungssanit\u00e4ter und \u00c4rzte<br \/>\ndokumentiert: Entstanden ist ein Blick in einen aufregenden Alltag inmitten<br \/>\nder phantastischen Bergwelt rund ums Matterhorn.<br \/>\n140 Min.  <\/p>","protected":false},"excerpt":{"rendered":"<p>Die Winterstaffel der Bergretter zeigt wieder spannende Geschichten aus der Welt der Rettungsteams der Air Zermatt. Nach dem grossen Erfolg der Sommer- staffel haben im Februar und M\u00e4rz 2007 drei &#8218;DOK&#8216;-Equipen des Schweizer Fernsehens die Air Zermatt bei ihren Wintereins\u00e4tzen begleitet. Sie haben die Arbeit der Helikopterpiloten, Flughelfer, Rettungssanit\u00e4ter und \u00c4rzte dokumentiert: Entstanden ist ein [&#8230;]\n","protected":false},"featured_media":27418,"template":"","meta":[],"product_brand":[],"product_cat":[21628],"product_tag":[],"class_list":{"0":"post-148542","1":"product","2":"type-product","3":"status-publish","4":"has-post-thumbnail","6":"product_cat-video-dvd-multimedia","7":"pa_autor-sfdrs","8":"pa_erscheinungsjahr-21591","9":"pa_region-schweiz","10":"pa_sprache-de","12":"first","13":"instock","14":"taxable","15":"shipping-taxable","16":"purchasable","17":"product-type-simple"},"_links":{"self":[{"href":"https:\/\/pizbube.ch\/en\/wp-json\/wp\/v2\/product\/148542","targetHints":{"allow":["GET"]}}],"collection":[{"href":"https:\/\/pizbube.ch\/en\/wp-json\/wp\/v2\/product"}],"about":[{"href":"https:\/\/pizbube.ch\/en\/wp-json\/wp\/v2\/types\/product"}],"wp:featuredmedia":[{"embeddable":true,"href":"https:\/\/pizbube.ch\/en\/wp-json\/wp\/v2\/media\/27418"}],"wp:attachment":[{"href":"https:\/\/pizbube.ch\/en\/wp-json\/wp\/v2\/media?parent=148542"}],"wp:term":[{"taxonomy":"product_brand","embeddable":true,"href":"https:\/\/pizbube.ch\/en\/wp-json\/wp\/v2\/product_brand?post=148542"},{"taxonomy":"product_cat","embeddable":true,"href":"https:\/\/pizbube.ch\/en\/wp-json\/wp\/v2\/product_cat?post=148542"},{"taxonomy":"product_tag","embeddable":true,"href":"https:\/\/pizbube.ch\/en\/wp-json\/wp\/v2\/product_tag?post=148542"}],"curies":[{"name":"wp","href":"https:\/\/api.w.org\/{rel}","templated":true}]}}