{"id":148543,"date":"2021-01-15T10:57:35","date_gmt":"2021-01-15T10:57:35","guid":{"rendered":"https:\/\/codengine3.ch\/?product=import-placeholder-for-200495"},"modified":"2025-10-10T17:36:15","modified_gmt":"2025-10-10T15:36:15","slug":"leben-retten","status":"publish","type":"product","link":"https:\/\/pizbube.ch\/en\/shop\/leben-retten\/","title":{"rendered":"Leben retten"},"content":{"rendered":"<p>In der Luft. Am Boden. Seit 50 Jahren.<\/p>\n<p>Daniel Harder ist seit 50 Jahren im Rettungswesen t\u00e4tig, 21 Jahre davon aktiv<br \/>\nin der Luftrettung. In Leben retten erz\u00e4hlt er von dramatischen Eins\u00e4tzen und<br \/>\nTrag\u00f6dien, von Erfolgserlebnissen, sch\u00f6nen und lustigen Situationen.<\/p>\n<p>Sein reich bebildertes Buch ist gleichzeitig eine Zeitreise von den<br \/>\nF\u00fcnfzigerjahren in die Gegenwart, vom rudiment\u00e4ren Krankentransport zum<br \/>\nHightech-Rettungsdienst.<\/p>\n<p>Daniel Harder widmet sein ganzes (berufliches) Leben dem Retten von Leben \u2013<br \/>\noftmals auf einem schmalen Grat zwischen Leben und Tod, und nicht gefeit vor<br \/>\npers\u00f6nlichen Schicksalsschl\u00e4gen.<\/p>\n<p>1. Auflage 2017; 264 Seiten, 16,4 x 23,5 cm, gebunden, Hardcover; Mit 76<br \/>\nAbbildungen<\/p>","protected":false},"excerpt":{"rendered":"<p>In der Luft. Am Boden. Seit 50 Jahren. Daniel Harder ist seit 50 Jahren im Rettungswesen t\u00e4tig, 21 Jahre davon aktiv in der Luftrettung. In Leben retten erz\u00e4hlt er von dramatischen Eins\u00e4tzen und Trag\u00f6dien, von Erfolgserlebnissen, sch\u00f6nen und lustigen Situationen. Sein reich bebildertes Buch ist gleichzeitig eine Zeitreise von den F\u00fcnfzigerjahren in die Gegenwart, vom [&#8230;]\n","protected":false},"featured_media":181713,"template":"","meta":[],"product_brand":[],"product_cat":[21542],"product_tag":[],"class_list":{"0":"post-148543","1":"product","2":"type-product","3":"status-publish","4":"has-post-thumbnail","6":"product_cat-sachbuecher-dokumentationen","7":"pa_autor-harder","8":"pa_erscheinungsjahr-21574","9":"pa_region-schweiz","10":"pa_sprache-de","12":"first","13":"instock","14":"taxable","15":"shipping-taxable","16":"purchasable","17":"product-type-simple"},"_links":{"self":[{"href":"https:\/\/pizbube.ch\/en\/wp-json\/wp\/v2\/product\/148543","targetHints":{"allow":["GET"]}}],"collection":[{"href":"https:\/\/pizbube.ch\/en\/wp-json\/wp\/v2\/product"}],"about":[{"href":"https:\/\/pizbube.ch\/en\/wp-json\/wp\/v2\/types\/product"}],"wp:featuredmedia":[{"embeddable":true,"href":"https:\/\/pizbube.ch\/en\/wp-json\/wp\/v2\/media\/181713"}],"wp:attachment":[{"href":"https:\/\/pizbube.ch\/en\/wp-json\/wp\/v2\/media?parent=148543"}],"wp:term":[{"taxonomy":"product_brand","embeddable":true,"href":"https:\/\/pizbube.ch\/en\/wp-json\/wp\/v2\/product_brand?post=148543"},{"taxonomy":"product_cat","embeddable":true,"href":"https:\/\/pizbube.ch\/en\/wp-json\/wp\/v2\/product_cat?post=148543"},{"taxonomy":"product_tag","embeddable":true,"href":"https:\/\/pizbube.ch\/en\/wp-json\/wp\/v2\/product_tag?post=148543"}],"curies":[{"name":"wp","href":"https:\/\/api.w.org\/{rel}","templated":true}]}}