{"id":148544,"date":"2021-01-15T10:57:35","date_gmt":"2021-01-15T10:57:35","guid":{"rendered":"https:\/\/codengine3.ch\/?product=import-placeholder-for-203013"},"modified":"2022-02-16T17:43:58","modified_gmt":"2022-02-16T16:43:58","slug":"bergarzt-aus-leidenschaft","status":"publish","type":"product","link":"https:\/\/pizbube.ch\/en\/shop\/bergarzt-aus-leidenschaft\/","title":{"rendered":"Bergarzt aus Leidenschaft"},"content":{"rendered":"<p>Ein Leben f\u00fcr das Lauterbrunnental<\/p>\n<p>Die Jungfrau-Region ist ein Eldorado f\u00fcr Abenteuersportler. Touristen aus<br \/>\naller Welt kommen ins Berner Oberl\u00e4nder Lauterbrunnental zum Bergsteigen,<br \/>\nSkifahren, Canyoning, Downhillbiking, Basejumping oder Speedflying. Diese<br \/>\nOutdoor-Sportarten sind eine Herausforderung f\u00fcr Rettungsteams.<\/p>\n<p>Bergarzt Bruno Durrer entwickelte sich in dieser Region zum<br \/>\nRettungsspezialisten und flog \u00fcber 3500 Helikoptereins\u00e4tze. Zusammen mit<br \/>\nPiloten, Bergf\u00fchrern und Rettungshelfern leistete er vielen Menschen in<br \/>\nExtremsituationen Erste Hilfe.<\/p>\n<p>Daneben leitete er eine Hausarztpraxis, wo er Familien mit bis zu vier<br \/>\nGenerationen vom positiven Schwangerschaftstest bis zum Tod in den eigenen<br \/>\nvier W\u00e4nden begleitete.<\/p>\n<p>Gebunden mit Schutzumschlag; 224 Seiten<\/p>","protected":false},"excerpt":{"rendered":"<p>Ein Leben f\u00fcr das Lauterbrunnental Die Jungfrau-Region ist ein Eldorado f\u00fcr Abenteuersportler. Touristen aus aller Welt kommen ins Berner Oberl\u00e4nder Lauterbrunnental zum Bergsteigen, Skifahren, Canyoning, Downhillbiking, Basejumping oder Speedflying. Diese Outdoor-Sportarten sind eine Herausforderung f\u00fcr Rettungsteams. Bergarzt Bruno Durrer entwickelte sich in dieser Region zum Rettungsspezialisten und flog \u00fcber 3500 Helikoptereins\u00e4tze. Zusammen mit Piloten, Bergf\u00fchrern [&#8230;]\n","protected":false},"featured_media":32343,"template":"","meta":[],"product_brand":[],"product_cat":[21542],"product_tag":[],"class_list":{"0":"post-148544","1":"product","2":"type-product","3":"status-publish","4":"has-post-thumbnail","6":"product_cat-sachbuecher-dokumentationen","7":"pa_autor-huerlimann-durer","8":"pa_erscheinungsjahr-21546","9":"pa_region-schweiz","10":"pa_sprache-de","12":"first","13":"outofstock","14":"taxable","15":"shipping-taxable","16":"purchasable","17":"product-type-simple"},"_links":{"self":[{"href":"https:\/\/pizbube.ch\/en\/wp-json\/wp\/v2\/product\/148544","targetHints":{"allow":["GET"]}}],"collection":[{"href":"https:\/\/pizbube.ch\/en\/wp-json\/wp\/v2\/product"}],"about":[{"href":"https:\/\/pizbube.ch\/en\/wp-json\/wp\/v2\/types\/product"}],"wp:featuredmedia":[{"embeddable":true,"href":"https:\/\/pizbube.ch\/en\/wp-json\/wp\/v2\/media\/32343"}],"wp:attachment":[{"href":"https:\/\/pizbube.ch\/en\/wp-json\/wp\/v2\/media?parent=148544"}],"wp:term":[{"taxonomy":"product_brand","embeddable":true,"href":"https:\/\/pizbube.ch\/en\/wp-json\/wp\/v2\/product_brand?post=148544"},{"taxonomy":"product_cat","embeddable":true,"href":"https:\/\/pizbube.ch\/en\/wp-json\/wp\/v2\/product_cat?post=148544"},{"taxonomy":"product_tag","embeddable":true,"href":"https:\/\/pizbube.ch\/en\/wp-json\/wp\/v2\/product_tag?post=148544"}],"curies":[{"name":"wp","href":"https:\/\/api.w.org\/{rel}","templated":true}]}}