{"id":148547,"date":"2021-01-15T10:57:35","date_gmt":"2021-01-15T10:57:35","guid":{"rendered":"https:\/\/codengine3.ch\/?product=import-placeholder-for-207866"},"modified":"2026-04-17T11:45:36","modified_gmt":"2026-04-17T09:45:36","slug":"dreitausender-ostalpen-drueber-und-drunter","status":"publish","type":"product","link":"https:\/\/pizbube.ch\/en\/shop\/dreitausender-ostalpen-drueber-und-drunter\/","title":{"rendered":"Dreitausender Ostalpen \u2013 dr\u00fcber und drunter"},"content":{"rendered":"<p>60 hohe Gipfel f\u00fcr Wanderer und Bergsteiger &#8211; Dreitausender f\u00fcr alpine<br \/>\nGenie\u00dfer.<\/p>\n<p>Die Gipfel um die Dreitausend Meter sind die Aussichtslogen der Ostalpen. Sie<br \/>\nstehen auf der Wunschliste von Wanderern und Bergsteigern meist ganz weit<br \/>\noben. Zwischen Lechtaler Alpen, Ortler, Dolomiten und Tauern findet sich eine<br \/>\nbreite Auswahl an Bergzielen um diese magische H\u00f6he. Einige lassen sich in<br \/>\neiner Tagestour begehen, andere bieten sich f\u00fcr ein erlebnisreiches Wochenende<br \/>\nan.<\/p>\n<p>Dieses Buch beschreibt 60 empfehlenswerte Wege auf Bergziele \u00fcber oder knapp<br \/>\nunter Dreitausend Meter in den Ostalpen. Eindrucksvolle Gipfelbesteigungen<br \/>\nknapp unterhalb der Dreitausend-Meter Marke sind zum Beispiel Zugspitze,<br \/>\nWatzmann, Dachstein und Triglav. \u00dcberhalb von Dreitausend Metern liegen<br \/>\nAnkogel, Marmolada, Punta Penia, oder auch Monte Vi\u00f3z. Gem\u00fctliche H\u00fctten,<br \/>\nmalerische Seen, sch\u00f6ne Wegstrecken und anregende Gipfelanstiege geh\u00f6ren immer<br \/>\ndazu und machen das \u00bbErlebnis 3000er\u00ab aus.<\/p>\n<p>Vom Schwierigkeitsgrad hat dieses Buch jedem etwas zu bieten: Dreitausender-<br \/>\nNeulinge finden einfache Touren, versierte Bergsteiger freuen sich \u00fcber<br \/>\nversicherte Steige und Gipfelanstiege, mitunter mit kurzen, leichten<br \/>\nKletterstellen. Der Schwerpunkt liegt bei Touren, die jeder trittsichere<br \/>\nBergsteiger begehen kann. Seil und Pickel k\u00f6nnen dabei zu Hause bleiben.<\/p>\n<p>Jede Tour wird mit einer zuverl\u00e4ssigen Wegbeschreibung, einem aussagekr\u00e4ftigen<br \/>\nH\u00f6henprofil und einem Wanderk\u00e4rtchen mit eingetragenem Routenverlauf<br \/>\nvorgestellt. GPS-Daten stehen zum Download bereit. Besonders<br \/>\nbenutzerfreundlich sind die Umschlagklappen, die einen \u00dcberblick \u00fcber alle<br \/>\nTouren liefern. Die gro\u00dfz\u00fcgige Ausstattung des Selection-Bandes und exzellente<br \/>\nFarbbilder machen Lust aufs Losgehen.<\/p>\n<p>F\u00fcr die zweite Auflage wurden alle Angaben sorgf\u00e4ltig aktualisiert.<\/p>\n<p>2. Auflage 2014<br \/>\n256 Seiten mit 218 Farbabbildungen<br \/>\n60 Tourenk\u00e4rtchen im Ma\u00dfstab 1:50.000 und 1:75.000, 60 H\u00f6henprofile, eine<br \/>\n\u00dcbersichtskarte<\/p>","protected":false},"excerpt":{"rendered":"<ul>\n<li><a href=\"https:\/\/pizbube.ch\/wp-content\/uploads\/attachments\/a_027\/AE69855DF5BED2622A110E5ACD55247B.pdf\" target=\"_blank\" rel=\"noopener\">PDF: ostalpen_3000_inhalt<\/a><\/li>\n<\/ul>","protected":false},"featured_media":168824,"template":"","meta":[],"product_brand":[],"product_cat":[21605],"product_tag":[],"class_list":{"0":"post-148547","1":"product","2":"type-product","3":"status-publish","4":"has-post-thumbnail","6":"product_cat-wanderfuehrer-trekking","7":"pa_autor-strauss","8":"pa_erscheinungsjahr-21550","9":"pa_region-oesterreich","10":"pa_sprache-de","12":"first","13":"outofstock","14":"taxable","15":"shipping-taxable","16":"purchasable","17":"product-type-simple"},"_links":{"self":[{"href":"https:\/\/pizbube.ch\/en\/wp-json\/wp\/v2\/product\/148547","targetHints":{"allow":["GET"]}}],"collection":[{"href":"https:\/\/pizbube.ch\/en\/wp-json\/wp\/v2\/product"}],"about":[{"href":"https:\/\/pizbube.ch\/en\/wp-json\/wp\/v2\/types\/product"}],"wp:featuredmedia":[{"embeddable":true,"href":"https:\/\/pizbube.ch\/en\/wp-json\/wp\/v2\/media\/168824"}],"wp:attachment":[{"href":"https:\/\/pizbube.ch\/en\/wp-json\/wp\/v2\/media?parent=148547"}],"wp:term":[{"taxonomy":"product_brand","embeddable":true,"href":"https:\/\/pizbube.ch\/en\/wp-json\/wp\/v2\/product_brand?post=148547"},{"taxonomy":"product_cat","embeddable":true,"href":"https:\/\/pizbube.ch\/en\/wp-json\/wp\/v2\/product_cat?post=148547"},{"taxonomy":"product_tag","embeddable":true,"href":"https:\/\/pizbube.ch\/en\/wp-json\/wp\/v2\/product_tag?post=148547"}],"curies":[{"name":"wp","href":"https:\/\/api.w.org\/{rel}","templated":true}]}}