{"id":148549,"date":"2021-01-15T10:57:35","date_gmt":"2021-01-15T10:57:35","guid":{"rendered":"https:\/\/codengine3.ch\/?product=import-placeholder-for-204558"},"modified":"2023-08-02T13:00:10","modified_gmt":"2023-08-02T11:00:10","slug":"leichte-hochtouren-in-den-alpen","status":"publish","type":"product","link":"https:\/\/pizbube.ch\/en\/shop\/leichte-hochtouren-in-den-alpen\/","title":{"rendered":"Leichte Hochtouren in den Alpen"},"content":{"rendered":"<p>Die 40 sch\u00f6nsten Touren in Fels und Eis &#8211; Gipfelgl\u00fcck in Fels und Eis<\/p>\n<p>Unterwegs in der beeindruckenden Gletscherregion der Alpen! Dieser<br \/>\nTourenf\u00fchrer kennt 36 unvergessliche Hochtouren zwischen Dachsteingebirge,<br \/>\nOrtlergruppe und den Berner Alpen.<\/p>\n<p>Sie f\u00fchren den ambitionierten Bergsteiger auf leichten bis mittelschweren<br \/>\nWegen auf Gro\u00dfvenediger, Cevedale, Rosenhorn, Gw\u00e4chtenhorn, Piz Kesch, M\u00f6nch,<br \/>\nBl\u00fcemlisalphorn, Ofen- und Blinnenhorn und andere Highlights der Alpen.<\/p>\n<p>40 leichte und aussichtsreiche Touren \u00fcber die Alpen. Detaillierte<br \/>\nTourenbeschreibungen und umfangreiche Tourenkarten f\u00fchren Sie \u00fcber die<br \/>\nleichten Hochtouren. GPS-Daten zum Download sowie das handliche Format sind<br \/>\nder perfekter Begleiter auf dem Weg zwischen Eis und Fels. Gletscher, schmale<br \/>\nFelsgrate und schneebedeckte Traumlandschaften: Dieser Tourenf\u00fchrer stellt<br \/>\nleichtere Hochgebirgstouren zwischen Dachsteingebirge und Berner Alpen vor mit<br \/>\nPraxiswissen f\u00fcr Bergsteiger, die die Herausforderung in Schnee und Eis ebenso<br \/>\nsch\u00e4tzen wie Bergtouren mit Panorama. Ob Schwarzenstein im Zillertal,<br \/>\nZugspitze oder Marmolada: Jeder der 40 Wege im Hochgebirge ist Erlebnis pur<br \/>\nund ein Genuss der Extraklasse!<\/p>\n<p>Folgen Sie den Autoren in die faszinierende Welt der Hochtouren!<\/p>\n<p>3. Auflage 2022, 158 S.<\/p>","protected":false},"excerpt":{"rendered":"<p>Die 40 sch\u00f6nsten Touren in Fels und Eis &#8211; Gipfelgl\u00fcck in Fels und Eis Unterwegs in der beeindruckenden Gletscherregion der Alpen! Dieser Tourenf\u00fchrer kennt 36 unvergessliche Hochtouren zwischen Dachsteingebirge, Ortlergruppe und den Berner Alpen. Sie f\u00fchren den ambitionierten Bergsteiger auf leichten bis mittelschweren Wegen auf Gro\u00dfvenediger, Cevedale, Rosenhorn, Gw\u00e4chtenhorn, Piz Kesch, M\u00f6nch, Bl\u00fcemlisalphorn, Ofen- und [&#8230;]\n","protected":false},"featured_media":157157,"template":"","meta":[],"product_brand":[],"product_cat":[21544],"product_tag":[],"class_list":{"0":"post-148549","1":"product","2":"type-product","3":"status-publish","4":"has-post-thumbnail","6":"product_cat-fuehrerliteratur-alpin-sommer","7":"pa_autor-meier","8":"pa_erscheinungsjahr-27013","9":"pa_region-italien","10":"pa_region-oesterreich","11":"pa_region-schweiz","12":"pa_sprache-de","14":"first","15":"instock","16":"taxable","17":"shipping-taxable","18":"purchasable","19":"product-type-simple"},"_links":{"self":[{"href":"https:\/\/pizbube.ch\/en\/wp-json\/wp\/v2\/product\/148549","targetHints":{"allow":["GET"]}}],"collection":[{"href":"https:\/\/pizbube.ch\/en\/wp-json\/wp\/v2\/product"}],"about":[{"href":"https:\/\/pizbube.ch\/en\/wp-json\/wp\/v2\/types\/product"}],"wp:featuredmedia":[{"embeddable":true,"href":"https:\/\/pizbube.ch\/en\/wp-json\/wp\/v2\/media\/157157"}],"wp:attachment":[{"href":"https:\/\/pizbube.ch\/en\/wp-json\/wp\/v2\/media?parent=148549"}],"wp:term":[{"taxonomy":"product_brand","embeddable":true,"href":"https:\/\/pizbube.ch\/en\/wp-json\/wp\/v2\/product_brand?post=148549"},{"taxonomy":"product_cat","embeddable":true,"href":"https:\/\/pizbube.ch\/en\/wp-json\/wp\/v2\/product_cat?post=148549"},{"taxonomy":"product_tag","embeddable":true,"href":"https:\/\/pizbube.ch\/en\/wp-json\/wp\/v2\/product_tag?post=148549"}],"curies":[{"name":"wp","href":"https:\/\/api.w.org\/{rel}","templated":true}]}}