{"id":148555,"date":"2021-01-15T10:57:35","date_gmt":"2021-01-15T10:57:35","guid":{"rendered":"https:\/\/codengine3.ch\/?product=import-placeholder-for-204483"},"modified":"2021-07-17T09:38:05","modified_gmt":"2021-07-17T07:38:05","slug":"kukuczka-dvd","status":"publish","type":"product","link":"https:\/\/pizbube.ch\/en\/shop\/kukuczka-dvd\/","title":{"rendered":"Kukuczka (DVD)"},"content":{"rendered":"<p>Kukuczka &#8211; Le plus grand himalayiste de l`histoire de l`alpinisme<\/p>\n<p>Jerzy Kukuczka est l`un des plus grands himalayistes de l`histoire de<br \/>\nl`alpinisme : il fut le second homme \u00e0 conqu\u00e9rir les quatorze sommets de plus<br \/>\nde 8000 m\u00e8tres pr\u00e9sents sur la terre, exploit qu`il accomplit en 8 ans<br \/>\nseulement et en multipliant les hivernales et les voies nouvelles. Il mourut<br \/>\nen 1989 dans une tentative d`ascension de la face sud du Lhotse.<\/p>\n<p>Ce film \u00e9mouvant retrace la vie, les exploits et la carri\u00e8re d`une l\u00e9gende de<br \/>\nl`alpinisme, d`un h\u00e9ros des temps modernes, gr\u00e2ce \u00e0 des images in\u00e9dites de ses<br \/>\nexp\u00e9ditions. Reinhold Messner, Carlos Carsolio et Krzysztof Wielicki,<br \/>\nrespectivement premier, quatri\u00e8me et cinqui\u00e8me vainqueurs des quatorze 8000,<br \/>\napportent une contribution exceptionnelle \u00e0 ce film magnifique qui fut<br \/>\npr\u00e9sent\u00e9 pour la premi\u00e8re fois en France devant une salle comble au Festival<br \/>\nd`Autrans. Le film a re\u00e7u une Mention d`Honneur \u00e0 l`occasion du Berg Film<br \/>\nFestival de Graz 2012.<\/p>\n<p>Le r\u00e9alisateur :<br \/>\nN\u00e9 en 1956 dans le sud de la Pologne, Jerzy Porebski est r\u00e9alisateur, mais<br \/>\naussi sc\u00e9nariste et producteur de films. Il s`interesse essentiellement \u00e0 la<br \/>\nmontagne et \u00e0 l`alpinisme, en particulier aux himalayistes polonais sur<br \/>\nlesquels il a tourn\u00e9 plusieurs films.<br \/>\nDur\u00e9e du film : 46 minutes, Version originale polonaise, Sous-titres en<br \/>\nfran\u00e7ais<\/p>","protected":false},"excerpt":{"rendered":"<ul>\n<li><a href=\"https:\/\/youtu.be\/uRNjJ_ystNI\" target=\"_blank\" rel=\"noopener\">Video: Kukuczka<\/a><\/li>\n<\/ul>","protected":false},"featured_media":32426,"template":"","meta":[],"product_brand":[],"product_cat":[21628],"product_tag":[],"class_list":{"0":"post-148555","1":"product","2":"type-product","3":"status-publish","4":"has-post-thumbnail","6":"product_cat-video-dvd-multimedia","7":"pa_autor-porebski","8":"pa_erscheinungsjahr-21621","9":"pa_region-osteuropa","10":"pa_sprache-fr-pol","12":"first","13":"outofstock","14":"taxable","15":"shipping-taxable","16":"purchasable","17":"product-type-simple"},"_links":{"self":[{"href":"https:\/\/pizbube.ch\/en\/wp-json\/wp\/v2\/product\/148555","targetHints":{"allow":["GET"]}}],"collection":[{"href":"https:\/\/pizbube.ch\/en\/wp-json\/wp\/v2\/product"}],"about":[{"href":"https:\/\/pizbube.ch\/en\/wp-json\/wp\/v2\/types\/product"}],"wp:featuredmedia":[{"embeddable":true,"href":"https:\/\/pizbube.ch\/en\/wp-json\/wp\/v2\/media\/32426"}],"wp:attachment":[{"href":"https:\/\/pizbube.ch\/en\/wp-json\/wp\/v2\/media?parent=148555"}],"wp:term":[{"taxonomy":"product_brand","embeddable":true,"href":"https:\/\/pizbube.ch\/en\/wp-json\/wp\/v2\/product_brand?post=148555"},{"taxonomy":"product_cat","embeddable":true,"href":"https:\/\/pizbube.ch\/en\/wp-json\/wp\/v2\/product_cat?post=148555"},{"taxonomy":"product_tag","embeddable":true,"href":"https:\/\/pizbube.ch\/en\/wp-json\/wp\/v2\/product_tag?post=148555"}],"curies":[{"name":"wp","href":"https:\/\/api.w.org\/{rel}","templated":true}]}}