{"id":148556,"date":"2021-01-15T10:57:35","date_gmt":"2021-01-15T10:57:35","guid":{"rendered":"https:\/\/codengine3.ch\/?product=import-placeholder-for-205678"},"modified":"2021-01-15T14:43:06","modified_gmt":"2021-01-15T14:43:06","slug":"jeu-fatal-a-8000-metres-the-fatal-game-dvd","status":"publish","type":"product","link":"https:\/\/pizbube.ch\/en\/shop\/jeu-fatal-a-8000-metres-the-fatal-game-dvd\/","title":{"rendered":"Jeu fatal \u00e0 8000 m\u00e8tres &#8211; The Fatal Game DVD"},"content":{"rendered":"<p>On the summit of Mt. Everest in 1994, Kiwi guide Mark Whetu and his client<br \/>\nMike Rheinberger realize it&#8217;s too late to return to camp before nightfall.<br \/>\nFollowing a freezing night just 50 meters below the summit, they try to<br \/>\ndescend but Rheinberger is stricken with cerebral edema. After a day long<br \/>\nstruggle Whetu must decide whether to stay with his friend on the mountain or<br \/>\nsave his own life.  <\/p>\n<p>As a result of the night at 28,800 feet, Whetu loses his toes to frostbite and<br \/>\nenters a period of deep depression. Mark returns home to Queenstown and<br \/>\nendures a long recovery and much emotional turmoil before deciding to return<br \/>\nto the Himalaya as the leader of an expedition attempting to summit the<br \/>\nworld&#8217;s sixth highest mountain, Cho Oyu (8201m).<br \/>\nWinner of more than a dozen international film awards.  <\/p>\n<p>Mike Rheinberger, un australien de 52 ans, avait tent\u00e9 6 fois l&#8217;Everest et 6<br \/>\nfois il avait \u00e9chou\u00e9. Mais ce r\u00eave l&#8217;habitait et le sommet de l&#8217;Everest<br \/>\ndevenait pour lui une obsession.<br \/>\nIl organise donc une septi\u00e8me tentative. Mark Whetu, un cam\u00e9raman N\u00e9o-<br \/>\nZ\u00e9landais, l&#8217;accompagne pour capturer ces instants, les plus importants dans<br \/>\nla vie de Mike. Port\u00e9s par cet espoir, ils atteignent avec succ\u00e8s le toit du<br \/>\nmonde, mais la nuit tombe : il est trop tard pour redescendre. Ils doivent<br \/>\nalors improviser un bivouac \u00e0 50 m\u00e8tres sous le sommet de l&#8217;Everest. Ils se<br \/>\nretrouvent vite dans une situation extr\u00eamement critique.<br \/>\nMark est alors amen\u00e9 \u00e0 prendre une d\u00e9cision dramatique qui le poursuivra toute<br \/>\nsa vie&#8230; Ce film inou\u00ef, voulu par Mike, dont le succ\u00e8s a fait le tour du<br \/>\nmonde, t\u00e9moigne de sa magnifique victoire mais aussi du courage et du<br \/>\nd\u00e9sespoir de deux hommes extraordinaires.  <\/p>\n<p>52 minutes; V\u00e9rs. Orig. anglaise, sous titrage en fran\u00e7ais  <\/p>","protected":false},"excerpt":{"rendered":"<p>On the summit of Mt. Everest in 1994, Kiwi guide Mark Whetu and his client Mike Rheinberger realize it&#8217;s too late to return to camp before nightfall. Following a freezing night just 50 meters below the summit, they try to descend but Rheinberger is stricken with cerebral edema. After a day long struggle Whetu must [&#8230;]\n","protected":false},"featured_media":34481,"template":"","meta":[],"product_brand":[],"product_cat":[21628],"product_tag":[],"class_list":{"0":"post-148556","1":"product","2":"type-product","3":"status-publish","4":"has-post-thumbnail","6":"product_cat-video-dvd-multimedia","7":"pa_autor-dennison","8":"pa_erscheinungsjahr-21693","9":"pa_region-asien","10":"pa_sprache-e","11":"pa_sprache-f","13":"first","14":"instock","15":"taxable","16":"shipping-taxable","17":"purchasable","18":"product-type-simple"},"_links":{"self":[{"href":"https:\/\/pizbube.ch\/en\/wp-json\/wp\/v2\/product\/148556","targetHints":{"allow":["GET"]}}],"collection":[{"href":"https:\/\/pizbube.ch\/en\/wp-json\/wp\/v2\/product"}],"about":[{"href":"https:\/\/pizbube.ch\/en\/wp-json\/wp\/v2\/types\/product"}],"wp:featuredmedia":[{"embeddable":true,"href":"https:\/\/pizbube.ch\/en\/wp-json\/wp\/v2\/media\/34481"}],"wp:attachment":[{"href":"https:\/\/pizbube.ch\/en\/wp-json\/wp\/v2\/media?parent=148556"}],"wp:term":[{"taxonomy":"product_brand","embeddable":true,"href":"https:\/\/pizbube.ch\/en\/wp-json\/wp\/v2\/product_brand?post=148556"},{"taxonomy":"product_cat","embeddable":true,"href":"https:\/\/pizbube.ch\/en\/wp-json\/wp\/v2\/product_cat?post=148556"},{"taxonomy":"product_tag","embeddable":true,"href":"https:\/\/pizbube.ch\/en\/wp-json\/wp\/v2\/product_tag?post=148556"}],"curies":[{"name":"wp","href":"https:\/\/api.w.org\/{rel}","templated":true}]}}