{"id":148557,"date":"2021-01-15T10:57:35","date_gmt":"2021-01-15T10:57:35","guid":{"rendered":"https:\/\/codengine3.ch\/?product=import-placeholder-for-201694"},"modified":"2021-01-15T12:03:50","modified_gmt":"2021-01-15T12:03:50","slug":"in-eisige-hoehen-hoerbuch","status":"publish","type":"product","link":"https:\/\/pizbube.ch\/en\/shop\/in-eisige-hoehen-hoerbuch\/","title":{"rendered":"In eisige H\u00f6hen (H\u00f6rbuch)"},"content":{"rendered":"<p>ungek\u00fcrzte Lesung der Everest Trag\u00f6die vom Fr\u00fchjahr 1996; Sprecher: Chr.<br \/>\nBr\u00fcckner; CD; ca. 680 Min.<\/p>","protected":false},"excerpt":{"rendered":"<p>ungek\u00fcrzte Lesung der Everest Trag\u00f6die vom Fr\u00fchjahr 1996; Sprecher: Chr. Br\u00fcckner; CD; ca. 680 Min.<\/p>","protected":false},"featured_media":29075,"template":"","meta":[],"product_brand":[],"product_cat":[21628],"product_tag":[],"class_list":{"0":"post-148557","1":"product","2":"type-product","3":"status-publish","4":"has-post-thumbnail","6":"product_cat-video-dvd-multimedia","7":"pa_autor-krakauer","8":"pa_erscheinungsjahr-21920","9":"pa_region-asien","10":"pa_sprache-de","12":"first","13":"instock","14":"taxable","15":"shipping-taxable","16":"purchasable","17":"product-type-simple"},"_links":{"self":[{"href":"https:\/\/pizbube.ch\/en\/wp-json\/wp\/v2\/product\/148557","targetHints":{"allow":["GET"]}}],"collection":[{"href":"https:\/\/pizbube.ch\/en\/wp-json\/wp\/v2\/product"}],"about":[{"href":"https:\/\/pizbube.ch\/en\/wp-json\/wp\/v2\/types\/product"}],"wp:featuredmedia":[{"embeddable":true,"href":"https:\/\/pizbube.ch\/en\/wp-json\/wp\/v2\/media\/29075"}],"wp:attachment":[{"href":"https:\/\/pizbube.ch\/en\/wp-json\/wp\/v2\/media?parent=148557"}],"wp:term":[{"taxonomy":"product_brand","embeddable":true,"href":"https:\/\/pizbube.ch\/en\/wp-json\/wp\/v2\/product_brand?post=148557"},{"taxonomy":"product_cat","embeddable":true,"href":"https:\/\/pizbube.ch\/en\/wp-json\/wp\/v2\/product_cat?post=148557"},{"taxonomy":"product_tag","embeddable":true,"href":"https:\/\/pizbube.ch\/en\/wp-json\/wp\/v2\/product_tag?post=148557"}],"curies":[{"name":"wp","href":"https:\/\/api.w.org\/{rel}","templated":true}]}}