{"id":148558,"date":"2021-01-15T10:57:35","date_gmt":"2021-01-15T10:57:35","guid":{"rendered":"https:\/\/codengine3.ch\/?product=import-placeholder-for-208828"},"modified":"2021-01-15T17:58:14","modified_gmt":"2021-01-15T17:58:14","slug":"zurueck-nach-morgen-augenblicke-an-den-14-achttausendern","status":"publish","type":"product","link":"https:\/\/pizbube.ch\/en\/shop\/zurueck-nach-morgen-augenblicke-an-den-14-achttausendern\/","title":{"rendered":"Zur\u00fcck nach morgen &#8211; Augenblicke an den 14 Achttausendern"},"content":{"rendered":"<p>Leben und \u00dcberleben an den h\u00f6chsten Bergen der Welt: Mit faszinierenden<br \/>\nBilderwelten schildert Hans Kammerlander seine ganz pers\u00f6nlichen Momente an<br \/>\nallen Achttausendern und b\u00fcndelt Berghistorie und Besteigungsdaten bis heute.<br \/>\nMit 27 stand er mit Reinhold Messner auf seinem ersten Himalajariesen;<br \/>\ngemeinsam mit ihm erreichte er sechs weitere Gipfel \u00fcber 8000 Meter. Als<br \/>\nErster ist Hans Kammerlander vom gef\u00fcrchteten Nanga Parbat und vom Mount<br \/>\nEverest mit Skiern abgefahren. Fast alle Achttausender hat der sympathische<br \/>\nS\u00fcdtiroler bestiegen und dabei immer wieder die Grenzen des M\u00f6glichen<br \/>\ngesprengt.  <\/p>\n<p>Doch am Manaslu verlief die Expedition dramatisch, und er verlor zwei seiner<br \/>\nFreunde. Mit au\u00dfergew\u00f6hnlichen Bilddokumenten und reich an sehr pers\u00f6nlichen<br \/>\nErfahrungen f\u00fchrt er an den schmalen Grat zwischen Erfolg und Niederlage,<br \/>\nstellt Charakter und Chronik der 14 h\u00f6chsten Berge der Welt vor &#8211; vom<br \/>\n\u00bbeinfachsten\u00ab, dem Cho Oyu, bis zum K2, dem anspruchsvollsten der Giganten.<\/p>","protected":false},"excerpt":{"rendered":"<ul>\n<li><b>INFO: Vergriffen, keine Neuauflage<b><\/li>\n<\/ul>","protected":false},"featured_media":41467,"template":"","meta":[],"product_brand":[],"product_cat":[21542],"product_tag":[],"class_list":{"0":"post-148558","1":"product","2":"type-product","3":"status-publish","4":"has-post-thumbnail","6":"product_cat-sachbuecher-dokumentationen","7":"pa_autor-kammerlander","8":"pa_erscheinungsjahr-21621","9":"pa_region-italien","10":"pa_sprache-de","12":"first","13":"outofstock","14":"taxable","15":"shipping-taxable","16":"purchasable","17":"product-type-simple"},"_links":{"self":[{"href":"https:\/\/pizbube.ch\/en\/wp-json\/wp\/v2\/product\/148558","targetHints":{"allow":["GET"]}}],"collection":[{"href":"https:\/\/pizbube.ch\/en\/wp-json\/wp\/v2\/product"}],"about":[{"href":"https:\/\/pizbube.ch\/en\/wp-json\/wp\/v2\/types\/product"}],"wp:featuredmedia":[{"embeddable":true,"href":"https:\/\/pizbube.ch\/en\/wp-json\/wp\/v2\/media\/41467"}],"wp:attachment":[{"href":"https:\/\/pizbube.ch\/en\/wp-json\/wp\/v2\/media?parent=148558"}],"wp:term":[{"taxonomy":"product_brand","embeddable":true,"href":"https:\/\/pizbube.ch\/en\/wp-json\/wp\/v2\/product_brand?post=148558"},{"taxonomy":"product_cat","embeddable":true,"href":"https:\/\/pizbube.ch\/en\/wp-json\/wp\/v2\/product_cat?post=148558"},{"taxonomy":"product_tag","embeddable":true,"href":"https:\/\/pizbube.ch\/en\/wp-json\/wp\/v2\/product_tag?post=148558"}],"curies":[{"name":"wp","href":"https:\/\/api.w.org\/{rel}","templated":true}]}}