{"id":148565,"date":"2021-01-15T10:57:35","date_gmt":"2021-01-15T10:57:35","guid":{"rendered":"https:\/\/codengine3.ch\/?product=import-placeholder-for-203241"},"modified":"2022-12-06T11:44:55","modified_gmt":"2022-12-06T10:44:55","slug":"frauen-erkunden-die-welt","status":"publish","type":"product","link":"https:\/\/pizbube.ch\/en\/shop\/frauen-erkunden-die-welt\/","title":{"rendered":"Frauen erkunden die Welt"},"content":{"rendered":"<p>Jeder kennt sie, die gro\u00dfen Entdecker, Christoph Kolumbus, James Cook oder<br \/>\nRoald Amundsen &#8211; was aber ist mit Frauen wie Freya Stark und Diane Fossey, die<br \/>\ndie Welt in all ihren Facetten erforschten und dabei ebenso spektakul\u00e4re<br \/>\nAbenteuer erlebten?<\/p>\n<p>Ob Polarforscherin, Flugpionierin oder Schriftstellerin,<br \/>\nsie alle haben wichtigste Beitr\u00e4ge zum Verst\u00e4ndnis unserer Welt geliefert.<br \/>\nDieses Buch l\u00e4dt dazu ein, ihren Spuren zu folgen.<\/p>\n<p>Mary Tiegreen und Milbry Polk erz\u00e4hlen wahre Geschichten, in die man versinken<br \/>\nkann, die das Fernweh wecken und spannener sind als jeder Abenteuerroman.<\/p>","protected":false},"excerpt":{"rendered":"<p>Jeder kennt sie, die gro\u00dfen Entdecker, Christoph Kolumbus, James Cook oder Roald Amundsen &#8211; was aber ist mit Frauen wie Freya Stark und Diane Fossey, die die Welt in all ihren Facetten erforschten und dabei ebenso spektakul\u00e4re Abenteuer erlebten? Ob Polarforscherin, Flugpionierin oder Schriftstellerin, sie alle haben wichtigste Beitr\u00e4ge zum Verst\u00e4ndnis unserer Welt geliefert. Dieses [&#8230;]\n","protected":false},"featured_media":30810,"template":"","meta":[],"product_brand":[],"product_cat":[21542],"product_tag":[],"class_list":{"0":"post-148565","1":"product","2":"type-product","3":"status-publish","4":"has-post-thumbnail","6":"product_cat-sachbuecher-dokumentationen","7":"pa_autor-polk","8":"pa_erscheinungsjahr-21830","9":"pa_region-deutschland","10":"pa_sprache-de","12":"first","13":"outofstock","14":"taxable","15":"shipping-taxable","16":"purchasable","17":"product-type-simple"},"_links":{"self":[{"href":"https:\/\/pizbube.ch\/en\/wp-json\/wp\/v2\/product\/148565","targetHints":{"allow":["GET"]}}],"collection":[{"href":"https:\/\/pizbube.ch\/en\/wp-json\/wp\/v2\/product"}],"about":[{"href":"https:\/\/pizbube.ch\/en\/wp-json\/wp\/v2\/types\/product"}],"wp:featuredmedia":[{"embeddable":true,"href":"https:\/\/pizbube.ch\/en\/wp-json\/wp\/v2\/media\/30810"}],"wp:attachment":[{"href":"https:\/\/pizbube.ch\/en\/wp-json\/wp\/v2\/media?parent=148565"}],"wp:term":[{"taxonomy":"product_brand","embeddable":true,"href":"https:\/\/pizbube.ch\/en\/wp-json\/wp\/v2\/product_brand?post=148565"},{"taxonomy":"product_cat","embeddable":true,"href":"https:\/\/pizbube.ch\/en\/wp-json\/wp\/v2\/product_cat?post=148565"},{"taxonomy":"product_tag","embeddable":true,"href":"https:\/\/pizbube.ch\/en\/wp-json\/wp\/v2\/product_tag?post=148565"}],"curies":[{"name":"wp","href":"https:\/\/api.w.org\/{rel}","templated":true}]}}