{"id":148566,"date":"2021-01-15T10:57:35","date_gmt":"2021-01-15T10:57:35","guid":{"rendered":"https:\/\/codengine3.ch\/?product=import-placeholder-for-206291"},"modified":"2022-01-05T16:24:57","modified_gmt":"2022-01-05T15:24:57","slug":"jeanne-immink-die-frau-die-in-die-wolken-stieg","status":"publish","type":"product","link":"https:\/\/pizbube.ch\/en\/shop\/jeanne-immink-die-frau-die-in-die-wolken-stieg\/","title":{"rendered":"Jeanne Immink &#8211; Die Frau, die in die Wolken stieg"},"content":{"rendered":"<p>Das ungew\u00f6hnliche Leben einer gro\u00dfen Bergsteigerin<\/p>\n<p>Noch bevor die Holl\u00e4nderin 1889 ihren ersten Gipfel erobern sollte, f\u00fchrte sie ein Leben jenseits aller gesellschaftlichen Konventionen. Ihre gewonnene<br \/>\nFreiheit gab sie nie mehr preis.<\/p>\n<p>Sie erstieg die steilsten Gipfel der Alpen, ihre Erstbegehungen und Gipfelbesteigungen in den Dolomiten machten sie zu<br \/>\neiner der besten und anerkanntesten Bergsteigerinnen ihrer Zeit.<\/p>\n<p>Als der Bergfotograf Theodor Wundt 1893 ein Bild von Jeanne Immink ver\u00f6ffentlichte \u2013 das erste \u00fcberhaupt, das eine Frau im Fels kletternd zeigte \u2013, war man schockiert: Eine Frau! In Hosen! Am Seil! Doch Immink lie\u00df die Aufregung kalt. Sie hatte l\u00e4ngst Routine, Konventionen zu brechen.<\/p>\n<p>Das tat sie bereits, als sie mit ihrem Ehemann nach S\u00fcdafrika auswanderte. Als sie sich dort in einen britischen Offizier verliebte, dem sie nach Nordindien folgte. Oder als sie schwanger von Indien zur\u00fcck nach Europa segelte, um sich in der Schweiz als Witwe auszugeben. Dort erlag sie dem Zauber der Bergwelt. Dass diese ausschlie\u00dflich M\u00e4nnern vorbehalten sein sollten, wollte Immink nicht gelten lassen.<\/p>\n<p>Den Ortler bestieg sie \u00fcber eine alternative Route. Egal, welcher Berg gerade im Zentrum der Diskussion stand \u2013 die Holl\u00e4nderin nahm ihn sich vor. Sie bestieg die Gro\u00dfe und die Kleine Zinne, die F\u00fcnffingerspitze, das Matterhorn. Die Cima Immink (Imminkspitze) und der Campanile Giovanna (ital. fu\u0308r Jeanne) in den Dolomiten wurden sogar nach ihr benannt. Immink blieb bis zuletzt stur. \u201eIch fordere die Herren Alpinisten auf, meinen Schritten zu folgen\u201c, sagte sie. Dem Ruf folgten nicht nur die Herren, sondern auch viele begeisterte Damen.<\/p>\n<p>Hardcover<br \/>\n272 Seiten; 66 farb. u. sw. Abb.; geb. m. SU; 225 mm x 150 mm<\/p>","protected":false},"excerpt":{"rendered":"<p>Das ungew\u00f6hnliche Leben einer gro\u00dfen Bergsteigerin Noch bevor die Holl\u00e4nderin 1889 ihren ersten Gipfel erobern sollte, f\u00fchrte sie ein Leben jenseits aller gesellschaftlichen Konventionen. Ihre gewonnene Freiheit gab sie nie mehr preis. Sie erstieg die steilsten Gipfel der Alpen, ihre Erstbegehungen und Gipfelbesteigungen in den Dolomiten machten sie zu einer der besten und anerkanntesten Bergsteigerinnen [&#8230;]\n","protected":false},"featured_media":160295,"template":"","meta":[],"product_brand":[],"product_cat":[21542],"product_tag":[],"class_list":{"0":"post-148566","1":"product","2":"type-product","3":"status-publish","4":"has-post-thumbnail","6":"product_cat-sachbuecher-dokumentationen","7":"pa_autor-mure","8":"pa_erscheinungsjahr-21830","9":"pa_region-oesterreich","10":"pa_sprache-de","12":"first","13":"instock","14":"taxable","15":"shipping-taxable","16":"purchasable","17":"product-type-simple"},"_links":{"self":[{"href":"https:\/\/pizbube.ch\/en\/wp-json\/wp\/v2\/product\/148566","targetHints":{"allow":["GET"]}}],"collection":[{"href":"https:\/\/pizbube.ch\/en\/wp-json\/wp\/v2\/product"}],"about":[{"href":"https:\/\/pizbube.ch\/en\/wp-json\/wp\/v2\/types\/product"}],"wp:featuredmedia":[{"embeddable":true,"href":"https:\/\/pizbube.ch\/en\/wp-json\/wp\/v2\/media\/160295"}],"wp:attachment":[{"href":"https:\/\/pizbube.ch\/en\/wp-json\/wp\/v2\/media?parent=148566"}],"wp:term":[{"taxonomy":"product_brand","embeddable":true,"href":"https:\/\/pizbube.ch\/en\/wp-json\/wp\/v2\/product_brand?post=148566"},{"taxonomy":"product_cat","embeddable":true,"href":"https:\/\/pizbube.ch\/en\/wp-json\/wp\/v2\/product_cat?post=148566"},{"taxonomy":"product_tag","embeddable":true,"href":"https:\/\/pizbube.ch\/en\/wp-json\/wp\/v2\/product_tag?post=148566"}],"curies":[{"name":"wp","href":"https:\/\/api.w.org\/{rel}","templated":true}]}}