{"id":148567,"date":"2021-01-15T10:57:35","date_gmt":"2021-01-15T10:57:35","guid":{"rendered":"https:\/\/codengine3.ch\/?product=import-placeholder-for-205440"},"modified":"2023-05-10T14:49:08","modified_gmt":"2023-05-10T12:49:08","slug":"augusto-gansser","status":"publish","type":"product","link":"https:\/\/pizbube.ch\/en\/shop\/augusto-gansser\/","title":{"rendered":"Augusto Gansser"},"content":{"rendered":"<p>Geologe und Forscher im Himalaya &#8211;<br \/>\nAls Geologe und Forscher auf den Spuren der Geschichte der Erde<\/p>\n<p>Gr\u00f6nland, 1934. Zu einer Zeit, als das Eis noch ewig war und von der sich<br \/>\nanbahnenden Klimaerw\u00e4rmung noch gar nicht die Rede war, nahm der kaum<br \/>\nzwanzigj\u00e4hrige Augusto an seiner ersten Expedition teil: der Erkundung der<br \/>\nArktis zusammen mit dem ber\u00fchmten d\u00e4nischen Geologen und Forscher Lauge Koch.<\/p>\n<p>Zwei Jahre sp\u00e4ter begleitete Gansser Arnold Heim, seinen Professor, auf eine<br \/>\nbedeutende geologische Expedition in den noch kaum bekannten Himalaya. Durch<br \/>\nT\u00e4ler, \u00fcber Gipfel und Gletscher drangen sie in die entferntesten Winkel im<br \/>\nNorden des Bundesstaates Uttaranchal ein, bis in die N\u00e4he des heiligen Berges<br \/>\nKailash in Tibet, zu dem ausl\u00e4ndische Forscher damals keinen Zutritt hatten.<\/p>\n<p>Er war der erste Geologe, derdas Gebiet um den Mount Kailash erforschte. Als<br \/>\nPilger im Dienste der Forschung und absonderlicher Hirte \u00fcberquerte er die<br \/>\nGrenze mit einer Sammlung von heiligen Steinen und geologischen Fundst\u00fccken<br \/>\nmit einem unsch\u00e4tzbaren wissenschaftlichen Wert. Als Geologe und Forscher<br \/>\nlebte er acht Jahre in Kolumbien, drei Jahre in Trinidad und sieben Jahre im<br \/>\nIran. Nach der Professur f\u00fcr Geologie 1958 setzte er seine Forschungen in<br \/>\nLadakh, Nepal und vor allem in Bhutan fort. 1980 und 1985 wurde Gansser von<br \/>\nDeng Xiao Ping f\u00fcr eine geologische Traverse durch Tibet eingeladen.<\/p>\n<p>Ursula Markus hat ihren Vater Augusto Gansser auf vielen Reisen begleitet. Als<br \/>\nHerausgeberin recherchiert sie das immense Bildmaterial f\u00fcr das Buch, und die<br \/>\nbekannte Journalisten Ursula Eichenberger schildert das bewegte Leben von<br \/>\nGansser.<\/p>","protected":false},"excerpt":{"rendered":"<p>Geologe und Forscher im Himalaya &#8211; Als Geologe und Forscher auf den Spuren der Geschichte der Erde Gr\u00f6nland, 1934. Zu einer Zeit, als das Eis noch ewig war und von der sich anbahnenden Klimaerw\u00e4rmung noch gar nicht die Rede war, nahm der kaum zwanzigj\u00e4hrige Augusto an seiner ersten Expedition teil: der Erkundung der Arktis zusammen [&#8230;]\n","protected":false},"featured_media":161663,"template":"","meta":[],"product_brand":[],"product_cat":[21542],"product_tag":[],"class_list":{"0":"post-148567","1":"product","2":"type-product","3":"status-publish","4":"has-post-thumbnail","6":"product_cat-sachbuecher-dokumentationen","7":"pa_autor-eichenberger","8":"pa_erscheinungsjahr-21591","9":"pa_region-schweiz","10":"pa_sprache-de","12":"first","13":"instock","14":"taxable","15":"shipping-taxable","16":"purchasable","17":"product-type-simple"},"_links":{"self":[{"href":"https:\/\/pizbube.ch\/en\/wp-json\/wp\/v2\/product\/148567","targetHints":{"allow":["GET"]}}],"collection":[{"href":"https:\/\/pizbube.ch\/en\/wp-json\/wp\/v2\/product"}],"about":[{"href":"https:\/\/pizbube.ch\/en\/wp-json\/wp\/v2\/types\/product"}],"wp:featuredmedia":[{"embeddable":true,"href":"https:\/\/pizbube.ch\/en\/wp-json\/wp\/v2\/media\/161663"}],"wp:attachment":[{"href":"https:\/\/pizbube.ch\/en\/wp-json\/wp\/v2\/media?parent=148567"}],"wp:term":[{"taxonomy":"product_brand","embeddable":true,"href":"https:\/\/pizbube.ch\/en\/wp-json\/wp\/v2\/product_brand?post=148567"},{"taxonomy":"product_cat","embeddable":true,"href":"https:\/\/pizbube.ch\/en\/wp-json\/wp\/v2\/product_cat?post=148567"},{"taxonomy":"product_tag","embeddable":true,"href":"https:\/\/pizbube.ch\/en\/wp-json\/wp\/v2\/product_tag?post=148567"}],"curies":[{"name":"wp","href":"https:\/\/api.w.org\/{rel}","templated":true}]}}