{"id":148580,"date":"2021-01-15T10:57:36","date_gmt":"2021-01-15T10:57:36","guid":{"rendered":"https:\/\/codengine3.ch\/?product=import-placeholder-for-200452"},"modified":"2021-01-15T10:57:42","modified_gmt":"2021-01-15T10:57:42","slug":"couleurs-mont-blanc-colours-of-mont-blanc","status":"publish","type":"product","link":"https:\/\/pizbube.ch\/en\/shop\/couleurs-mont-blanc-colours-of-mont-blanc\/","title":{"rendered":"Couleurs Mont-Blanc \/ Colours of Mont-Blanc"},"content":{"rendered":"<p>Un coucher de soleil sur les Drus, une descente \u00e0 skis de la Vall\u00e9e Blanche,<br \/>\nun bivouac sous une pluie d\u2019\u00e9toiles\u2026 Avec un livre et vingt photos tir\u00e9es \u00e0<br \/>\npart, ce coffret offre un tr\u00e8s beau souvenir en couleurs du Mont-Blanc.<\/p>\n<p>En altitude, les couleurs jouent un r\u00f4le fondamental, particuli\u00e8rement dans le<br \/>\nmassif du Mont-Blanc. Amplifiant les formes, redonnant aux faces de la<br \/>\nvigueur, accentuant les couloirs, soulignant les ar\u00eates, peignant les<br \/>\nglaciers, elles sont plus qu\u2019un artifice. Sensible \u00e0 ces nuances, Mario<br \/>\nColonel, qui photographie ces montagnes depuis plus de trente ans, nous invite<br \/>\n\u00e0 un voyage vertical, o\u00f9 montagne et photographie se m\u00ealent avec bonheur\u2026<\/p>\n<p>Ouvrage bilingue fran\u00e7ais-anglais<\/p>\n<p>Mario Colonel is probably one of the best mountain photographers working in<br \/>\nthe Alps today. To mark his 25 years as a photographer, he&#8217;s published this<br \/>\nstunning book containing some truly amazing images from Mont Blanc and its<br \/>\nimmediate surrounding peaks above the Chamonix valley; the images often bring<br \/>\nnew and previously unseen views of this high-altitude range of mountains. The<br \/>\nbook is published on top quality photographic paper and is a must for anyone<br \/>\nwith a love of the Mont Blanc massif.<\/p>","protected":false},"excerpt":{"rendered":"<p>Un coucher de soleil sur les Drus, une descente \u00e0 skis de la Vall\u00e9e Blanche, un bivouac sous une pluie d\u2019\u00e9toiles\u2026 Avec un livre et vingt photos tir\u00e9es \u00e0 part, ce coffret offre un tr\u00e8s beau souvenir en couleurs du Mont-Blanc. En altitude, les couleurs jouent un r\u00f4le fondamental, particuli\u00e8rement dans le massif du Mont-Blanc. [&#8230;]\n","protected":false},"featured_media":26933,"template":"","meta":[],"product_brand":[],"product_cat":[21542],"product_tag":[],"class_list":{"0":"post-148580","1":"product","2":"type-product","3":"status-publish","4":"has-post-thumbnail","6":"product_cat-sachbuecher-dokumentationen","7":"pa_autor-colonel","8":"pa_erscheinungsjahr-21550","9":"pa_region-frankreich","10":"pa_sprache-fr","12":"first","13":"instock","14":"taxable","15":"shipping-taxable","16":"purchasable","17":"product-type-simple"},"_links":{"self":[{"href":"https:\/\/pizbube.ch\/en\/wp-json\/wp\/v2\/product\/148580","targetHints":{"allow":["GET"]}}],"collection":[{"href":"https:\/\/pizbube.ch\/en\/wp-json\/wp\/v2\/product"}],"about":[{"href":"https:\/\/pizbube.ch\/en\/wp-json\/wp\/v2\/types\/product"}],"wp:featuredmedia":[{"embeddable":true,"href":"https:\/\/pizbube.ch\/en\/wp-json\/wp\/v2\/media\/26933"}],"wp:attachment":[{"href":"https:\/\/pizbube.ch\/en\/wp-json\/wp\/v2\/media?parent=148580"}],"wp:term":[{"taxonomy":"product_brand","embeddable":true,"href":"https:\/\/pizbube.ch\/en\/wp-json\/wp\/v2\/product_brand?post=148580"},{"taxonomy":"product_cat","embeddable":true,"href":"https:\/\/pizbube.ch\/en\/wp-json\/wp\/v2\/product_cat?post=148580"},{"taxonomy":"product_tag","embeddable":true,"href":"https:\/\/pizbube.ch\/en\/wp-json\/wp\/v2\/product_tag?post=148580"}],"curies":[{"name":"wp","href":"https:\/\/api.w.org\/{rel}","templated":true}]}}