{"id":148581,"date":"2021-01-15T10:57:36","date_gmt":"2021-01-15T10:57:36","guid":{"rendered":"https:\/\/codengine3.ch\/?product=import-placeholder-for-204814"},"modified":"2021-01-15T14:36:28","modified_gmt":"2021-01-15T14:36:28","slug":"abenteuer-montblanc","status":"publish","type":"product","link":"https:\/\/pizbube.ch\/en\/shop\/abenteuer-montblanc\/","title":{"rendered":"Abenteuer Montblanc"},"content":{"rendered":"<p>Mit seinen nahezu 5000 Metern H\u00f6he, seinen Gletschern und roten Granitw\u00e4nden<br \/>\nist der Mont Blanc eines der spektakul\u00e4rsten Naturdenkm\u00e4ler des europ\u00e4ischen<br \/>\nKontinents. Im Zeitalter der Aufkl\u00e4rung wurden die ersten Versuche<br \/>\nunternommen, die 4810 Meter hohe Bergspitze zu erklimmen. Diese Versuche<br \/>\nfanden ihre Fortsetzung in der Bezwingung des Berges durch Jacques Balmat und<br \/>\nMichel-Gabriel Paccard im Jahre 1786. Im Jahre 1930 lieferten sich so<br \/>\nlegend\u00e4re Gestalten wie Riccardo Cassin und Pierre Allain einen Wettstreit um<br \/>\ndie Bezwingung der &#8218;letzten gro\u00dfen Steilw\u00e4nde&#8216;. In der Zeit nach dem Zweiten<br \/>\nWeltkrieg standen Walter Bonatti und Ren\u00e9 Desmaison als au\u00dfergew\u00f6hnliche<br \/>\nBergsteiger im Rampenlicht.  <\/p>\n<p>Heute stehen die gro\u00dfen Heldentaten von Champions wie Christophe Profit,<br \/>\nMichel Piola und Patrick Gabarrou neben weniger bekannten Abenteuern von<br \/>\nTausenden von Bergsteigern aus aller Herren L\u00e4ndern. Geschichten und Bilder<br \/>\nvon den gr\u00f6\u00dften Alpinisten aller Zeiten sind sowohl f\u00fcr routinierte Lese-<br \/>\nBergsteiger als auch f\u00fcr jene, die sich dem Zauber der H\u00f6hen zum ersten Mal<br \/>\nn\u00e4hern, eine faszinierende, spannende Lekt\u00fcre. Eine Beschreibung der sieben<br \/>\nT\u00e4ler, \u00fcber denen der Bergriese thront, sowie eine illustrierte Chronik \u00fcber<br \/>\ndie in \u00fcber zwei Jahrhunderten unternommenen Versuche, den Mont Blanc zu<br \/>\nbezwingen, runden das Buch ab.<br \/>\n&#8211; 386 Abbildungen, darunter Farb- und Schwarzwei\u00df-Fotografien, Zeichnungen,<br \/>\nGem\u00e4lde und Werbeposter<br \/>\n&#8211; \u00dcber 130 Seiten den Besteigungen des Mont Blanc gewidmet: Aufstiege, die<br \/>\nBergsteigergeschicht geschrieben haben<br \/>\n&#8211; Mit Fotos und Aufstiegsrouten illustrierte Chronik der Besteigungen<br \/>\n&#8211; Um 16 Seiten erweiterte, vollst\u00e4ndig aktualisierte Ausgabe.  <\/p>","protected":false},"excerpt":{"rendered":"<p>Mit seinen nahezu 5000 Metern H\u00f6he, seinen Gletschern und roten Granitw\u00e4nden ist der Mont Blanc eines der spektakul\u00e4rsten Naturdenkm\u00e4ler des europ\u00e4ischen Kontinents. Im Zeitalter der Aufkl\u00e4rung wurden die ersten Versuche unternommen, die 4810 Meter hohe Bergspitze zu erklimmen. Diese Versuche fanden ihre Fortsetzung in der Bezwingung des Berges durch Jacques Balmat und Michel-Gabriel Paccard im [&#8230;]\n","protected":false},"featured_media":33333,"template":"","meta":[],"product_brand":[],"product_cat":[21542],"product_tag":[],"class_list":{"0":"post-148581","1":"product","2":"type-product","3":"status-publish","4":"has-post-thumbnail","6":"product_cat-sachbuecher-dokumentationen","7":"pa_autor-ardito","8":"pa_erscheinungsjahr-21621","9":"pa_region-frankreich","10":"pa_sprache-de","12":"first","13":"outofstock","14":"taxable","15":"shipping-taxable","16":"purchasable","17":"product-type-simple"},"_links":{"self":[{"href":"https:\/\/pizbube.ch\/en\/wp-json\/wp\/v2\/product\/148581","targetHints":{"allow":["GET"]}}],"collection":[{"href":"https:\/\/pizbube.ch\/en\/wp-json\/wp\/v2\/product"}],"about":[{"href":"https:\/\/pizbube.ch\/en\/wp-json\/wp\/v2\/types\/product"}],"wp:featuredmedia":[{"embeddable":true,"href":"https:\/\/pizbube.ch\/en\/wp-json\/wp\/v2\/media\/33333"}],"wp:attachment":[{"href":"https:\/\/pizbube.ch\/en\/wp-json\/wp\/v2\/media?parent=148581"}],"wp:term":[{"taxonomy":"product_brand","embeddable":true,"href":"https:\/\/pizbube.ch\/en\/wp-json\/wp\/v2\/product_brand?post=148581"},{"taxonomy":"product_cat","embeddable":true,"href":"https:\/\/pizbube.ch\/en\/wp-json\/wp\/v2\/product_cat?post=148581"},{"taxonomy":"product_tag","embeddable":true,"href":"https:\/\/pizbube.ch\/en\/wp-json\/wp\/v2\/product_tag?post=148581"}],"curies":[{"name":"wp","href":"https:\/\/api.w.org\/{rel}","templated":true}]}}