{"id":148585,"date":"2021-01-15T10:57:36","date_gmt":"2021-01-15T10:57:36","guid":{"rendered":"https:\/\/codengine3.ch\/?product=import-placeholder-for-205071"},"modified":"2021-01-15T14:38:27","modified_gmt":"2021-01-15T14:38:27","slug":"etoile-et-tempete-dvd","status":"publish","type":"product","link":"https:\/\/pizbube.ch\/en\/shop\/etoile-et-tempete-dvd\/","title":{"rendered":"Etoile et temp\u00eate DVD"},"content":{"rendered":"<p>Escalades acrobatiques et grandes faces nord.  <\/p>\n<p>&#8218;La haute montagne nous procure bien des plaisirs: joies de l&#8217;escalade, beaut\u00e9<br \/>\ndu paysage, mais le meilleur de tous est celui de l&#8217;amiti\u00e9 de la cord\u00e9e.<br \/>\nCe film, avant d&#8217;\u00eatre un film sur des escalades acrobatiques, sur des grandes<br \/>\nfaces nord, est avant tout un festival de l&#8217;amiti\u00e9. Un des plus beaux c\u00f4t\u00e9s de<br \/>\nce sport est de r\u00e9unir les \u00eatres les plus divers.<br \/>\nN\u00e9 au bord de la mer, je suis devenu guide de Chamonix. L&#8217;op\u00e9rateur Georges<br \/>\nTairraz avec qui j&#8217;ai pr\u00e9par\u00e9 ce film est le petit fils du premier homme \u00e0<br \/>\navoir photographi\u00e9 le Mont-Blanc.<br \/>\nMaurice Baquet est devenu mon compagnon de cord\u00e9e pendant les prises de vues:<br \/>\napportant gags l\u00e0 o\u00f9 la technique risquait de devenir pesante.&#8216; (Gaston<br \/>\nR\u00e9buffat)  <\/p>\n<p>Pour le cinquantenaire du Festival International de TRENTO, Etoile et Temp\u00eate<br \/>\na \u00e9t\u00e9 choisi parmi les 50 films prim\u00e9s et a obtenu le Grand Prix des Grands<br \/>\nPrix.<br \/>\nBonus :<br \/>\nBiographie de Gaston R\u00e9buffat.<br \/>\nLes photos des plus beaux sommets par Gaston R\u00e9buffat.  <\/p>\n<p>DVD 90 minutes, version fran\u00e7aise  <\/p>","protected":false},"excerpt":{"rendered":"<p>Escalades acrobatiques et grandes faces nord. &#8218;La haute montagne nous procure bien des plaisirs: joies de l&#8217;escalade, beaut\u00e9 du paysage, mais le meilleur de tous est celui de l&#8217;amiti\u00e9 de la cord\u00e9e. Ce film, avant d&#8217;\u00eatre un film sur des escalades acrobatiques, sur des grandes faces nord, est avant tout un festival de l&#8217;amiti\u00e9. Un [&#8230;]\n","protected":false},"featured_media":33667,"template":"","meta":[],"product_brand":[],"product_cat":[21628],"product_tag":[],"class_list":{"0":"post-148585","1":"product","2":"type-product","3":"status-publish","4":"has-post-thumbnail","6":"product_cat-video-dvd-multimedia","7":"pa_autor-rebuffat","8":"pa_erscheinungsjahr-2007-1955","9":"pa_region-frankreich","10":"pa_sprache-fr","12":"first","13":"instock","14":"taxable","15":"shipping-taxable","16":"purchasable","17":"product-type-simple"},"_links":{"self":[{"href":"https:\/\/pizbube.ch\/en\/wp-json\/wp\/v2\/product\/148585","targetHints":{"allow":["GET"]}}],"collection":[{"href":"https:\/\/pizbube.ch\/en\/wp-json\/wp\/v2\/product"}],"about":[{"href":"https:\/\/pizbube.ch\/en\/wp-json\/wp\/v2\/types\/product"}],"wp:featuredmedia":[{"embeddable":true,"href":"https:\/\/pizbube.ch\/en\/wp-json\/wp\/v2\/media\/33667"}],"wp:attachment":[{"href":"https:\/\/pizbube.ch\/en\/wp-json\/wp\/v2\/media?parent=148585"}],"wp:term":[{"taxonomy":"product_brand","embeddable":true,"href":"https:\/\/pizbube.ch\/en\/wp-json\/wp\/v2\/product_brand?post=148585"},{"taxonomy":"product_cat","embeddable":true,"href":"https:\/\/pizbube.ch\/en\/wp-json\/wp\/v2\/product_cat?post=148585"},{"taxonomy":"product_tag","embeddable":true,"href":"https:\/\/pizbube.ch\/en\/wp-json\/wp\/v2\/product_tag?post=148585"}],"curies":[{"name":"wp","href":"https:\/\/api.w.org\/{rel}","templated":true}]}}