{"id":148586,"date":"2021-01-15T10:57:42","date_gmt":"2021-01-15T10:57:42","guid":{"rendered":"https:\/\/codengine3.ch\/?product=import-placeholder-for-200453"},"modified":"2025-10-07T11:04:17","modified_gmt":"2025-10-07T09:04:17","slug":"peloponnes-die-schoensten-kuesten-und-bergwanderungen","status":"publish","type":"product","link":"https:\/\/pizbube.ch\/en\/shop\/peloponnes-die-schoensten-kuesten-und-bergwanderungen\/","title":{"rendered":"Peloponnes &#8211; Die sch\u00f6nsten K\u00fcsten- und Bergwanderungen"},"content":{"rendered":"<p><span class=\"value\">45 Touren an herrlichen Sandstr\u00e4nden, bizarren Felsk\u00fcsten und in unber\u00fchrter Bergwelt<\/span><\/p>\n<p><span class=\"value\">Die Peloponnes vereint alles, was Griechenland so einzigartig macht: unber\u00fchrte Gebirgslandschaften, fruchtbare Hocht\u00e4ler, zerkl\u00fcftete K\u00fcsten mit versteckten Badebuchten und eine F\u00fclle antiker St\u00e4tten. Diese vielf\u00e4ltige Region im S\u00fcden Griechenlands l\u00e4dt dazu ein, sie zu Fu\u00df zu entdecken \u2013 der Rother Wanderf\u00fchrer Peloponnes ist der perfekte Begleiter daf\u00fcr.<\/span><\/p>\n<p>Mit 45 sorgf\u00e4ltig ausgew\u00e4hlten Touren auf der Halbinsel Peloponnes bietet das Buch ein breites Spektrum an Wanderungen: von entspannten Spazierg\u00e4ngen entlang goldener Sandstr\u00e4nde \u00fcber aussichtsreiche K\u00fcstenpfade bis hin zu anspruchsvollen Gipfelbesteigungen. Die Wanderungen f\u00fchren durch tiefe Schluchten, zu abgeschiedenen Kl\u00f6stern und auf die h\u00f6chsten Berge der griechischen Halbinsel. Viele Wege verbinden Natur- und Kulturerlebnis und f\u00fchren zu antiken St\u00e4tten wie Mykene, Epidauros oder den byzantinischen Ruinen von Mystras.<\/p>\n<p>Jede Wanderung im Rother Wanderf\u00fchrer Peloponnes ist mit zuverl\u00e4ssigen Wegbeschreibungen, detaillierten Wanderk\u00e4rtchen mit Routenverlauf und aussagekr\u00e4ftigen H\u00f6henprofilen ausgestattet. Gepr\u00fcfte GPS-Tracks, die zum Download bereitstehen, erm\u00f6glichen eine sichere Navigation. Erg\u00e4nzend bietet der Wanderf\u00fchrer wertvolle Informationen zu Anfahrt, Sehensw\u00fcrdigkeiten, Einkehrm\u00f6glichkeiten und Badepl\u00e4tzen, sodass jede Tour individuell geplant und genossen werden kann.<\/p>\n<p>5., aktualisierte Auflage 2025;<br \/>\n176 Seiten, 45 H\u00f6henprofile, 46 Wanderk\u00e4rtchen im Ma\u00dfstab 1:50.000 und 1:75.000, \u00dcbersichtskarten, GPS-Tracks zum Download<\/p>","protected":false},"excerpt":{"rendered":"<p>45 Touren an herrlichen Sandstr\u00e4nden, bizarren Felsk\u00fcsten und in unber\u00fchrter Bergwelt Die Peloponnes vereint alles, was Griechenland so einzigartig macht: unber\u00fchrte Gebirgslandschaften, fruchtbare Hocht\u00e4ler, zerkl\u00fcftete K\u00fcsten mit versteckten Badebuchten und eine F\u00fclle antiker St\u00e4tten. Diese vielf\u00e4ltige Region im S\u00fcden Griechenlands l\u00e4dt dazu ein, sie zu Fu\u00df zu entdecken \u2013 der Rother Wanderf\u00fchrer Peloponnes ist der [&#8230;]\n","protected":false},"featured_media":181628,"template":"","meta":[],"product_brand":[],"product_cat":[21605],"product_tag":[],"class_list":{"0":"post-148586","1":"product","2":"type-product","3":"status-publish","4":"has-post-thumbnail","6":"product_cat-wanderfuehrer-trekking","7":"pa_autor-engel","8":"pa_erscheinungsjahr-27415","9":"pa_region-griechenland","10":"pa_sprache-de","12":"first","13":"instock","14":"taxable","15":"shipping-taxable","16":"purchasable","17":"product-type-simple"},"_links":{"self":[{"href":"https:\/\/pizbube.ch\/en\/wp-json\/wp\/v2\/product\/148586","targetHints":{"allow":["GET"]}}],"collection":[{"href":"https:\/\/pizbube.ch\/en\/wp-json\/wp\/v2\/product"}],"about":[{"href":"https:\/\/pizbube.ch\/en\/wp-json\/wp\/v2\/types\/product"}],"wp:featuredmedia":[{"embeddable":true,"href":"https:\/\/pizbube.ch\/en\/wp-json\/wp\/v2\/media\/181628"}],"wp:attachment":[{"href":"https:\/\/pizbube.ch\/en\/wp-json\/wp\/v2\/media?parent=148586"}],"wp:term":[{"taxonomy":"product_brand","embeddable":true,"href":"https:\/\/pizbube.ch\/en\/wp-json\/wp\/v2\/product_brand?post=148586"},{"taxonomy":"product_cat","embeddable":true,"href":"https:\/\/pizbube.ch\/en\/wp-json\/wp\/v2\/product_cat?post=148586"},{"taxonomy":"product_tag","embeddable":true,"href":"https:\/\/pizbube.ch\/en\/wp-json\/wp\/v2\/product_tag?post=148586"}],"curies":[{"name":"wp","href":"https:\/\/api.w.org\/{rel}","templated":true}]}}