{"id":148589,"date":"2021-01-15T10:57:42","date_gmt":"2021-01-15T10:57:42","guid":{"rendered":"https:\/\/codengine3.ch\/?product=import-placeholder-for-201118"},"modified":"2022-04-08T14:47:28","modified_gmt":"2022-04-08T12:47:28","slug":"dans-les-montagnes-de-grece","status":"publish","type":"product","link":"https:\/\/pizbube.ch\/en\/shop\/dans-les-montagnes-de-grece\/","title":{"rendered":"Dans les montagnes de Gr\u00e8ce"},"content":{"rendered":"<p>Randonn\u00e9es &amp; Trekking (incl. Iles). Loin des grands itin\u00e9raires touristiques,<br \/>\niil existe une autre mani\u00e8re de voyager et d\u00b4aller \u00e0 la rencontre d\u00b4un pays:<br \/>\nla marche permet de d\u00e9couvrir une Gr\u00e8ce riche en traditions populaires, dans<br \/>\nune nature encore sauvage.<\/p>\n<p>L\u00b4auteur pr\u00e9sente un choix d\u00b4itin\u00e9raires vari\u00e9s et<br \/>\naccessibles \u00e0 tous, sur un ou plusieurs jours. Il les d\u00e9crit techniquement,<br \/>\ntout en donnant d\u00b4int\u00e9ressantes informations sur la faune, la flore et<br \/>\nl\u00b4\u00e9quilibre biologique souvent menac\u00e9, ainsi que sur la mythologie,<br \/>\nl\u00b4histoire, les l\u00e9gendes et les coutumes d\u00b4un pays qui fut le berceau de notre<br \/>\ncivilisation. Toute randonn\u00e9e est ainsi int\u00e9gr\u00e9e dans un paysage que le<br \/>\nmarcheur apprend \u00e0 regarder diff\u00e9remment.<\/p>","protected":false},"excerpt":{"rendered":"<p>Randonn\u00e9es &amp; Trekking (incl. Iles). Loin des grands itin\u00e9raires touristiques, iil existe une autre mani\u00e8re de voyager et d\u00b4aller \u00e0 la rencontre d\u00b4un pays: la marche permet de d\u00e9couvrir une Gr\u00e8ce riche en traditions populaires, dans une nature encore sauvage. L\u00b4auteur pr\u00e9sente un choix d\u00b4itin\u00e9raires vari\u00e9s et accessibles \u00e0 tous, sur un ou plusieurs jours. [&#8230;]\n","protected":false},"featured_media":28281,"template":"","meta":[],"product_brand":[],"product_cat":[21605],"product_tag":[],"class_list":{"0":"post-148589","1":"product","2":"type-product","3":"status-publish","4":"has-post-thumbnail","6":"product_cat-wanderfuehrer-trekking","7":"pa_autor-tsipiras","8":"pa_erscheinungsjahr-22151","9":"pa_region-griechenland","10":"pa_sprache-fr","12":"first","13":"onbackorder","14":"taxable","15":"shipping-taxable","16":"purchasable","17":"product-type-simple"},"_links":{"self":[{"href":"https:\/\/pizbube.ch\/en\/wp-json\/wp\/v2\/product\/148589","targetHints":{"allow":["GET"]}}],"collection":[{"href":"https:\/\/pizbube.ch\/en\/wp-json\/wp\/v2\/product"}],"about":[{"href":"https:\/\/pizbube.ch\/en\/wp-json\/wp\/v2\/types\/product"}],"wp:featuredmedia":[{"embeddable":true,"href":"https:\/\/pizbube.ch\/en\/wp-json\/wp\/v2\/media\/28281"}],"wp:attachment":[{"href":"https:\/\/pizbube.ch\/en\/wp-json\/wp\/v2\/media?parent=148589"}],"wp:term":[{"taxonomy":"product_brand","embeddable":true,"href":"https:\/\/pizbube.ch\/en\/wp-json\/wp\/v2\/product_brand?post=148589"},{"taxonomy":"product_cat","embeddable":true,"href":"https:\/\/pizbube.ch\/en\/wp-json\/wp\/v2\/product_cat?post=148589"},{"taxonomy":"product_tag","embeddable":true,"href":"https:\/\/pizbube.ch\/en\/wp-json\/wp\/v2\/product_tag?post=148589"}],"curies":[{"name":"wp","href":"https:\/\/api.w.org\/{rel}","templated":true}]}}