{"id":148592,"date":"2021-01-15T10:57:43","date_gmt":"2021-01-15T10:57:43","guid":{"rendered":"https:\/\/codengine3.ch\/?product=import-placeholder-for-207528"},"modified":"2021-01-15T16:04:17","modified_gmt":"2021-01-15T16:04:17","slug":"santorin-sifnos-westliche-suedliche-kykladen","status":"publish","type":"product","link":"https:\/\/pizbube.ch\/en\/shop\/santorin-sifnos-westliche-suedliche-kykladen\/","title":{"rendered":"Santorin, Sifnos &#8211; Westliche &#038; s\u00fcdliche Kykladen"},"content":{"rendered":"<p>51 Wanderwege auf 12 Inseln<\/p>\n<p>Die Inseln und Anzahl der Touren : Anafi (3) Folegandros (3) Ios (3) Kea (4)<br \/>\nKimolos (3) Kithnos (3) Milos (3) Santorini (8) &#038; Thirassia (1) Serifos (4)<br \/>\nSifnos (12) Sikinos (3) Das Buch beschreibt 51 Wanderungen auf 12 Inseln der<br \/>\nKykladen, ideal f\u00fcr &#171;Inselspringer&#187;, die sich mit dem Schiff durch die<br \/>\nInselwelt treiben lassen und dabei auch durch diese alten Kulturlandschaften<br \/>\nwandern wollen. F\u00fcr diese Inseln gibt es keine eigenen Wanderf\u00fchrer auf dem<br \/>\ndeutschen Markt. Die Strecken sind so ausgesucht, dass sowohl kulturell<br \/>\nwichtige Pl\u00e4tze, als auch einsame Badebuchten erreicht werden. Sie folgen<br \/>\nmeist Eselspfaden und den alten, mit Marmor belegten Handels- und Pilgerwegen.<\/p>\n<p>Jede Wanderung ist mit exaktem, leicht verst\u00e4ndlichem Text und ausf\u00fchrlicher<br \/>\nStreckenkarte ausgestattet. Vier bis sechs Strecken-fotos von markanten<br \/>\nPl\u00e4tzen dienen der Orientierung unterwegs, exakte Zwischenzeiten und GPS-<br \/>\nWaypoints der eigenen Kontrolle. Kulturelle Erl\u00e4uterungen runden das Bild ab.<br \/>\nAbk\u00fcrzungen l\u00e4ngerer Strecken, sowie Varianten sind angegeben. Von den<br \/>\nBeschreibungen anderer Reisef\u00fchrer unterscheidet sich der F\u00fchrer haupts\u00e4chlich<br \/>\ndurch die sehr ausf\u00fchrlichen Tourenbeschreib-ungen mit exakten Wanderkarten.<\/p>","protected":false},"excerpt":{"rendered":"<p>51 Wanderwege auf 12 Inseln Die Inseln und Anzahl der Touren : Anafi (3) Folegandros (3) Ios (3) Kea (4) Kimolos (3) Kithnos (3) Milos (3) Santorini (8) &#038; Thirassia (1) Serifos (4) Sifnos (12) Sikinos (3) Das Buch beschreibt 51 Wanderungen auf 12 Inseln der Kykladen, ideal f\u00fcr &#171;Inselspringer&#187;, die sich mit dem Schiff [&#8230;]\n","protected":false},"featured_media":37724,"template":"","meta":[],"product_brand":[],"product_cat":[21605],"product_tag":[],"class_list":{"0":"post-148592","1":"product","2":"type-product","3":"status-publish","4":"has-post-thumbnail","6":"product_cat-wanderfuehrer-trekking","7":"pa_autor-graf","8":"pa_erscheinungsjahr-21763","9":"pa_region-griechenland","10":"pa_sprache-de","12":"first","13":"instock","14":"taxable","15":"shipping-taxable","16":"purchasable","17":"product-type-simple"},"_links":{"self":[{"href":"https:\/\/pizbube.ch\/en\/wp-json\/wp\/v2\/product\/148592","targetHints":{"allow":["GET"]}}],"collection":[{"href":"https:\/\/pizbube.ch\/en\/wp-json\/wp\/v2\/product"}],"about":[{"href":"https:\/\/pizbube.ch\/en\/wp-json\/wp\/v2\/types\/product"}],"wp:featuredmedia":[{"embeddable":true,"href":"https:\/\/pizbube.ch\/en\/wp-json\/wp\/v2\/media\/37724"}],"wp:attachment":[{"href":"https:\/\/pizbube.ch\/en\/wp-json\/wp\/v2\/media?parent=148592"}],"wp:term":[{"taxonomy":"product_brand","embeddable":true,"href":"https:\/\/pizbube.ch\/en\/wp-json\/wp\/v2\/product_brand?post=148592"},{"taxonomy":"product_cat","embeddable":true,"href":"https:\/\/pizbube.ch\/en\/wp-json\/wp\/v2\/product_cat?post=148592"},{"taxonomy":"product_tag","embeddable":true,"href":"https:\/\/pizbube.ch\/en\/wp-json\/wp\/v2\/product_tag?post=148592"}],"curies":[{"name":"wp","href":"https:\/\/api.w.org\/{rel}","templated":true}]}}