{"id":148593,"date":"2021-01-15T10:57:43","date_gmt":"2021-01-15T10:57:43","guid":{"rendered":"https:\/\/codengine3.ch\/?product=import-placeholder-for-207828"},"modified":"2025-07-10T16:30:41","modified_gmt":"2025-07-10T14:30:41","slug":"aufschwung-ost","status":"publish","type":"product","link":"https:\/\/pizbube.ch\/en\/shop\/aufschwung-ost\/","title":{"rendered":"Aufschwung Ost"},"content":{"rendered":"<p>Der lang erwartete Boulderf\u00fchrer f\u00fcr die Region Mitteldeutschland \/ Halle-<br \/>\nLeipzig!<br \/>\nBoulder- und DWS-F\u00fchrer f\u00fcr Mitteldeutschland.<\/p>\n<p>Er enth\u00e4lt \u00fcber das Kerngebiet hinaus alle Bouldereien und Builderingziele von<br \/>\nMagdeburg, von Nebra, der Leipziger Kletterschule, die Hohburger Berge und das<br \/>\nMuldental. Dar\u00fcber hinaus zahlreiche Bonusspots.<\/p>\n<p>Aufgrund seiner gezeichneten fotorealistischen Topos, den hervorragenden,<br \/>\nextra f\u00fcr das Buch angefertigten Kletterfotografien, des modernen Layouts und<br \/>\nder unglaublich detaillierten Hintergrundinformationen wird das Buch neue<br \/>\nMa\u00dfst\u00e4be im Bereich Boulderf\u00fchrer setzen.<\/p>\n<p>Umfang: fette 432 Seiten<\/p>","protected":false},"excerpt":{"rendered":"<p>Der lang erwartete Boulderf\u00fchrer f\u00fcr die Region Mitteldeutschland \/ Halle- Leipzig! Boulder- und DWS-F\u00fchrer f\u00fcr Mitteldeutschland. Er enth\u00e4lt \u00fcber das Kerngebiet hinaus alle Bouldereien und Builderingziele von Magdeburg, von Nebra, der Leipziger Kletterschule, die Hohburger Berge und das Muldental. Dar\u00fcber hinaus zahlreiche Bonusspots. Aufgrund seiner gezeichneten fotorealistischen Topos, den hervorragenden, extra f\u00fcr das Buch angefertigten [&#8230;]\n","protected":false},"featured_media":180436,"template":"","meta":[],"product_brand":[],"product_cat":[21539],"product_tag":[],"class_list":{"0":"post-148593","1":"product","2":"type-product","3":"status-publish","4":"has-post-thumbnail","6":"product_cat-fuehrerliteratur-sportklettern-bouldern","7":"pa_autor-kluge-gerono","8":"pa_erscheinungsjahr-21568","9":"pa_region-deutschland","10":"pa_sprache-de","12":"first","13":"onbackorder","14":"taxable","15":"shipping-taxable","16":"purchasable","17":"product-type-simple"},"_links":{"self":[{"href":"https:\/\/pizbube.ch\/en\/wp-json\/wp\/v2\/product\/148593","targetHints":{"allow":["GET"]}}],"collection":[{"href":"https:\/\/pizbube.ch\/en\/wp-json\/wp\/v2\/product"}],"about":[{"href":"https:\/\/pizbube.ch\/en\/wp-json\/wp\/v2\/types\/product"}],"wp:featuredmedia":[{"embeddable":true,"href":"https:\/\/pizbube.ch\/en\/wp-json\/wp\/v2\/media\/180436"}],"wp:attachment":[{"href":"https:\/\/pizbube.ch\/en\/wp-json\/wp\/v2\/media?parent=148593"}],"wp:term":[{"taxonomy":"product_brand","embeddable":true,"href":"https:\/\/pizbube.ch\/en\/wp-json\/wp\/v2\/product_brand?post=148593"},{"taxonomy":"product_cat","embeddable":true,"href":"https:\/\/pizbube.ch\/en\/wp-json\/wp\/v2\/product_cat?post=148593"},{"taxonomy":"product_tag","embeddable":true,"href":"https:\/\/pizbube.ch\/en\/wp-json\/wp\/v2\/product_tag?post=148593"}],"curies":[{"name":"wp","href":"https:\/\/api.w.org\/{rel}","templated":true}]}}