{"id":148594,"date":"2021-01-15T10:57:43","date_gmt":"2021-01-15T10:57:43","guid":{"rendered":"https:\/\/codengine3.ch\/?product=import-placeholder-for-204414"},"modified":"2024-10-12T09:07:15","modified_gmt":"2024-10-12T07:07:15","slug":"harzblock-bouldern-im-okertal","status":"publish","type":"product","link":"https:\/\/pizbube.ch\/en\/shop\/harzblock-bouldern-im-okertal\/","title":{"rendered":"HarzBlock &#8211; Bouldern im und um den Harz"},"content":{"rendered":"<p>HarzBlock 2.2 erfasst auf 526 Seiten die Bouldergebiete im und um den Harz.<br \/>\n\u00dcber 1900 Boulderprobleme werden mit Fototopos, Piktogrammen, Erstbegeher-<br \/>\ninformationen und Kommentaren detailliert beschrieben. Neben dem Hauptgebiet<br \/>\nOkertal werden auch noch weitere Granitgebiete im n\u00f6rdlichen und \u00f6stlichen<br \/>\nHarz aufgef\u00fchrt, als auch die Sandsteingebiete im n\u00f6rdlichen Harzvorland<br \/>\n(siehe Gebiete).<\/p>\n<p>Der Zustieg, bzw. Anfahrt zu den Gebieten ist mit detaillierten Karten und in<br \/>\nWorten beschrieben. Die Lage der Bl\u00f6cke ist in den Karten verzeichnet, und zu<br \/>\njedem Block sind zudem GPS-Koordinaten angegeben. Durch diese Kombination<br \/>\nsollte jeder Block zu finden sein.<\/p>\n<p>Zahlreiche Fotos, alle in Farbe, wecken hoffentlich den Appetit und die<br \/>\nMotivation. Der F\u00fchrer enth\u00e4lt zudem einen ausf\u00fchrlichen Informationsteil \u00fcber<br \/>\nGebiete, Spielregeln, Unterkunftsm\u00f6glichkeiten, Geschichte und Verpflegungs-<br \/>\nund Ruhetagetipps. F\u00fcr die Sammler ist auch eine Tickliste f\u00fcr alle Probleme<br \/>\nab fb 6c enthalten.<\/p>\n<p>Der Infoteil wie auch die Gebiets- und Zustiegsbeschreibungen sind zudem in<br \/>\nDeutsch und Englisch gehalten, so dass auch G\u00e4ste aus dem Ausland sich besser<br \/>\nzurecht finden sollten.<\/p>\n<p>inkl. vertical-life App<\/p>\n<p>4. \u00fcberarbeitete und erweiterte Auflage 2020<br \/>\n526 Seiten<\/p>","protected":false},"excerpt":{"rendered":"<ul>\n<li><strong><a href=\"https:\/\/pizbube.ch\/wp-content\/uploads\/attachments\/a_006\/43A7498BF8C9722CD7537AEF7227CAEC.pdf\" target=\"_blank\" rel=\"noopener\">PDF: HarzBlock_Leseprobe<\/a><\/strong><\/li>\n<\/ul>","protected":false},"featured_media":161745,"template":"","meta":[],"product_brand":[],"product_cat":[21539],"product_tag":[],"class_list":{"0":"post-148594","1":"product","2":"type-product","3":"status-publish","4":"has-post-thumbnail","6":"product_cat-fuehrerliteratur-sportklettern-bouldern","7":"pa_autor-apel","8":"pa_erscheinungsjahr-21558","9":"pa_region-deutschland","10":"pa_sprache-de-en-2","12":"first","13":"outofstock","14":"taxable","15":"shipping-taxable","16":"purchasable","17":"product-type-simple"},"_links":{"self":[{"href":"https:\/\/pizbube.ch\/en\/wp-json\/wp\/v2\/product\/148594","targetHints":{"allow":["GET"]}}],"collection":[{"href":"https:\/\/pizbube.ch\/en\/wp-json\/wp\/v2\/product"}],"about":[{"href":"https:\/\/pizbube.ch\/en\/wp-json\/wp\/v2\/types\/product"}],"wp:featuredmedia":[{"embeddable":true,"href":"https:\/\/pizbube.ch\/en\/wp-json\/wp\/v2\/media\/161745"}],"wp:attachment":[{"href":"https:\/\/pizbube.ch\/en\/wp-json\/wp\/v2\/media?parent=148594"}],"wp:term":[{"taxonomy":"product_brand","embeddable":true,"href":"https:\/\/pizbube.ch\/en\/wp-json\/wp\/v2\/product_brand?post=148594"},{"taxonomy":"product_cat","embeddable":true,"href":"https:\/\/pizbube.ch\/en\/wp-json\/wp\/v2\/product_cat?post=148594"},{"taxonomy":"product_tag","embeddable":true,"href":"https:\/\/pizbube.ch\/en\/wp-json\/wp\/v2\/product_tag?post=148594"}],"curies":[{"name":"wp","href":"https:\/\/api.w.org\/{rel}","templated":true}]}}