{"id":148595,"date":"2021-01-15T10:57:43","date_gmt":"2021-01-15T10:57:43","guid":{"rendered":"https:\/\/codengine3.ch\/?product=import-placeholder-for-208415"},"modified":"2021-01-15T17:53:46","modified_gmt":"2021-01-15T17:53:46","slug":"klettern-im-teutoburger-wald","status":"publish","type":"product","link":"https:\/\/pizbube.ch\/en\/shop\/klettern-im-teutoburger-wald\/","title":{"rendered":"Klettern im Teutoburger Wald"},"content":{"rendered":"<p>D\u00f6renther Klippen und Halleluja-Steinbruch<br \/>\nKlettern an einigen der wenigen ge\u00f6ffneten Kletterfelsen in NRW.<\/p>\n<p>Im Teutoburger Wald gibt es ein paar kleine, aber feine Sandsteinfelsen, die<br \/>\nentlang des H\u00f6henr\u00fcckens zwischen Rheine und Detmold liegen,<br \/>\nwo sich einst Hermann, der Cheruskerf\u00fcrst, mit den R\u00f6mern schlug. Zufahrt,<br \/>\nZugang und Zugangsregeln sind auf dem neuesten Stand.<br \/>\nAlle Infos zu den Routen werden in \u00fcbersichtlichen Topos und kleinen Texten<br \/>\ndargestellt.<\/p>\n<p>4. \u00fcberarbeit. Auflg.; 134 Seiten<\/p>","protected":false},"excerpt":{"rendered":"<p>D\u00f6renther Klippen und Halleluja-Steinbruch Klettern an einigen der wenigen ge\u00f6ffneten Kletterfelsen in NRW. Im Teutoburger Wald gibt es ein paar kleine, aber feine Sandsteinfelsen, die entlang des H\u00f6henr\u00fcckens zwischen Rheine und Detmold liegen, wo sich einst Hermann, der Cheruskerf\u00fcrst, mit den R\u00f6mern schlug. Zufahrt, Zugang und Zugangsregeln sind auf dem neuesten Stand. Alle Infos zu [&#8230;]\n","protected":false},"featured_media":40158,"template":"","meta":[],"product_brand":[],"product_cat":[21539],"product_tag":[],"class_list":{"0":"post-148595","1":"product","2":"type-product","3":"status-publish","4":"has-post-thumbnail","6":"product_cat-fuehrerliteratur-sportklettern-bouldern","7":"pa_autor-marschner-schepers-sieger","8":"pa_erscheinungsjahr-21550","9":"pa_region-deutschland","10":"pa_sprache-de","12":"first","13":"instock","14":"taxable","15":"shipping-taxable","16":"purchasable","17":"product-type-simple"},"_links":{"self":[{"href":"https:\/\/pizbube.ch\/en\/wp-json\/wp\/v2\/product\/148595","targetHints":{"allow":["GET"]}}],"collection":[{"href":"https:\/\/pizbube.ch\/en\/wp-json\/wp\/v2\/product"}],"about":[{"href":"https:\/\/pizbube.ch\/en\/wp-json\/wp\/v2\/types\/product"}],"wp:featuredmedia":[{"embeddable":true,"href":"https:\/\/pizbube.ch\/en\/wp-json\/wp\/v2\/media\/40158"}],"wp:attachment":[{"href":"https:\/\/pizbube.ch\/en\/wp-json\/wp\/v2\/media?parent=148595"}],"wp:term":[{"taxonomy":"product_brand","embeddable":true,"href":"https:\/\/pizbube.ch\/en\/wp-json\/wp\/v2\/product_brand?post=148595"},{"taxonomy":"product_cat","embeddable":true,"href":"https:\/\/pizbube.ch\/en\/wp-json\/wp\/v2\/product_cat?post=148595"},{"taxonomy":"product_tag","embeddable":true,"href":"https:\/\/pizbube.ch\/en\/wp-json\/wp\/v2\/product_tag?post=148595"}],"curies":[{"name":"wp","href":"https:\/\/api.w.org\/{rel}","templated":true}]}}