{"id":148596,"date":"2021-01-15T10:57:43","date_gmt":"2021-01-15T10:57:43","guid":{"rendered":"https:\/\/codengine3.ch\/?product=import-placeholder-for-200455"},"modified":"2021-01-15T10:57:46","modified_gmt":"2021-01-15T10:57:46","slug":"skitouren-ausruestung-technik-sicherheit","status":"publish","type":"product","link":"https:\/\/pizbube.ch\/en\/shop\/skitouren-ausruestung-technik-sicherheit\/","title":{"rendered":"Skitouren, Ausr\u00fcstung &#8211; Technik &#8211; Sicherheit"},"content":{"rendered":"<p>Das Skitourengehen liegt im Trend. Das beweist nicht nur die zunehmende Zahl<br \/>\nan begeisterten Tourengehern auf den beliebten Mode-Skibergen der Alpen. Auch<br \/>\ndie Skitourenkurse und Lawinenlehrg\u00e4nge der Alpenvereinssektionen und<br \/>\nBergschulen sind regelm\u00e4\u00dfig ausgebucht. Viele Neueinsteiger wollen sich das<br \/>\nWissen dieser umfangreichen Wintersportart auf diese Weise aneignen. Ein<br \/>\nmehrt\u00e4giger Kurs ist aber schnell vor\u00fcber und genauso schnell verblassen die<br \/>\nvielen Inhalte wieder, wenn man sie nicht regelm\u00e4\u00dfig auffrischt oder zumindest<br \/>\nirgendwo nachschlagen oder<br \/>\nvertiefen kann.<\/p>\n<p>Sehr vielf\u00e4ltig sind die Anforderungen an den Skibergsteiger. Das breit<br \/>\ngef\u00e4cherte Angebot an erh\u00e4ltlicher Ausr\u00fcstung erfordert einiges an<br \/>\nHintergrundwissen, um den richtigen Durchblick bei dessen Neuanschaffung und<br \/>\nPraxiseinsatz zu haben. Die Skitechnik muss im Aufstieg und in der Abfahrt<br \/>\nbeherrscht werden, um Spa\u00df bei der Fortbewegung im winterlichen Gebirge<br \/>\naufkommen zu lassen.<\/p>\n<p>Die Einsch\u00e4tzung der Lawinengefahr und das richtige Handeln bei einem<br \/>\nLawinenungl\u00fcck geh\u00f6ren genauso dazu, wie die Orientierung mit Karte, Kompass<br \/>\nund GPS-Ger\u00e4t um auch bei Schneetreiben noch seinen Weg finden zu k\u00f6nnen.<\/p>\n<p>Markus Stadler ist seit vielen Jahren als Fach\u00fcbungsleiter Skibergsteigen in<br \/>\nder Ausbildung beim DAV t\u00e4tig. Dar\u00fcber hinaus arbeitet er als<br \/>\nSportartikelverk\u00e4ufer in einem Bergsportfachgesch\u00e4ft und ist bekannt als<br \/>\nBetreiber eine umfangreichen Bergsport-Website und Autor mehrerer<br \/>\nSkitourenf\u00fchrer. Er stellt den Stand der Skitouren-Ausbildung in diesem Buch<br \/>\n\u00fcbersichtlich und anschaulich dar. Insbesondere wendet sich die Lehrschrift an<br \/>\nden ambitionierten Einsteiger, der alle Aspekte des Skitourengehens von Grund<br \/>\nauf kennenlernen m\u00f6chte, aber auch der fortgeschrittene Tourengeher wird sie<br \/>\nals hilfreiches Nachschlagewerk zu sch\u00e4tzen wissen.<\/p>","protected":false},"excerpt":{"rendered":"<ul>\n<li><a href=\"https:\/\/pizbube.ch\/wp-content\/uploads\/attachments\/a_003\/2C3CAE759B98BD33BE103684BF99E4CE.pdf\" target=\"_blank\" rel=\"noopener\">PDF: Skitouren Lehrbuch Leseprobe<\/a><\/li>\n<\/ul>","protected":false},"featured_media":26932,"template":"","meta":[],"product_brand":[],"product_cat":[21538],"product_tag":[],"class_list":{"0":"post-148596","1":"product","2":"type-product","3":"status-publish","4":"has-post-thumbnail","6":"product_cat-lehrbuecher","7":"pa_autor-stadler","8":"pa_erscheinungsjahr-21597","9":"pa_region-alpin-winter","10":"pa_sprache-de","12":"first","13":"instock","14":"taxable","15":"shipping-taxable","16":"purchasable","17":"product-type-simple"},"_links":{"self":[{"href":"https:\/\/pizbube.ch\/en\/wp-json\/wp\/v2\/product\/148596","targetHints":{"allow":["GET"]}}],"collection":[{"href":"https:\/\/pizbube.ch\/en\/wp-json\/wp\/v2\/product"}],"about":[{"href":"https:\/\/pizbube.ch\/en\/wp-json\/wp\/v2\/types\/product"}],"wp:featuredmedia":[{"embeddable":true,"href":"https:\/\/pizbube.ch\/en\/wp-json\/wp\/v2\/media\/26932"}],"wp:attachment":[{"href":"https:\/\/pizbube.ch\/en\/wp-json\/wp\/v2\/media?parent=148596"}],"wp:term":[{"taxonomy":"product_brand","embeddable":true,"href":"https:\/\/pizbube.ch\/en\/wp-json\/wp\/v2\/product_brand?post=148596"},{"taxonomy":"product_cat","embeddable":true,"href":"https:\/\/pizbube.ch\/en\/wp-json\/wp\/v2\/product_cat?post=148596"},{"taxonomy":"product_tag","embeddable":true,"href":"https:\/\/pizbube.ch\/en\/wp-json\/wp\/v2\/product_tag?post=148596"}],"curies":[{"name":"wp","href":"https:\/\/api.w.org\/{rel}","templated":true}]}}