{"id":148597,"date":"2021-01-15T10:57:43","date_gmt":"2021-01-15T10:57:43","guid":{"rendered":"https:\/\/codengine3.ch\/?product=import-placeholder-for-204922"},"modified":"2021-01-15T14:37:17","modified_gmt":"2021-01-15T14:37:17","slug":"skitourengehen-das-praxisbuch-fuer-einsteiger-und-fortgeschrittene","status":"publish","type":"product","link":"https:\/\/pizbube.ch\/en\/shop\/skitourengehen-das-praxisbuch-fuer-einsteiger-und-fortgeschrittene\/","title":{"rendered":"Skitourengehen &#8211; Das Praxisbuch f\u00fcr Einsteiger und Fortgeschrittene"},"content":{"rendered":"<p>Aktuelles und umfassendes Praxisbuch f\u00fcr Skitourengeher. Ausr\u00fcstung, Technik,<br \/>\nGefahrenkunde.  <\/p>\n<p>Ob Anf\u00e4nger oder begeisterter Fortgeschrittener &#8211; die beiden Autoren Christian<br \/>\nSchneewei\u00df und Bernd Ritschel, beide erfahrene Skitourengeher und<br \/>\nExtrembergsteiger, informieren sachkundig \u00fcber alles, was Sie \u00fcber Skitouren<br \/>\nwissen sollten: Ausr\u00fcstung, Tourenplanung, kraftsparendes Gehen, genussvolles<br \/>\nAbfahren und richtiges Verhalten in lawinengef\u00e4hrdetem Gel\u00e4nde bis hin zu<br \/>\nRettungsma\u00dfnahmen nach einem Lawinenabgang oder bei einen Spaltensturz.<br \/>\n200 Abb., Farbfotos.<\/p>","protected":false},"excerpt":{"rendered":"<p>Aktuelles und umfassendes Praxisbuch f\u00fcr Skitourengeher. Ausr\u00fcstung, Technik, Gefahrenkunde. Ob Anf\u00e4nger oder begeisterter Fortgeschrittener &#8211; die beiden Autoren Christian Schneewei\u00df und Bernd Ritschel, beide erfahrene Skitourengeher und Extrembergsteiger, informieren sachkundig \u00fcber alles, was Sie \u00fcber Skitouren wissen sollten: Ausr\u00fcstung, Tourenplanung, kraftsparendes Gehen, genussvolles Abfahren und richtiges Verhalten in lawinengef\u00e4hrdetem Gel\u00e4nde bis hin zu Rettungsma\u00dfnahmen nach [&#8230;]\n","protected":false},"featured_media":33471,"template":"","meta":[],"product_brand":[],"product_cat":[21538],"product_tag":[],"class_list":{"0":"post-148597","1":"product","2":"type-product","3":"status-publish","4":"has-post-thumbnail","6":"product_cat-lehrbuecher","7":"pa_autor-schneeweiss-ritschel","8":"pa_erscheinungsjahr-21610","9":"pa_region-alpin-winter","10":"pa_sprache-de","12":"first","13":"outofstock","14":"taxable","15":"shipping-taxable","16":"purchasable","17":"product-type-simple"},"_links":{"self":[{"href":"https:\/\/pizbube.ch\/en\/wp-json\/wp\/v2\/product\/148597","targetHints":{"allow":["GET"]}}],"collection":[{"href":"https:\/\/pizbube.ch\/en\/wp-json\/wp\/v2\/product"}],"about":[{"href":"https:\/\/pizbube.ch\/en\/wp-json\/wp\/v2\/types\/product"}],"wp:featuredmedia":[{"embeddable":true,"href":"https:\/\/pizbube.ch\/en\/wp-json\/wp\/v2\/media\/33471"}],"wp:attachment":[{"href":"https:\/\/pizbube.ch\/en\/wp-json\/wp\/v2\/media?parent=148597"}],"wp:term":[{"taxonomy":"product_brand","embeddable":true,"href":"https:\/\/pizbube.ch\/en\/wp-json\/wp\/v2\/product_brand?post=148597"},{"taxonomy":"product_cat","embeddable":true,"href":"https:\/\/pizbube.ch\/en\/wp-json\/wp\/v2\/product_cat?post=148597"},{"taxonomy":"product_tag","embeddable":true,"href":"https:\/\/pizbube.ch\/en\/wp-json\/wp\/v2\/product_tag?post=148597"}],"curies":[{"name":"wp","href":"https:\/\/api.w.org\/{rel}","templated":true}]}}