{"id":148599,"date":"2021-01-15T10:57:43","date_gmt":"2021-01-15T10:57:43","guid":{"rendered":"https:\/\/codengine3.ch\/?product=import-placeholder-for-204749"},"modified":"2023-10-20T08:53:35","modified_gmt":"2023-10-20T06:53:35","slug":"skitouren-in-10-schritten-zum-gipfelglueck","status":"publish","type":"product","link":"https:\/\/pizbube.ch\/en\/shop\/skitouren-in-10-schritten-zum-gipfelglueck\/","title":{"rendered":"Skitouren &#8211; In 10 Schritten zum Gipfelgl\u00fcck"},"content":{"rendered":"<p>Schritt f\u00fcr Schritt zum perfekten Gipfelerlebnis Die Tourismusprofis der<br \/>\nWintersportregionen wissen es schon l\u00e4ngst: Immer mehr Skifahrer schnallen<br \/>\nsich die Felle unter die Bretter und erarbeiten sich den Gipfel selbst &#8211; und<br \/>\ngenie\u00dfen nach dem Gipfelgl\u00fcck die Abfahrt als Sahnest\u00fcck eines einzigartigen<br \/>\nNaturerlebnisses in vollen Z\u00fcgen. Von der ersten Vorbereitung bis zum gro\u00dfen<br \/>\nGipfelerlebnis nimmt Autor Ole Zimmer den Leser an die Hand und f\u00fchrt ihn<br \/>\nerfolgreich durch die Saison &#8211; fundiertes Fachwissen von Skitouren-Profis f\u00fcr<br \/>\nEinsteiger, Wiedereinsteiger und Fortgeschrittene in zehn Schritten.<br \/>\nInformative Texte, leicht verst\u00e4ndlich aufbereitete Anleitungen, wertvolle<br \/>\nTipps und animierende Bilder machen dieses Buch zur perfekten Lekt\u00fcre f\u00fcr<br \/>\nTourengeher und alle, die es werden wollen.<\/p>\n<p>Ole Zimmer pr\u00e4sentiert den neuen Trend in allen seinen Facetten: . das<br \/>\nrichtige Material: von den Skiern bis zum GPS-Ger\u00e4t . Trainingsvorbereitung,<br \/>\nTourenplanung, Lawinen- und Gel\u00e4ndekunde . Aufstiegs- und Abfahrtstechniken,<br \/>\n\u00dcbernachten in der H\u00fctte . faszinierende Fotos grandioser Landschaften . mit<br \/>\nTipps von Speed-Tourengeher Benedikt B\u00f6hm Das Buch zum Trend in den<br \/>\nSkiregionen! How-to-do-Buch und Appetitmacher in einem gibt dieses Buch alle<br \/>\nInfos, die Interessierte und Einsteiger suchen.<\/p>","protected":false},"excerpt":{"rendered":"<p>Schritt f\u00fcr Schritt zum perfekten Gipfelerlebnis Die Tourismusprofis der Wintersportregionen wissen es schon l\u00e4ngst: Immer mehr Skifahrer schnallen sich die Felle unter die Bretter und erarbeiten sich den Gipfel selbst &#8211; und genie\u00dfen nach dem Gipfelgl\u00fcck die Abfahrt als Sahnest\u00fcck eines einzigartigen Naturerlebnisses in vollen Z\u00fcgen. Von der ersten Vorbereitung bis zum gro\u00dfen Gipfelerlebnis nimmt [&#8230;]\n","protected":false},"featured_media":33157,"template":"","meta":[],"product_brand":[],"product_cat":[21538],"product_tag":[],"class_list":{"0":"post-148599","1":"product","2":"type-product","3":"status-publish","4":"has-post-thumbnail","6":"product_cat-lehrbuecher","7":"pa_autor-zimmer","8":"pa_erscheinungsjahr-21550","9":"pa_region-alpin-winter","10":"pa_sprache-de","12":"first","13":"outofstock","14":"taxable","15":"shipping-taxable","16":"purchasable","17":"product-type-simple"},"_links":{"self":[{"href":"https:\/\/pizbube.ch\/en\/wp-json\/wp\/v2\/product\/148599","targetHints":{"allow":["GET"]}}],"collection":[{"href":"https:\/\/pizbube.ch\/en\/wp-json\/wp\/v2\/product"}],"about":[{"href":"https:\/\/pizbube.ch\/en\/wp-json\/wp\/v2\/types\/product"}],"wp:featuredmedia":[{"embeddable":true,"href":"https:\/\/pizbube.ch\/en\/wp-json\/wp\/v2\/media\/33157"}],"wp:attachment":[{"href":"https:\/\/pizbube.ch\/en\/wp-json\/wp\/v2\/media?parent=148599"}],"wp:term":[{"taxonomy":"product_brand","embeddable":true,"href":"https:\/\/pizbube.ch\/en\/wp-json\/wp\/v2\/product_brand?post=148599"},{"taxonomy":"product_cat","embeddable":true,"href":"https:\/\/pizbube.ch\/en\/wp-json\/wp\/v2\/product_cat?post=148599"},{"taxonomy":"product_tag","embeddable":true,"href":"https:\/\/pizbube.ch\/en\/wp-json\/wp\/v2\/product_tag?post=148599"}],"curies":[{"name":"wp","href":"https:\/\/api.w.org\/{rel}","templated":true}]}}