{"id":148600,"date":"2021-01-15T10:57:43","date_gmt":"2021-01-15T10:57:43","guid":{"rendered":"https:\/\/codengine3.ch\/?product=import-placeholder-for-200456"},"modified":"2021-12-22T15:20:24","modified_gmt":"2021-12-22T14:20:24","slug":"petite-anthologie-de-lalpinisme","status":"publish","type":"product","link":"https:\/\/pizbube.ch\/en\/shop\/petite-anthologie-de-lalpinisme\/","title":{"rendered":"Petite anthologie de l&#8217;alpinisme"},"content":{"rendered":"<p>Jean Schoenlaub a s\u00e9lectionn\u00e9 une quarantaine d\u2019extraits, des classiques aux<br \/>\nmodernes en passant par Terray, Lachenal, R\u00e9buffat, Bonatti. Un recueil qui,<br \/>\nen une simple bouch\u00e9e, aidera \u00e0 saisir la passion insolite des \u00ab Conqu\u00e9rants<br \/>\nde l\u2019inutile \u00bb et d\u00e9livrera, en passant, \u00ab la plus belle le\u00e7on d\u2019\u00e9criture \u00bb,<br \/>\navec P\u00e9trarque.<\/p>\n<p>Tel le \u00ab menu d\u00e9gustation \u00bb d\u2019un grand restaurant, cette petite anthologie<br \/>\npermet d\u2019embrasser l\u2019univers po\u00e9tique et cors\u00e9 d\u2019une litt\u00e9rature prolixe :<br \/>\ncelle de montagne. Forte en go\u00fbt, elle caracole sur la gamme des \u00e9motions<br \/>\nuniverselles, de la peur \u00e0 la joie, du vertige \u00e0 la folie, et peut parler \u00e0<br \/>\ntous les lecteurs.<\/p>","protected":false},"excerpt":{"rendered":"<p>Jean Schoenlaub a s\u00e9lectionn\u00e9 une quarantaine d\u2019extraits, des classiques aux modernes en passant par Terray, Lachenal, R\u00e9buffat, Bonatti. Un recueil qui, en une simple bouch\u00e9e, aidera \u00e0 saisir la passion insolite des \u00ab Conqu\u00e9rants de l\u2019inutile \u00bb et d\u00e9livrera, en passant, \u00ab la plus belle le\u00e7on d\u2019\u00e9criture \u00bb, avec P\u00e9trarque. Tel le \u00ab menu d\u00e9gustation [&#8230;]\n","protected":false},"featured_media":26938,"template":"","meta":[],"product_brand":[],"product_cat":[21542],"product_tag":[],"class_list":{"0":"post-148600","1":"product","2":"type-product","3":"status-publish","4":"has-post-thumbnail","6":"product_cat-sachbuecher-dokumentationen","7":"pa_autor-schoenlaub","8":"pa_erscheinungsjahr-21546","9":"pa_region-frankreich","10":"pa_sprache-fr","12":"first","13":"outofstock","14":"taxable","15":"shipping-taxable","16":"purchasable","17":"product-type-simple"},"_links":{"self":[{"href":"https:\/\/pizbube.ch\/en\/wp-json\/wp\/v2\/product\/148600","targetHints":{"allow":["GET"]}}],"collection":[{"href":"https:\/\/pizbube.ch\/en\/wp-json\/wp\/v2\/product"}],"about":[{"href":"https:\/\/pizbube.ch\/en\/wp-json\/wp\/v2\/types\/product"}],"wp:featuredmedia":[{"embeddable":true,"href":"https:\/\/pizbube.ch\/en\/wp-json\/wp\/v2\/media\/26938"}],"wp:attachment":[{"href":"https:\/\/pizbube.ch\/en\/wp-json\/wp\/v2\/media?parent=148600"}],"wp:term":[{"taxonomy":"product_brand","embeddable":true,"href":"https:\/\/pizbube.ch\/en\/wp-json\/wp\/v2\/product_brand?post=148600"},{"taxonomy":"product_cat","embeddable":true,"href":"https:\/\/pizbube.ch\/en\/wp-json\/wp\/v2\/product_cat?post=148600"},{"taxonomy":"product_tag","embeddable":true,"href":"https:\/\/pizbube.ch\/en\/wp-json\/wp\/v2\/product_tag?post=148600"}],"curies":[{"name":"wp","href":"https:\/\/api.w.org\/{rel}","templated":true}]}}