{"id":148601,"date":"2021-01-15T10:57:43","date_gmt":"2021-01-15T10:57:43","guid":{"rendered":"https:\/\/codengine3.ch\/?product=import-placeholder-for-205342"},"modified":"2021-01-15T14:40:29","modified_gmt":"2021-01-15T14:40:29","slug":"femmes-alpinistes","status":"publish","type":"product","link":"https:\/\/pizbube.ch\/en\/shop\/femmes-alpinistes\/","title":{"rendered":"Femmes alpinistes"},"content":{"rendered":"<p>&#8218;Sans doute, Mademoiselle, vous avez eu un grand m\u00e9rite \u00e0 aller au Mont Blanc,<br \/>\nmais il faut convenir que le Mont Blanc en aura bien moins maintenant que les<br \/>\ndames y montent&#8216;. Ainsi s&#8217;exprima un Guide de Chamonix \u00e0 la descente du Mont<br \/>\nBlanc de Mademoiselle d&#8217;Angeville en 1838.  <\/p>\n<p>Dans Femmes alpinistes, Agn\u00e8s Couzy rend hommage \u00e0 ces dix-huit femmes qui,<br \/>\ndepuis la conqu\u00eate du Mont Blanc par Henriette d&#8217;Angeville en 1838, jusqu&#8217;\u00e0<br \/>\nCatherine Destivelle ou Chantal Mauduit, disparue \u00e0 34 ans en Himalaya lors de<br \/>\nsa seizi\u00e8me exp\u00e9dition en 1998, furent des pionni\u00e8res et des aventuri\u00e8res mues<br \/>\npar une volont\u00e9 de d\u00e9passement, un go\u00fbt du risque et de la libert\u00e9.<br \/>\nLoin du combat f\u00e9ministe, mais soucieuses pour certaines d&#8217;ouvrir un chemin<br \/>\naux autres femmes, elles ont toutes laiss\u00e9 une empreinte dans l&#8217;histoire de<br \/>\nl&#8217;Alpinisme.  <\/p>\n<p>&#8218;La montagne et moi, nous ne formons qu&#8217;un seul \u00eatre !&#8216; affirmait Eleonore<br \/>\nNoll. Phyllis Munday, pour sa part, consid\u00e9rait la montagne &#8218;comme si c&#8217;\u00e9tait<br \/>\nune personne vivante&#8216;. Quant \u00e0 Chantal Mauduit, elle n&#8217;aimait pas la<br \/>\ncomp\u00e9tition et abordait l&#8217;Himalaya comme &#8218;un temple qui magnifie tout&#8216;.<br \/>\nFemmes alpinistes ou le t\u00e9moignage de dix-huit femmes; autant d&#8217;histoires<br \/>\nd&#8217;aventure, de drames et de psychologie.  <\/p>","protected":false},"excerpt":{"rendered":"<p>&#8218;Sans doute, Mademoiselle, vous avez eu un grand m\u00e9rite \u00e0 aller au Mont Blanc, mais il faut convenir que le Mont Blanc en aura bien moins maintenant que les dames y montent&#8216;. Ainsi s&#8217;exprima un Guide de Chamonix \u00e0 la descente du Mont Blanc de Mademoiselle d&#8217;Angeville en 1838. Dans Femmes alpinistes, Agn\u00e8s Couzy rend [&#8230;]\n","protected":false},"featured_media":34015,"template":"","meta":[],"product_brand":[],"product_cat":[21542],"product_tag":[],"class_list":{"0":"post-148601","1":"product","2":"type-product","3":"status-publish","4":"has-post-thumbnail","6":"product_cat-sachbuecher-dokumentationen","7":"pa_autor-couzy","8":"pa_erscheinungsjahr-21591","9":"pa_region-frankreich","10":"pa_sprache-fr","12":"first","13":"instock","14":"taxable","15":"shipping-taxable","16":"purchasable","17":"product-type-simple"},"_links":{"self":[{"href":"https:\/\/pizbube.ch\/en\/wp-json\/wp\/v2\/product\/148601","targetHints":{"allow":["GET"]}}],"collection":[{"href":"https:\/\/pizbube.ch\/en\/wp-json\/wp\/v2\/product"}],"about":[{"href":"https:\/\/pizbube.ch\/en\/wp-json\/wp\/v2\/types\/product"}],"wp:featuredmedia":[{"embeddable":true,"href":"https:\/\/pizbube.ch\/en\/wp-json\/wp\/v2\/media\/34015"}],"wp:attachment":[{"href":"https:\/\/pizbube.ch\/en\/wp-json\/wp\/v2\/media?parent=148601"}],"wp:term":[{"taxonomy":"product_brand","embeddable":true,"href":"https:\/\/pizbube.ch\/en\/wp-json\/wp\/v2\/product_brand?post=148601"},{"taxonomy":"product_cat","embeddable":true,"href":"https:\/\/pizbube.ch\/en\/wp-json\/wp\/v2\/product_cat?post=148601"},{"taxonomy":"product_tag","embeddable":true,"href":"https:\/\/pizbube.ch\/en\/wp-json\/wp\/v2\/product_tag?post=148601"}],"curies":[{"name":"wp","href":"https:\/\/api.w.org\/{rel}","templated":true}]}}