{"id":148602,"date":"2021-01-15T10:57:43","date_gmt":"2021-01-15T10:57:43","guid":{"rendered":"https:\/\/codengine3.ch\/?product=import-placeholder-for-201489"},"modified":"2021-01-15T12:02:05","modified_gmt":"2021-01-15T12:02:05","slug":"alpinistes-extraordinaires","status":"publish","type":"product","link":"https:\/\/pizbube.ch\/en\/shop\/alpinistes-extraordinaires\/","title":{"rendered":"Alpinistes extraordinaires"},"content":{"rendered":"<p>Depuis la premi\u00e8re ascension du mont Blanc, l`exploration de la haute montagne<br \/>\na suscit\u00e9 une intense fascination. Les exploits qui font fr\u00e9mir le grand<br \/>\npublic provoquent aussi la vocation d`une noria d`excentriques. Les<br \/>\nexp\u00e9ditions de ces grimpeurs illumin\u00e9s sont \u00e0 la mesure de leur personnalit\u00e9,<br \/>\n\u00e9tranges, atypiques, extraordinaires. Dans les ann\u00e9es 1850, William Augustus<br \/>\nBrevoort Coolidge, adolescent maladif et myope, forme, avec sa tante et sa<br \/>\nchienne, une cord\u00e9e inattendue qui multiplie les premi\u00e8res dans le massif du<br \/>\nMont-Blanc. Dans les ann\u00e9es 1930, depuis Londres, Maurice Wilson, aux<br \/>\ncommandes d`un modeste biplan, r\u00e9ussit en naviguant \u00e0 vue, \u00e0 relier l`Everest<br \/>\nafin d`entreprendre seul l`ascension sommitale par l`alliance du je\u00fbne et de<br \/>\nla pri\u00e8re. Bill Tilman, en 1936, aventurier, marin et alpiniste, r\u00e9alise sans<br \/>\npr\u00e9paration ni oxyg\u00e8ne, la premi\u00e8re conqu\u00eate de la Nanda Devi (8000 m\u00e8tres).  <\/p>\n<p>Le musicien Ettore Zapparoli est quant \u00e0 lui l`homme d`une seule paroi, la<br \/>\ntr\u00e8s complexe face est du mont Rose qu`il gravit et regravit sans cesse<br \/>\njusqu`\u00e0 d\u00e9cider d`y mourir. Dans les ann\u00e9es 1950, le truculent californien<br \/>\nWarren Harding n`escalade jamais mieux que lorsqu`il est lest\u00e9 de plusieurs<br \/>\nbouteilles de rouge. Grimpeur innovant, on lui doit entre autres le hamac \u00e0<br \/>\npoint d`ancrage unique. En sortant de l`ombre ses enfants terribles, g\u00e9niaux,<br \/>\nexp\u00e9riment\u00e9s, dilettantes ou path\u00e9tiques, Sylvain Jouty explore, \u00e0 travers les<br \/>\nquinze portraits bross\u00e9s, un pan m\u00e9connu de l`\u00e9pop\u00e9e alpine, souvent couronn\u00e9e<br \/>\nde records farfelus, et parfois d`authentiques premi\u00e8res dont la bravoure est<br \/>\nrehauss\u00e9e du panache de l`extravagance.  <\/p>","protected":false},"excerpt":{"rendered":"<p>Depuis la premi\u00e8re ascension du mont Blanc, l`exploration de la haute montagne a suscit\u00e9 une intense fascination. Les exploits qui font fr\u00e9mir le grand public provoquent aussi la vocation d`une noria d`excentriques. Les exp\u00e9ditions de ces grimpeurs illumin\u00e9s sont \u00e0 la mesure de leur personnalit\u00e9, \u00e9tranges, atypiques, extraordinaires. Dans les ann\u00e9es 1850, William Augustus Brevoort [&#8230;]\n","protected":false},"featured_media":28841,"template":"","meta":[],"product_brand":[],"product_cat":[21542],"product_tag":[],"class_list":{"0":"post-148602","1":"product","2":"type-product","3":"status-publish","4":"has-post-thumbnail","6":"product_cat-sachbuecher-dokumentationen","7":"pa_autor-jouty","8":"pa_erscheinungsjahr-21693","9":"pa_region-frankreich","10":"pa_sprache-fr","12":"first","13":"instock","14":"taxable","15":"shipping-taxable","16":"purchasable","17":"product-type-simple"},"_links":{"self":[{"href":"https:\/\/pizbube.ch\/en\/wp-json\/wp\/v2\/product\/148602","targetHints":{"allow":["GET"]}}],"collection":[{"href":"https:\/\/pizbube.ch\/en\/wp-json\/wp\/v2\/product"}],"about":[{"href":"https:\/\/pizbube.ch\/en\/wp-json\/wp\/v2\/types\/product"}],"wp:featuredmedia":[{"embeddable":true,"href":"https:\/\/pizbube.ch\/en\/wp-json\/wp\/v2\/media\/28841"}],"wp:attachment":[{"href":"https:\/\/pizbube.ch\/en\/wp-json\/wp\/v2\/media?parent=148602"}],"wp:term":[{"taxonomy":"product_brand","embeddable":true,"href":"https:\/\/pizbube.ch\/en\/wp-json\/wp\/v2\/product_brand?post=148602"},{"taxonomy":"product_cat","embeddable":true,"href":"https:\/\/pizbube.ch\/en\/wp-json\/wp\/v2\/product_cat?post=148602"},{"taxonomy":"product_tag","embeddable":true,"href":"https:\/\/pizbube.ch\/en\/wp-json\/wp\/v2\/product_tag?post=148602"}],"curies":[{"name":"wp","href":"https:\/\/api.w.org\/{rel}","templated":true}]}}