{"id":148606,"date":"2021-01-15T10:57:43","date_gmt":"2021-01-15T10:57:43","guid":{"rendered":"https:\/\/codengine3.ch\/?product=import-placeholder-for-206038"},"modified":"2021-01-15T14:45:53","modified_gmt":"2021-01-15T14:45:53","slug":"eson-le-palloir-saint-ferreol","status":"publish","type":"product","link":"https:\/\/pizbube.ch\/en\/shop\/eson-le-palloir-saint-ferreol\/","title":{"rendered":"ESON, Le Palloir, Saint Ferr\u00e9ol"},"content":{"rendered":"<p>Escalade en dr\u00f4me Provencale; est de Mont\u00e9limar; 43 Pages  <\/p>\n<p>200 Voies du 4C au 8b+<br \/>\n-ESON<br \/>\n-LES APORIES<br \/>\n-LE BEC QUI SE TEND<br \/>\n-LES CORYBANTES<br \/>\n-LE PALLOIR<br \/>\n-SAINT FERREOL  <\/p>","protected":false},"excerpt":{"rendered":"<p>Escalade en dr\u00f4me Provencale; est de Mont\u00e9limar; 43 Pages 200 Voies du 4C au 8b+ -ESON -LES APORIES -LE BEC QUI SE TEND -LES CORYBANTES -LE PALLOIR -SAINT FERREOL<\/p>","protected":false},"featured_media":34929,"template":"","meta":[],"product_brand":[],"product_cat":[21539],"product_tag":[],"class_list":{"0":"post-148606","1":"product","2":"type-product","3":"status-publish","4":"has-post-thumbnail","6":"product_cat-fuehrerliteratur-sportklettern-bouldern","7":"pa_autor-bourgeois-silex","8":"pa_erscheinungsjahr-21830","9":"pa_region-frankreich","10":"pa_sprache-fr","12":"first","13":"outofstock","14":"taxable","15":"shipping-taxable","16":"purchasable","17":"product-type-simple"},"_links":{"self":[{"href":"https:\/\/pizbube.ch\/en\/wp-json\/wp\/v2\/product\/148606","targetHints":{"allow":["GET"]}}],"collection":[{"href":"https:\/\/pizbube.ch\/en\/wp-json\/wp\/v2\/product"}],"about":[{"href":"https:\/\/pizbube.ch\/en\/wp-json\/wp\/v2\/types\/product"}],"wp:featuredmedia":[{"embeddable":true,"href":"https:\/\/pizbube.ch\/en\/wp-json\/wp\/v2\/media\/34929"}],"wp:attachment":[{"href":"https:\/\/pizbube.ch\/en\/wp-json\/wp\/v2\/media?parent=148606"}],"wp:term":[{"taxonomy":"product_brand","embeddable":true,"href":"https:\/\/pizbube.ch\/en\/wp-json\/wp\/v2\/product_brand?post=148606"},{"taxonomy":"product_cat","embeddable":true,"href":"https:\/\/pizbube.ch\/en\/wp-json\/wp\/v2\/product_cat?post=148606"},{"taxonomy":"product_tag","embeddable":true,"href":"https:\/\/pizbube.ch\/en\/wp-json\/wp\/v2\/product_tag?post=148606"}],"curies":[{"name":"wp","href":"https:\/\/api.w.org\/{rel}","templated":true}]}}