{"id":148608,"date":"2021-01-15T10:57:43","date_gmt":"2021-01-15T10:57:43","guid":{"rendered":"https:\/\/codengine3.ch\/?product=import-placeholder-for-201680"},"modified":"2025-03-13T13:55:17","modified_gmt":"2025-03-13T12:55:17","slug":"escalades-a-saou","status":"publish","type":"product","link":"https:\/\/pizbube.ch\/en\/shop\/escalades-a-saou\/","title":{"rendered":"Escalades \u00e0 Sao\u00fb"},"content":{"rendered":"<p>Les Trois Becs et ses environs:<br \/>\nSoyans, Pont-de-Berret, B\u00e9zaudun-sur-Bine<\/p>\n<p>34 sites sont descrtits dans ce guide topo, avec adresses de herbergements<\/p>\n<p>Un ouvrage en quadrichromie, totalement r\u00e9actualis\u00e9, repr\u00e9sente pour ma part<br \/>\nplus d\u2019une ann\u00e9e de travail, \u00e0 raison de plusieurs heures par semaines. En<br \/>\neffet, la majorit\u00e9 des textes (contenu, pr\u00e9sentation) ont \u00e9t\u00e9 repris, de<br \/>\nnouveaux \u00e9crits sont venus compl\u00e9ter l\u2019existant afin d\u2019informer au mieux le<br \/>\npratiquant.<\/p>\n<p>Tous les tableaux des itin\u00e9raires et les croquis des falaises ont \u00e9t\u00e9 corrig\u00e9s<br \/>\net compl\u00e9t\u00e9s. De nouveaux secteurs \u00e9quip\u00e9s et\/ou de nouvelles voies viennent<br \/>\ngrossir de mani\u00e8re significative, l\u2019\u00e9chantillon d\u2019itin\u00e9raires, d\u00e9j\u00e0 fort<br \/>\nimportant sur l\u2019ensemble du massif, avec aujourd\u2019hui plus de 850 longueurs de<br \/>\ntous niveaux pr\u00e9sent\u00e9es.<\/p>","protected":false},"excerpt":{"rendered":"<p>Les Trois Becs et ses environs: Soyans, Pont-de-Berret, B\u00e9zaudun-sur-Bine 34 sites sont descrtits dans ce guide topo, avec adresses de herbergements Un ouvrage en quadrichromie, totalement r\u00e9actualis\u00e9, repr\u00e9sente pour ma part plus d\u2019une ann\u00e9e de travail, \u00e0 raison de plusieurs heures par semaines. En effet, la majorit\u00e9 des textes (contenu, pr\u00e9sentation) ont \u00e9t\u00e9 repris, de [&#8230;]\n","protected":false},"featured_media":178672,"template":"","meta":[],"product_brand":[],"product_cat":[21539],"product_tag":[],"class_list":{"0":"post-148608","1":"product","2":"type-product","3":"status-publish","4":"has-post-thumbnail","6":"product_cat-fuehrerliteratur-sportklettern-bouldern","7":"pa_autor-belle-caf","8":"pa_erscheinungsjahr-21574","9":"pa_region-frankreich","10":"pa_sprache-fr","12":"first","13":"outofstock","14":"taxable","15":"shipping-taxable","16":"purchasable","17":"product-type-simple"},"_links":{"self":[{"href":"https:\/\/pizbube.ch\/en\/wp-json\/wp\/v2\/product\/148608","targetHints":{"allow":["GET"]}}],"collection":[{"href":"https:\/\/pizbube.ch\/en\/wp-json\/wp\/v2\/product"}],"about":[{"href":"https:\/\/pizbube.ch\/en\/wp-json\/wp\/v2\/types\/product"}],"wp:featuredmedia":[{"embeddable":true,"href":"https:\/\/pizbube.ch\/en\/wp-json\/wp\/v2\/media\/178672"}],"wp:attachment":[{"href":"https:\/\/pizbube.ch\/en\/wp-json\/wp\/v2\/media?parent=148608"}],"wp:term":[{"taxonomy":"product_brand","embeddable":true,"href":"https:\/\/pizbube.ch\/en\/wp-json\/wp\/v2\/product_brand?post=148608"},{"taxonomy":"product_cat","embeddable":true,"href":"https:\/\/pizbube.ch\/en\/wp-json\/wp\/v2\/product_cat?post=148608"},{"taxonomy":"product_tag","embeddable":true,"href":"https:\/\/pizbube.ch\/en\/wp-json\/wp\/v2\/product_tag?post=148608"}],"curies":[{"name":"wp","href":"https:\/\/api.w.org\/{rel}","templated":true}]}}