{"id":148609,"date":"2021-01-15T10:57:43","date_gmt":"2021-01-15T10:57:43","guid":{"rendered":"https:\/\/codengine3.ch\/?product=import-placeholder-for-200459"},"modified":"2021-01-15T10:57:48","modified_gmt":"2021-01-15T10:57:48","slug":"stille-orte-eine-andere-reise-durch-die-schweiz","status":"publish","type":"product","link":"https:\/\/pizbube.ch\/en\/shop\/stille-orte-eine-andere-reise-durch-die-schweiz\/","title":{"rendered":"Stille Orte &#8211; Eine andere Reise durch die Schweiz"},"content":{"rendered":"<p>Mit diesem Bildband entf\u00fchrt uns Marco Volken in die leicht skurrile Welt der<br \/>\nalpinen WC-H\u00e4uschen, zeigt uns deren Vielfalt, ihre mal fachgerechte und<br \/>\nn\u00fcchterne, mal improvisierte oder fantasievolle Bauweise \u2013 aber auch ihre<br \/>\nlandschaftliche Einbettung, stehen sie doch oft an Orten von atemberaubend<br \/>\nstiller Sch\u00f6nheit.<\/p>\n<p>Seit vielen Jahren widmet sich der Fotograf Marco Volken diesen unscheinbaren<br \/>\nBauten, die er \u00abStille Orte\u00bb nennt. In aufwendiger Arbeit macht er sie<br \/>\nausfindig und h\u00e4lt sie mit der Kamera fest, immer wieder und zu allen<br \/>\nJahreszeiten. Dabei ist eine Bildserie entstanden, die so dokumentarisch wie<br \/>\nlakonisch und poetisch wirkt. Es sind Bilder zum Schmunzeln, aber auch zum<br \/>\nStaunen.<\/p>\n<p>144 Seiten, 122 Abb. vierfarbig; 27 x 21 cm; Hardcover; viersprachig<\/p>","protected":false},"excerpt":{"rendered":"<p>Mit diesem Bildband entf\u00fchrt uns Marco Volken in die leicht skurrile Welt der alpinen WC-H\u00e4uschen, zeigt uns deren Vielfalt, ihre mal fachgerechte und n\u00fcchterne, mal improvisierte oder fantasievolle Bauweise \u2013 aber auch ihre landschaftliche Einbettung, stehen sie doch oft an Orten von atemberaubend stiller Sch\u00f6nheit. Seit vielen Jahren widmet sich der Fotograf Marco Volken diesen [&#8230;]\n","protected":false},"featured_media":26947,"template":"","meta":[],"product_brand":[],"product_cat":[21542],"product_tag":[],"class_list":{"0":"post-148609","1":"product","2":"type-product","3":"status-publish","4":"has-post-thumbnail","6":"product_cat-sachbuecher-dokumentationen","7":"pa_autor-volken","8":"pa_erscheinungsjahr-21597","9":"pa_region-schweiz","10":"pa_sprache-de-fr-it-en","12":"first","13":"instock","14":"taxable","15":"shipping-taxable","16":"purchasable","17":"product-type-simple"},"_links":{"self":[{"href":"https:\/\/pizbube.ch\/en\/wp-json\/wp\/v2\/product\/148609","targetHints":{"allow":["GET"]}}],"collection":[{"href":"https:\/\/pizbube.ch\/en\/wp-json\/wp\/v2\/product"}],"about":[{"href":"https:\/\/pizbube.ch\/en\/wp-json\/wp\/v2\/types\/product"}],"wp:featuredmedia":[{"embeddable":true,"href":"https:\/\/pizbube.ch\/en\/wp-json\/wp\/v2\/media\/26947"}],"wp:attachment":[{"href":"https:\/\/pizbube.ch\/en\/wp-json\/wp\/v2\/media?parent=148609"}],"wp:term":[{"taxonomy":"product_brand","embeddable":true,"href":"https:\/\/pizbube.ch\/en\/wp-json\/wp\/v2\/product_brand?post=148609"},{"taxonomy":"product_cat","embeddable":true,"href":"https:\/\/pizbube.ch\/en\/wp-json\/wp\/v2\/product_cat?post=148609"},{"taxonomy":"product_tag","embeddable":true,"href":"https:\/\/pizbube.ch\/en\/wp-json\/wp\/v2\/product_tag?post=148609"}],"curies":[{"name":"wp","href":"https:\/\/api.w.org\/{rel}","templated":true}]}}