{"id":148610,"date":"2021-01-15T10:57:43","date_gmt":"2021-01-15T10:57:43","guid":{"rendered":"https:\/\/codengine3.ch\/?product=import-placeholder-for-207831"},"modified":"2023-10-07T11:08:01","modified_gmt":"2023-10-07T09:08:01","slug":"wintersperre-treve-hivernale-passi-solitari","status":"publish","type":"product","link":"https:\/\/pizbube.ch\/en\/shop\/wintersperre-treve-hivernale-passi-solitari\/","title":{"rendered":"Wintersperre &#8211; Tr\u00e8ve hivernale &#8211; Passi solitari"},"content":{"rendered":"<p>Sobald im Herbst der erste grosse Schnee f\u00e4llt, versinken die meisten<br \/>\nAlpenp\u00e4sse in einen Winterschlaf, der bis zum Sp\u00e4tfr\u00fchling andauert. Wer hat<br \/>\nschon mit eigenen Augen den Gotthard, die Furka, den Albula im Winter gesehen?<br \/>\nSobald die Barriere unten ist, breitet sich ungewohnte Stille aus. Nach und<br \/>\nnach verschwindet die Strasse unter dem Schnee. Die Leitplanken sind<br \/>\nabmontiert, die Fahrbahn manchmal nur noch zu ahnen, da und dort von verwehten<br \/>\nTierspuren verziert. Kein Postautodreiklang, kein Motorraddr\u00f6hnen, kein<br \/>\nBratwurstgeruch, kein Kuhglockengebimmel am Strassenrand.<\/p>\n<p>Und doch sind sie da, die Spuren des emsigen Sommers: sichtbare<br \/>\nStrassenfragmente, Verkehrsschilder, Galerien, Bauten, auf seltsame Art ihrer<br \/>\nBedeutung verlustig geworden, als stumme, manchmal auch skurril wirkende<br \/>\nZeugen des vergangenen Verkehrs und als Vorboten des kommenden.<\/p>\n<p>Der Fotograf Marco Volken wollte es wissen und hat sich auf den Weg gemacht.<br \/>\nEr besuchte mehrere P\u00e4sse w\u00e4hrend der Wintersperre &#8211; auf Skiern, auf<br \/>\nSchneeschuhen und zu Fuss, dabei stets der Sommerstrasse folgend. Und er hat<br \/>\ndie ungewohnt einsamen Landschaften mit seiner Kamera festgehalten. Poetisch,<br \/>\nlakonisch, \u00fcberraschend, sch\u00f6n!<\/p>\n<p>Das sind die neun P\u00e4sse, denen Marco Volken ein einmaliges fotografisches<br \/>\nDenkmal gesetzt hat:<br \/>\nKlausenpass, Grimselpass, Col du Chasseral, Nufenenpass, Forcola di Livigno,<br \/>\nCol de la Croix, Col du Grand-Saint-Bernard, Passo del San Gottardo, Passo del<br \/>\nSan Bernardino.<\/p>\n<p>Gebunden, Hardcover; 160 S.<\/p>","protected":false},"excerpt":{"rendered":"<p>Sobald im Herbst der erste grosse Schnee f\u00e4llt, versinken die meisten Alpenp\u00e4sse in einen Winterschlaf, der bis zum Sp\u00e4tfr\u00fchling andauert. Wer hat schon mit eigenen Augen den Gotthard, die Furka, den Albula im Winter gesehen? Sobald die Barriere unten ist, breitet sich ungewohnte Stille aus. Nach und nach verschwindet die Strasse unter dem Schnee. Die [&#8230;]\n","protected":false},"featured_media":169850,"template":"","meta":[],"product_brand":[],"product_cat":[21542],"product_tag":[],"class_list":{"0":"post-148610","1":"product","2":"type-product","3":"status-publish","4":"has-post-thumbnail","6":"product_cat-sachbuecher-dokumentationen","7":"pa_autor-volken","8":"pa_erscheinungsjahr-21558","9":"pa_region-schweiz","10":"pa_sprache-de-fr-it","12":"first","13":"instock","14":"taxable","15":"shipping-taxable","16":"purchasable","17":"product-type-simple"},"_links":{"self":[{"href":"https:\/\/pizbube.ch\/en\/wp-json\/wp\/v2\/product\/148610","targetHints":{"allow":["GET"]}}],"collection":[{"href":"https:\/\/pizbube.ch\/en\/wp-json\/wp\/v2\/product"}],"about":[{"href":"https:\/\/pizbube.ch\/en\/wp-json\/wp\/v2\/types\/product"}],"wp:featuredmedia":[{"embeddable":true,"href":"https:\/\/pizbube.ch\/en\/wp-json\/wp\/v2\/media\/169850"}],"wp:attachment":[{"href":"https:\/\/pizbube.ch\/en\/wp-json\/wp\/v2\/media?parent=148610"}],"wp:term":[{"taxonomy":"product_brand","embeddable":true,"href":"https:\/\/pizbube.ch\/en\/wp-json\/wp\/v2\/product_brand?post=148610"},{"taxonomy":"product_cat","embeddable":true,"href":"https:\/\/pizbube.ch\/en\/wp-json\/wp\/v2\/product_cat?post=148610"},{"taxonomy":"product_tag","embeddable":true,"href":"https:\/\/pizbube.ch\/en\/wp-json\/wp\/v2\/product_tag?post=148610"}],"curies":[{"name":"wp","href":"https:\/\/api.w.org\/{rel}","templated":true}]}}