{"id":148611,"date":"2021-01-15T10:57:43","date_gmt":"2021-01-15T10:57:43","guid":{"rendered":"https:\/\/codengine3.ch\/?product=import-placeholder-for-208467"},"modified":"2021-01-15T17:54:19","modified_gmt":"2021-01-15T17:54:19","slug":"zwischensaison","status":"publish","type":"product","link":"https:\/\/pizbube.ch\/en\/shop\/zwischensaison\/","title":{"rendered":"ZwischenSaison"},"content":{"rendered":"<p>In seinem neuen Bildband &#171;ZwischenSaison&#187; besch\u00e4ftigt sich der Fotograf<br \/>\nSimon Walther mit den stark &#171;ber\u00fchrten&#187; Seiten der Schweizer Alpen, den<br \/>\nTourismusorten und Wintersportgebieten.<\/p>\n<p>Walther hat diese Regionen vornehmlich im Zeitraum zwischen M\u00e4rz und Juni<br \/>\nbereist und dort die spezifische Atmosph\u00e4re der touristisch schwer<br \/>\nverwertbaren Zwischensaison eingefangen. Erg\u00e4nzt werden diese oft<br \/>\n\u00fcberraschenden, augenzwinkernden und poetischen Bilder mit beeindruckenden,<br \/>\ngrossformatigen Landschaftspanoramen, welche die Stimmungen des<br \/>\njahreszeitlichen \u00dcbergangs in der Natur zum Thema haben.<\/p>\n<p>F\u00fcr Fotografen dauert ein Augenblick oft l\u00e4nger als der Hundertstel einer<br \/>\nSekunde. Wie schnell sich ein Wolkenbild ver\u00e4ndert oder ein Schatten vergeht,<br \/>\n\u00fcberrascht immer wieder. Ehe man die Linse gewechselt hat, zeigt sich die Welt<br \/>\nin anderem Licht. In den Bergen reicht f\u00fcr den Wandel von Weiss zu Bunt ein<br \/>\nF\u00f6hnsturm \u2013 und an der Stelle von Schneesternen bl\u00fchen Krokusse.<\/p>\n<p>Die Schwebe zwischen Winter und Fr\u00fchling verwischt die gewohnten Formen von<br \/>\nGraten und Satteln. Strukturen werden erkennbar. Kuhtritte zum Beispiel,<br \/>\nWasserrinnen, Felsb\u00e4nder und Senken, in denen der Schnee noch etwas liegen<br \/>\nbleibt. In den Tourismusregionen ist die Zwischensaison ein Ausnahmezustand,<br \/>\nder weder Wanderer noch Skifahrer ins Freie lockt. Selbst in der Geschichte<br \/>\nder Alpenmalerei ist diese Verwandlung nicht oft festgehalten.  <\/p>\n<p>Drei Jahre lang war der Schweizer Fotograf Simon Walther w\u00e4hrend der<br \/>\nZwischensaison in Schweizer Tourismusregionen unterwegs. Nun erscheinen seine<br \/>\noft melancholischen, teilweise auch absurden Fotos zusammen mit<br \/>\neindrucksvollen Landschaftsaufnahmen im AS-Verlag.  <\/p>","protected":false},"excerpt":{"rendered":"<p>In seinem neuen Bildband &#171;ZwischenSaison&#187; besch\u00e4ftigt sich der Fotograf Simon Walther mit den stark &#171;ber\u00fchrten&#187; Seiten der Schweizer Alpen, den Tourismusorten und Wintersportgebieten. Walther hat diese Regionen vornehmlich im Zeitraum zwischen M\u00e4rz und Juni bereist und dort die spezifische Atmosph\u00e4re der touristisch schwer verwertbaren Zwischensaison eingefangen. Erg\u00e4nzt werden diese oft \u00fcberraschenden, augenzwinkernden und poetischen Bilder [&#8230;]\n","protected":false},"featured_media":40278,"template":"","meta":[],"product_brand":[],"product_cat":[21580],"product_tag":[],"class_list":{"0":"post-148611","1":"product","2":"type-product","3":"status-publish","4":"has-post-thumbnail","6":"product_cat-kunst-kultur","7":"pa_autor-walther","8":"pa_erscheinungsjahr-21546","9":"pa_region-schweiz","10":"pa_sprache-de","12":"first","13":"instock","14":"taxable","15":"shipping-taxable","16":"purchasable","17":"product-type-simple"},"_links":{"self":[{"href":"https:\/\/pizbube.ch\/en\/wp-json\/wp\/v2\/product\/148611","targetHints":{"allow":["GET"]}}],"collection":[{"href":"https:\/\/pizbube.ch\/en\/wp-json\/wp\/v2\/product"}],"about":[{"href":"https:\/\/pizbube.ch\/en\/wp-json\/wp\/v2\/types\/product"}],"wp:featuredmedia":[{"embeddable":true,"href":"https:\/\/pizbube.ch\/en\/wp-json\/wp\/v2\/media\/40278"}],"wp:attachment":[{"href":"https:\/\/pizbube.ch\/en\/wp-json\/wp\/v2\/media?parent=148611"}],"wp:term":[{"taxonomy":"product_brand","embeddable":true,"href":"https:\/\/pizbube.ch\/en\/wp-json\/wp\/v2\/product_brand?post=148611"},{"taxonomy":"product_cat","embeddable":true,"href":"https:\/\/pizbube.ch\/en\/wp-json\/wp\/v2\/product_cat?post=148611"},{"taxonomy":"product_tag","embeddable":true,"href":"https:\/\/pizbube.ch\/en\/wp-json\/wp\/v2\/product_tag?post=148611"}],"curies":[{"name":"wp","href":"https:\/\/api.w.org\/{rel}","templated":true}]}}