{"id":148612,"date":"2021-01-15T10:57:43","date_gmt":"2021-01-15T10:57:43","guid":{"rendered":"https:\/\/codengine3.ch\/?product=import-placeholder-for-200460"},"modified":"2026-03-13T10:09:48","modified_gmt":"2026-03-13T09:09:48","slug":"portugal-klettern-und-bouldern-am-suedwestlichen-ende-europas","status":"publish","type":"product","link":"https:\/\/pizbube.ch\/en\/shop\/portugal-klettern-und-bouldern-am-suedwestlichen-ende-europas\/","title":{"rendered":"PORTUGAL &#8211; Klettern und Bouldern am s\u00fcdwestlichen Ende Europas"},"content":{"rendered":"<p>Die Geschichte des Kletterns in Portugal beginnt zwar schon in den sp\u00e4ten<br \/>\n1950er Jahren, aber lange Zeit war das Land trotz der stattlichen Anzahl von<br \/>\nRouten nicht als Kletterziel bekannt nur die (gl\u00fccklichen) Locals und einige<br \/>\nwenige Besucher aus dem In oder Ausland wussten, welches Potenzial sich hier<br \/>\nbietet.<\/p>\n<p>Die Routen waren und sind aber keineswegs von schlechterer Qualit\u00e4t als<br \/>\nbeispielsweise die im benachbarten Spanien oder anderen europ\u00e4ischen<br \/>\nKlettergebieten. Im Gegenteil: Angesichts der ruhigen und sch\u00f6nen Lage der<br \/>\nSpots und der abwechslungsreichen Felsw\u00e4nde erweist sich das kleine Portugal<br \/>\nsogar als wahre Kletterperle. Es gibt also gen\u00fcgend Argumente f\u00fcr eine<br \/>\nKletterreise nach Portugal, sei es f\u00fcr einen kurzen Besuch, einen l\u00e4ngeren<br \/>\nAufenthalt oder einen Klettertrip durch das ganze Land.<\/p>\n<p>Der Norden bietet eine enorme Menge von Granitbl\u00f6cken und W\u00e4nden, in<br \/>\nZentralportugal findet man Kalk und gelegentlich auch Basalt oder<br \/>\nQuarzitfelsen, weithin bekannt sind das Bouldergebiet von Sintra und auch die<br \/>\nMeeresklippen bei Lissabon und weiter s\u00fcdlich.<\/p>\n<p>M\u00f6glichkeiten gibt es gen\u00fcgend und f\u00fcr jeden Geschmack, unabh\u00e4ngig davon, ob<br \/>\nman einsame Trad-Klettereien, DWS Spots oder harte Sportkletterrouten sucht<br \/>\nund mag. Und wenn man ebenso an der Kultur und Gastronomie interessiert ist,<br \/>\ndas Reisen an sich liebt und auch der Wassersport nicht zu kurz kommen soll,<br \/>\ndann z\u00e4hlt Portugal zweifellos zu den besten Kletterzielen Europas.<\/p>\n<p><strong>SONDERPREIS AUFLAGE 2019: CHF 22.00 STATT 45.00<\/strong><\/p>","protected":false},"excerpt":{"rendered":"<p>Die Geschichte des Kletterns in Portugal beginnt zwar schon in den sp\u00e4ten 1950er Jahren, aber lange Zeit war das Land trotz der stattlichen Anzahl von Routen nicht als Kletterziel bekannt nur die (gl\u00fccklichen) Locals und einige wenige Besucher aus dem In oder Ausland wussten, welches Potenzial sich hier bietet. Die Routen waren und sind aber [&#8230;]\n","protected":false},"featured_media":156930,"template":"","meta":[],"product_brand":[],"product_cat":[21539],"product_tag":[],"class_list":{"0":"post-148612","1":"product","2":"type-product","3":"status-publish","4":"has-post-thumbnail","6":"product_cat-fuehrerliteratur-sportklettern-bouldern","7":"pa_autor-simes","8":"pa_erscheinungsjahr-21586","9":"pa_region-portugal","10":"pa_sprache-de","12":"first","13":"instock","14":"sale","15":"taxable","16":"shipping-taxable","17":"purchasable","18":"product-type-simple"},"_links":{"self":[{"href":"https:\/\/pizbube.ch\/en\/wp-json\/wp\/v2\/product\/148612","targetHints":{"allow":["GET"]}}],"collection":[{"href":"https:\/\/pizbube.ch\/en\/wp-json\/wp\/v2\/product"}],"about":[{"href":"https:\/\/pizbube.ch\/en\/wp-json\/wp\/v2\/types\/product"}],"wp:featuredmedia":[{"embeddable":true,"href":"https:\/\/pizbube.ch\/en\/wp-json\/wp\/v2\/media\/156930"}],"wp:attachment":[{"href":"https:\/\/pizbube.ch\/en\/wp-json\/wp\/v2\/media?parent=148612"}],"wp:term":[{"taxonomy":"product_brand","embeddable":true,"href":"https:\/\/pizbube.ch\/en\/wp-json\/wp\/v2\/product_brand?post=148612"},{"taxonomy":"product_cat","embeddable":true,"href":"https:\/\/pizbube.ch\/en\/wp-json\/wp\/v2\/product_cat?post=148612"},{"taxonomy":"product_tag","embeddable":true,"href":"https:\/\/pizbube.ch\/en\/wp-json\/wp\/v2\/product_tag?post=148612"}],"curies":[{"name":"wp","href":"https:\/\/api.w.org\/{rel}","templated":true}]}}