{"id":148613,"date":"2021-01-15T10:57:43","date_gmt":"2021-01-15T10:57:43","guid":{"rendered":"https:\/\/codengine3.ch\/?product=import-placeholder-for-204279"},"modified":"2025-07-24T09:17:18","modified_gmt":"2025-07-24T07:17:18","slug":"guia-de-escalada-do-litoral-centro-de-portugal","status":"publish","type":"product","link":"https:\/\/pizbube.ch\/en\/shop\/guia-de-escalada-do-litoral-centro-de-portugal\/","title":{"rendered":"Gu\u00eda de escalada do Litoral Centro de Portugal"},"content":{"rendered":"<p>Hace ya algunos a\u00f1os que una serie de zonas de escalada relativamente pr\u00f3ximas<br \/>\nofrecen a los escaladores de todo el pa\u00eds un vasto n\u00famero de v\u00edas de gran<br \/>\ncalidad. Son m\u00e1s de 700 v\u00edas de escalada deportiva, cl\u00e1sica y de bloque, a una<br \/>\ndistancia m\u00e1xima de 100 km que permiten excelentes condiciones para iniciarse<br \/>\ny evolucionar en la escalada.<\/p>\n<p>Colour photo-topo and drawn-topo guidebook to the central, coastal area of<br \/>\nPortugal.<\/p>\n<p>Alcaria<br \/>\nPenacova<br \/>\nPoio Velho<br \/>\nPoio D&#8217;Aire<br \/>\nVale de Poios<br \/>\nVale de Serra<br \/>\nLapas (Tomar)<br \/>\nFragas do Cercal<br \/>\nSenhora de Estrela<br \/>\nBuracas do Casmilo<br \/>\nFragas de Sao Simao<br \/>\nReguengo do Fetal (Malhadouro)<br \/>\nReguengo do Fetal (Vale dos Ventos)<\/p>\n<p>English and Portugese language guidebook. More than 700 sport, trad and<br \/>\nboulder routes all within 100 km of each other.<\/p>","protected":false},"excerpt":{"rendered":"<p>Hace ya algunos a\u00f1os que una serie de zonas de escalada relativamente pr\u00f3ximas ofrecen a los escaladores de todo el pa\u00eds un vasto n\u00famero de v\u00edas de gran calidad. Son m\u00e1s de 700 v\u00edas de escalada deportiva, cl\u00e1sica y de bloque, a una distancia m\u00e1xima de 100 km que permiten excelentes condiciones para iniciarse y [&#8230;]\n","protected":false},"featured_media":180470,"template":"","meta":[],"product_brand":[],"product_cat":[21539],"product_tag":[],"class_list":{"0":"post-148613","1":"product","2":"type-product","3":"status-publish","4":"has-post-thumbnail","6":"product_cat-fuehrerliteratur-sportklettern-bouldern","7":"pa_autor-inacio-cardinal","8":"pa_erscheinungsjahr-21591","9":"pa_region-portugal","10":"pa_sprache-port-en","12":"first","13":"onbackorder","14":"taxable","15":"shipping-taxable","16":"purchasable","17":"product-type-simple"},"_links":{"self":[{"href":"https:\/\/pizbube.ch\/en\/wp-json\/wp\/v2\/product\/148613","targetHints":{"allow":["GET"]}}],"collection":[{"href":"https:\/\/pizbube.ch\/en\/wp-json\/wp\/v2\/product"}],"about":[{"href":"https:\/\/pizbube.ch\/en\/wp-json\/wp\/v2\/types\/product"}],"wp:featuredmedia":[{"embeddable":true,"href":"https:\/\/pizbube.ch\/en\/wp-json\/wp\/v2\/media\/180470"}],"wp:attachment":[{"href":"https:\/\/pizbube.ch\/en\/wp-json\/wp\/v2\/media?parent=148613"}],"wp:term":[{"taxonomy":"product_brand","embeddable":true,"href":"https:\/\/pizbube.ch\/en\/wp-json\/wp\/v2\/product_brand?post=148613"},{"taxonomy":"product_cat","embeddable":true,"href":"https:\/\/pizbube.ch\/en\/wp-json\/wp\/v2\/product_cat?post=148613"},{"taxonomy":"product_tag","embeddable":true,"href":"https:\/\/pizbube.ch\/en\/wp-json\/wp\/v2\/product_tag?post=148613"}],"curies":[{"name":"wp","href":"https:\/\/api.w.org\/{rel}","templated":true}]}}