{"id":148614,"date":"2021-01-15T10:57:44","date_gmt":"2021-01-15T10:57:44","guid":{"rendered":"https:\/\/codengine3.ch\/?product=import-placeholder-for-203316"},"modified":"2021-04-17T09:38:31","modified_gmt":"2021-04-17T07:38:31","slug":"portugal-sport-onsight-bouldering","status":"publish","type":"product","link":"https:\/\/pizbube.ch\/en\/shop\/portugal-sport-onsight-bouldering\/","title":{"rendered":"Portugal Sport onsight &#8211; Bouldering"},"content":{"rendered":"<p>Dieser 7-sprachig angelegte Kletterf\u00fchrer stellt alle interessanten<br \/>\nKlettergebiete in Portugal vor. Er enth\u00e4lt detaillierte Angaben zu etwa 600<br \/>\nKletterrouten, die zus\u00e4tzlich mit Topo pr\u00e4sentiert werden. Zahllose Farbfotos<br \/>\nvermitteln zus\u00e4tzliche Eindr\u00fccke von den Kletterm\u00f6glichkeiten.<\/p>\n<p>The first ever climbing guidebook to Portugal &#8211; produced in the typical modern<br \/>\ncolour topo style that Jingo Wobbly publishers have developed. All the major<br \/>\ncliffs have chapter introductions in both English and Portuguese, all the 600<br \/>\nroutes marked in the guide are in topo form and include detailed maps. For<br \/>\nanyone who wants to go to Portugal on holiday, this guidebook will entertain<br \/>\nyou on the rock.<\/p>\n<p>BOULDERING:<br \/>\nPedra do Urso, Malveria, Peninha, Capuchos, Baia-Mexilhoeira<\/p>\n<p>SPORT CLIFFS:<br \/>\nBuracas do Cag., Poios, Redinha, Regengo do F\u00e9tal, Montejunto, Sintra, Farol<br \/>\nda Guia, Fenda, Rocha da Pena, Sagres<\/p>","protected":false},"excerpt":{"rendered":"<p>Dieser 7-sprachig angelegte Kletterf\u00fchrer stellt alle interessanten Klettergebiete in Portugal vor. Er enth\u00e4lt detaillierte Angaben zu etwa 600 Kletterrouten, die zus\u00e4tzlich mit Topo pr\u00e4sentiert werden. Zahllose Farbfotos vermitteln zus\u00e4tzliche Eindr\u00fccke von den Kletterm\u00f6glichkeiten. The first ever climbing guidebook to Portugal &#8211; produced in the typical modern colour topo style that Jingo Wobbly publishers have developed. [&#8230;]\n","protected":false},"featured_media":156931,"template":"","meta":[],"product_brand":[],"product_cat":[21539],"product_tag":[],"class_list":{"0":"post-148614","1":"product","2":"type-product","3":"status-publish","4":"has-post-thumbnail","6":"product_cat-fuehrerliteratur-sportklettern-bouldern","7":"pa_autor-atchinson","8":"pa_erscheinungsjahr-21920","9":"pa_region-portugal","10":"pa_sprache-d","11":"pa_sprache-e","12":"pa_sprache-f","13":"pa_sprache-i","15":"first","16":"instock","17":"taxable","18":"shipping-taxable","19":"purchasable","20":"product-type-simple"},"_links":{"self":[{"href":"https:\/\/pizbube.ch\/en\/wp-json\/wp\/v2\/product\/148614","targetHints":{"allow":["GET"]}}],"collection":[{"href":"https:\/\/pizbube.ch\/en\/wp-json\/wp\/v2\/product"}],"about":[{"href":"https:\/\/pizbube.ch\/en\/wp-json\/wp\/v2\/types\/product"}],"wp:featuredmedia":[{"embeddable":true,"href":"https:\/\/pizbube.ch\/en\/wp-json\/wp\/v2\/media\/156931"}],"wp:attachment":[{"href":"https:\/\/pizbube.ch\/en\/wp-json\/wp\/v2\/media?parent=148614"}],"wp:term":[{"taxonomy":"product_brand","embeddable":true,"href":"https:\/\/pizbube.ch\/en\/wp-json\/wp\/v2\/product_brand?post=148614"},{"taxonomy":"product_cat","embeddable":true,"href":"https:\/\/pizbube.ch\/en\/wp-json\/wp\/v2\/product_cat?post=148614"},{"taxonomy":"product_tag","embeddable":true,"href":"https:\/\/pizbube.ch\/en\/wp-json\/wp\/v2\/product_tag?post=148614"}],"curies":[{"name":"wp","href":"https:\/\/api.w.org\/{rel}","templated":true}]}}