{"id":148615,"date":"2021-01-15T10:57:44","date_gmt":"2021-01-15T10:57:44","guid":{"rendered":"https:\/\/codengine3.ch\/?product=import-placeholder-for-208432"},"modified":"2021-01-15T17:53:57","modified_gmt":"2021-01-15T17:53:57","slug":"die-hohen-berge-portugals","status":"publish","type":"product","link":"https:\/\/pizbube.ch\/en\/shop\/die-hohen-berge-portugals\/","title":{"rendered":"Die Hohen Berge Portugals"},"content":{"rendered":"<p>Roman<\/p>\n<p>Lissabon, Anfang des 20. Jahrhunderts: In einem sogenannten Automobil begibt<br \/>\nsich der junge Tom\u00e1s auf eine abenteuerliche Expedition in die Hohen Berge<br \/>\nPortugals. Damit beginnt ein tragikomischer Roadtrip, der ein<br \/>\nunvorhergesehenes Ende nehmen soll.<\/p>\n<p>Doch das ist erst der Anfang einer phantastischen Geschichte, die die Hohen<br \/>\nBerge Portugals noch Jahrzehnte sp\u00e4ter umweht wie ein tragischer Zauber.  <\/p>\n<p>In seinem neuen gro\u00dfen Roman verkn\u00fcpft Yann Martel verschiedene F\u00e4den<br \/>\neindrucksvoll zu einem literarischen Wunder: ein unglaubliches und doch<br \/>\nabsolut glaubhaftes Meisterwerk \u00fcber das Leben, den Tod und die Liebe.<\/p>\n<p>Nach dem Bestseller \u203aSchiffbruch mit Tiger\u2039 jetzt der neue gro\u00dfe Roman von<br \/>\nYann Martel: \u203aDie Hohen Berge Portugals\u2039 ist ein Meisterwerk voller Weisheit<br \/>\nund Witz!<\/p>","protected":false},"excerpt":{"rendered":"<ul>\n<li><a href=\"https:\/\/pizbube.ch\/wp-content\/uploads\/attachments\/a_030\/DD6FA918E211DD4A2865A2308C474125.pdf\" target=\"_blank\" rel=\"noopener\">PDF: Leseprobe_Die_hohen_Berge_Portugals.pdf<\/a><\/li>\n<\/ul>","protected":false},"featured_media":40186,"template":"","meta":[],"product_brand":[],"product_cat":[21629],"product_tag":[],"class_list":{"0":"post-148615","1":"product","2":"type-product","3":"status-publish","4":"has-post-thumbnail","6":"product_cat-belletristik","7":"pa_autor-martel","8":"pa_erscheinungsjahr-21571","9":"pa_region-portugal","10":"pa_sprache-de","12":"first","13":"instock","14":"taxable","15":"shipping-taxable","16":"purchasable","17":"product-type-simple"},"_links":{"self":[{"href":"https:\/\/pizbube.ch\/en\/wp-json\/wp\/v2\/product\/148615","targetHints":{"allow":["GET"]}}],"collection":[{"href":"https:\/\/pizbube.ch\/en\/wp-json\/wp\/v2\/product"}],"about":[{"href":"https:\/\/pizbube.ch\/en\/wp-json\/wp\/v2\/types\/product"}],"wp:featuredmedia":[{"embeddable":true,"href":"https:\/\/pizbube.ch\/en\/wp-json\/wp\/v2\/media\/40186"}],"wp:attachment":[{"href":"https:\/\/pizbube.ch\/en\/wp-json\/wp\/v2\/media?parent=148615"}],"wp:term":[{"taxonomy":"product_brand","embeddable":true,"href":"https:\/\/pizbube.ch\/en\/wp-json\/wp\/v2\/product_brand?post=148615"},{"taxonomy":"product_cat","embeddable":true,"href":"https:\/\/pizbube.ch\/en\/wp-json\/wp\/v2\/product_cat?post=148615"},{"taxonomy":"product_tag","embeddable":true,"href":"https:\/\/pizbube.ch\/en\/wp-json\/wp\/v2\/product_tag?post=148615"}],"curies":[{"name":"wp","href":"https:\/\/api.w.org\/{rel}","templated":true}]}}