{"id":148616,"date":"2021-01-15T10:57:44","date_gmt":"2021-01-15T10:57:44","guid":{"rendered":"https:\/\/codengine3.ch\/?product=import-placeholder-for-208533"},"modified":"2022-04-07T08:44:06","modified_gmt":"2022-04-07T06:44:06","slug":"portugal-nord-die-schoensten-wanderungen-zwischen-estrela-und-minho","status":"publish","type":"product","link":"https:\/\/pizbube.ch\/en\/shop\/portugal-nord-die-schoensten-wanderungen-zwischen-estrela-und-minho\/","title":{"rendered":"Portugal Nord &#8211; Die sch\u00f6nsten Wanderungen zwischen Estrela und Minho"},"content":{"rendered":"<p><span class=\"value\">Atemberaubend sch\u00f6ne H\u00fcgel- und Gebirgslandschaften, einsame Hochebenen und tief eingeschnittene Flusst\u00e4ler. Darin eingebettet sind pittoreske Bergd\u00f6rfer und auf den Hochweiden vermitteln die eindrucksvollen, aber gutm\u00fctigen Cachena-Langhornrinder einen Hauch von Wildwest. Der Norden Portugals ist bis heute ein uriges und nahezu unentdecktes Naturparadies geblieben. Der Rother Wanderf\u00fchrer \u00bbPortugal Nord\u00ab stellt 50 abwechslungsreiche Touren zwischen Estrela und Minho vor.<\/span><\/p>\n<p>Besonders sch\u00f6ne Wanderungen lassen sich in Portugals einzigem Nationalpark Peneda-Ger\u00eas ganz im Nordwesten, an der Grenze zu Galicien, oder in einem der f\u00fcnf Naturparks der Region unternehmen. Die Tourenauswahl umfasst leichte bis anspruchsvolle Touren, kurze Spazierg\u00e4nge wie auch Tageswanderungen. Dabei erschlie\u00dfen sich den Wanderern ganz unterschiedliche Landschaften: die K\u00fcstenregion rund um Esposende, einsame Hochfl\u00e4chen und anspruchsvolle Gebirgsregionen. Auch auf den h\u00f6chsten Berg auf Portugals Festland, den 1.993 Meter hohen Torre in der Serra da Estrela, f\u00fchren lohnende Touren.<\/p>\n<p>Jeder Tourenvorschlag enth\u00e4lt eine ausf\u00fchrliche Routenbeschreibung, einen detaillierten Kartenausschnitt mit eingezeichnetem Wegverlauf und ein aussagekr\u00e4ftiges H\u00f6henprofil. Eine farbige Schwierigkeitsbewertung erleichtert die Auswahl. Eine \u00fcbersichtliche Kurzinfo informiert bei jeder Tour \u00fcber die Anforderungen, den Ausgangspunkt, Einkehrm\u00f6glichkeiten, Varianten und vieles mehr. GPS-Tracks stehen zum Download bereit.<\/p>\n<p>3., aktualisierte Auflage 2020<br \/>\n50 Touren; 176 Seiten<br \/>\n50 H\u00f6henprofile, 50 Wanderk\u00e4rtchen im Ma\u00dfstab 1:25.000 und 1:50.000, eine \u00dcbersichtskarte<\/p>","protected":false},"excerpt":{"rendered":"<p>Atemberaubend sch\u00f6ne H\u00fcgel- und Gebirgslandschaften, einsame Hochebenen und tief eingeschnittene Flusst\u00e4ler. Darin eingebettet sind pittoreske Bergd\u00f6rfer und auf den Hochweiden vermitteln die eindrucksvollen, aber gutm\u00fctigen Cachena-Langhornrinder einen Hauch von Wildwest. Der Norden Portugals ist bis heute ein uriges und nahezu unentdecktes Naturparadies geblieben. Der Rother Wanderf\u00fchrer \u00bbPortugal Nord\u00ab stellt 50 abwechslungsreiche Touren zwischen Estrela und [&#8230;]\n","protected":false},"featured_media":161380,"template":"","meta":[],"product_brand":[],"product_cat":[21605],"product_tag":[],"class_list":{"0":"post-148616","1":"product","2":"type-product","3":"status-publish","4":"has-post-thumbnail","6":"product_cat-wanderfuehrer-trekking","7":"pa_autor-halbartschlager-russ","8":"pa_erscheinungsjahr-21558","9":"pa_region-portugal","10":"pa_sprache-de","12":"first","13":"instock","14":"taxable","15":"shipping-taxable","16":"purchasable","17":"product-type-simple"},"_links":{"self":[{"href":"https:\/\/pizbube.ch\/en\/wp-json\/wp\/v2\/product\/148616","targetHints":{"allow":["GET"]}}],"collection":[{"href":"https:\/\/pizbube.ch\/en\/wp-json\/wp\/v2\/product"}],"about":[{"href":"https:\/\/pizbube.ch\/en\/wp-json\/wp\/v2\/types\/product"}],"wp:featuredmedia":[{"embeddable":true,"href":"https:\/\/pizbube.ch\/en\/wp-json\/wp\/v2\/media\/161380"}],"wp:attachment":[{"href":"https:\/\/pizbube.ch\/en\/wp-json\/wp\/v2\/media?parent=148616"}],"wp:term":[{"taxonomy":"product_brand","embeddable":true,"href":"https:\/\/pizbube.ch\/en\/wp-json\/wp\/v2\/product_brand?post=148616"},{"taxonomy":"product_cat","embeddable":true,"href":"https:\/\/pizbube.ch\/en\/wp-json\/wp\/v2\/product_cat?post=148616"},{"taxonomy":"product_tag","embeddable":true,"href":"https:\/\/pizbube.ch\/en\/wp-json\/wp\/v2\/product_tag?post=148616"}],"curies":[{"name":"wp","href":"https:\/\/api.w.org\/{rel}","templated":true}]}}