{"id":148618,"date":"2021-01-15T10:57:44","date_gmt":"2021-01-15T10:57:44","guid":{"rendered":"https:\/\/codengine3.ch\/?product=import-placeholder-for-207090"},"modified":"2023-06-06T11:35:45","modified_gmt":"2023-06-06T09:35:45","slug":"kaukasus-karakorum","status":"publish","type":"product","link":"https:\/\/pizbube.ch\/en\/shop\/kaukasus-karakorum\/","title":{"rendered":"KAUKASUS KARAKORUM"},"content":{"rendered":"<p>Auf den Spuren der Gletscher &#8211; Sulle tracce dei Ghiacciai &#8211; On the trail of<br \/>\nthe glaciers<\/p>\n<p>Gletscher sind das wei\u00dfe Herz unseres Planeten. Dem Pulsschlag und dem<br \/>\nInnenleben dieser riesigen Wasserspeicher sp\u00fcrt die Ausstellung &#171;Kaukasus<br \/>\nKarakorum&#187; mit historischem, k\u00fcnstlerischem und wissenschaftlichen Zugang<br \/>\nnach: rund 30 historischen Bergaufnahmen, die bei Erkundungsexpeditionen vor<br \/>\nmehr als einem Jahrhundert entstanden sind, werden hier aktuelle Gro\u00dfformat-<br \/>\nAutorenfotos gegen\u00fcbergestellt, die deren exakte Nachbildung sind.<\/p>\n<p>Die Ausstellung geht auf das Projekt &#171;Auf den Spuren der Gletscher&#187; von<br \/>\nFabiano Ventura zur\u00fcck. Gemeinsam mit einem Team von Wissenschaftlern hat der<br \/>\nitalienische Fotograf und Alpinist die H\u00f6hen des Karakorums und die noch wenig<br \/>\nerforschten Kaukasus-Gletscher abgebildet und vermessen. Im Rahmen des<br \/>\nProjektes sind weitere Expeditionen zu den bedeutensten Gebirgsgletschern der<br \/>\nWelt geplant. Ziel ist es, einen \u00dcberblick \u00fcber den Gesundheitszustand der<br \/>\nGletscher und die k\u00fcnftige Klimaentwicklung auf der Erde zu gewinnen.<\/p>\n<p>Die visuelle Unmittelbarkeit der Aufnahmen soll das Umweltbewusstsein des<br \/>\nBetrachters sch\u00e4rfen und die \u00f6ffentliche Meinung f\u00fcr die Themen Umweltschutz<br \/>\nund Klimawandel sensibilisieren &#8211; zum Schutz der Gletscher, die einen<br \/>\nwichtigen Wasserspeicher und damit unser aller Zukunft darstellen.<\/p>\n<p>I ghiacciai, cuore bianco del Pianeta, oggi pulsano di storia, di scienza, di<br \/>\narte. Succede nella mostra \u201cKaukasus Karakorum\u201d, dove 30 confronti<br \/>\nfotografici, tra grandi stampe contemporanee autoriali e immagini scattate<br \/>\noltre un secolo fa dai primi fotografi esploratori, contano i \u201cbattiti\u201d e<br \/>\ntestimoniano le profonde pieghe di queste immense riserve di acqua della<br \/>\nTerra.<br \/>\nLa mostra temporanea, che si presenta quest\u2019anno al Messner Mountain Museum<br \/>\nFirmian, racconta il lavoro fotografico e scientifico di Fabiano Ventura,<br \/>\nfotografo e alpinista, e del suo team di scienziati tra le grandi distese del<br \/>\nKarakorum e tra i ghiacciai inesplorati del Caucaso. Entrambe le spedizioni<br \/>\nsono parte del progetto \u201cSulle tracce dei ghiacciai\u201d, ideato dallo stesso<br \/>\nVentura, che ne prevede altre nei ghiacciai montani pi\u00f9 strategici del<br \/>\nPianeta. Per avere, alla fine, una visione globale dello stato di salute dei<br \/>\nghiacciai e del futuro climatico della Terra.<\/p>\n<p>Obiettivo della mostra \u00e8 suscitare nell\u2019opinione pubblica, attraverso il forte<br \/>\nimpatto visivo delle immagini, una maggiore coscienza ambientale e una<br \/>\nconsapevolezza delle problematiche legate ai cambiamenti climatici e alla<br \/>\ngestione sostenibile delle risorse naturali. Per la salvaguardia dei ghiacciai<br \/>\ndel Pianeta, le nostre risorse idriche, il futuro di tutti noi.<br \/>\n76 pagine con fotografie a colori<\/p>","protected":false},"excerpt":{"rendered":"<p>Auf den Spuren der Gletscher &#8211; Sulle tracce dei Ghiacciai &#8211; On the trail of the glaciers Gletscher sind das wei\u00dfe Herz unseres Planeten. Dem Pulsschlag und dem Innenleben dieser riesigen Wasserspeicher sp\u00fcrt die Ausstellung &#171;Kaukasus Karakorum&#187; mit historischem, k\u00fcnstlerischem und wissenschaftlichen Zugang nach: rund 30 historischen Bergaufnahmen, die bei Erkundungsexpeditionen vor mehr als einem [&#8230;]\n","protected":false},"featured_media":36773,"template":"","meta":[],"product_brand":[],"product_cat":[21542],"product_tag":[],"class_list":{"0":"post-148618","1":"product","2":"type-product","3":"status-publish","4":"has-post-thumbnail","6":"product_cat-sachbuecher-dokumentationen","7":"pa_autor-ventura","8":"pa_erscheinungsjahr-21568","9":"pa_region-asien","10":"pa_sprache-it-de-en","12":"first","13":"outofstock","14":"taxable","15":"shipping-taxable","16":"purchasable","17":"product-type-simple"},"_links":{"self":[{"href":"https:\/\/pizbube.ch\/en\/wp-json\/wp\/v2\/product\/148618","targetHints":{"allow":["GET"]}}],"collection":[{"href":"https:\/\/pizbube.ch\/en\/wp-json\/wp\/v2\/product"}],"about":[{"href":"https:\/\/pizbube.ch\/en\/wp-json\/wp\/v2\/types\/product"}],"wp:featuredmedia":[{"embeddable":true,"href":"https:\/\/pizbube.ch\/en\/wp-json\/wp\/v2\/media\/36773"}],"wp:attachment":[{"href":"https:\/\/pizbube.ch\/en\/wp-json\/wp\/v2\/media?parent=148618"}],"wp:term":[{"taxonomy":"product_brand","embeddable":true,"href":"https:\/\/pizbube.ch\/en\/wp-json\/wp\/v2\/product_brand?post=148618"},{"taxonomy":"product_cat","embeddable":true,"href":"https:\/\/pizbube.ch\/en\/wp-json\/wp\/v2\/product_cat?post=148618"},{"taxonomy":"product_tag","embeddable":true,"href":"https:\/\/pizbube.ch\/en\/wp-json\/wp\/v2\/product_tag?post=148618"}],"curies":[{"name":"wp","href":"https:\/\/api.w.org\/{rel}","templated":true}]}}