{"id":148622,"date":"2021-01-15T10:57:44","date_gmt":"2021-01-15T10:57:44","guid":{"rendered":"https:\/\/codengine3.ch\/?product=import-placeholder-for-204455"},"modified":"2023-06-17T14:14:29","modified_gmt":"2023-06-17T12:14:29","slug":"lake-district-27-wanderungen","status":"publish","type":"product","link":"https:\/\/pizbube.ch\/en\/shop\/lake-district-27-wanderungen\/","title":{"rendered":"Lake District &#8211; 27 Wanderungen"},"content":{"rendered":"<p>Der Lake District gilt als eine der sch\u00f6nsten Gegenden Gro\u00dfbritanniens und ist<br \/>\ndort schon lange als Wanderparadies bekannt. Dieser Wanderf\u00fchrer beschreibt 27<br \/>\nder sch\u00f6nsten Touren in der Region: Es geht auf die h\u00f6chsten Gipfel Englands,<br \/>\ndurch saftiggr\u00fcne T\u00e4ler, zu mysteri\u00f6sen Steinkreisen, r\u00f6mischen Ruinen und<br \/>\ngeheimnisvollen Spukschl\u00f6ssern.<\/p>\n<p>Zu jeder Tour gibt es eine detaillierte Wegbeschreibung mit Karten,<br \/>\nH\u00f6henprofilen und GPS-Tracks, Tipps zum Wandern mit Kindern, Buggy und Hund<br \/>\nsowie Hinweise zu Rastpl\u00e4tzen, Einkehrm\u00f6glichkeiten und Markierungen.<br \/>\nAllgemeine Infos zu Anreise, \u00dcbernachtungsm\u00f6glichkeiten und<br \/>\nVerkehrsverbindungen sowie interessanten Sehensw\u00fcrdigkeiten runden den<br \/>\nWanderf\u00fchrer ab.<\/p>","protected":false},"excerpt":{"rendered":"<ul>\n<li><a href=\"https:\/\/pizbube.ch\/wp-content\/uploads\/attachments\/a_014\/48AB8A9FA0CDB51F0A50D60981DF53FB.pdf\" target=\"_blank\" rel=\"noopener\">PDF: Leseprobe_LakeDistrict.pdf<\/a><\/li>\n<\/ul>","protected":false},"featured_media":32340,"template":"","meta":[],"product_brand":[],"product_cat":[21605],"product_tag":[],"class_list":{"0":"post-148622","1":"product","2":"type-product","3":"status-publish","4":"has-post-thumbnail","6":"product_cat-wanderfuehrer-trekking","7":"pa_autor-regeniter","8":"pa_erscheinungsjahr-21574","9":"pa_region-grossbritannien-scottland","10":"pa_sprache-de","12":"first","13":"onbackorder","14":"taxable","15":"shipping-taxable","16":"purchasable","17":"product-type-simple"},"_links":{"self":[{"href":"https:\/\/pizbube.ch\/en\/wp-json\/wp\/v2\/product\/148622","targetHints":{"allow":["GET"]}}],"collection":[{"href":"https:\/\/pizbube.ch\/en\/wp-json\/wp\/v2\/product"}],"about":[{"href":"https:\/\/pizbube.ch\/en\/wp-json\/wp\/v2\/types\/product"}],"wp:featuredmedia":[{"embeddable":true,"href":"https:\/\/pizbube.ch\/en\/wp-json\/wp\/v2\/media\/32340"}],"wp:attachment":[{"href":"https:\/\/pizbube.ch\/en\/wp-json\/wp\/v2\/media?parent=148622"}],"wp:term":[{"taxonomy":"product_brand","embeddable":true,"href":"https:\/\/pizbube.ch\/en\/wp-json\/wp\/v2\/product_brand?post=148622"},{"taxonomy":"product_cat","embeddable":true,"href":"https:\/\/pizbube.ch\/en\/wp-json\/wp\/v2\/product_cat?post=148622"},{"taxonomy":"product_tag","embeddable":true,"href":"https:\/\/pizbube.ch\/en\/wp-json\/wp\/v2\/product_tag?post=148622"}],"curies":[{"name":"wp","href":"https:\/\/api.w.org\/{rel}","templated":true}]}}