{"id":148626,"date":"2021-01-15T10:57:44","date_gmt":"2021-01-15T10:57:44","guid":{"rendered":"https:\/\/codengine3.ch\/?product=import-placeholder-for-200464"},"modified":"2021-01-15T10:57:50","modified_gmt":"2021-01-15T10:57:50","slug":"bergkameraden","status":"publish","type":"product","link":"https:\/\/pizbube.ch\/en\/shop\/bergkameraden\/","title":{"rendered":"Bergkameraden"},"content":{"rendered":"<p>Soziale Nahbeziehungen im alpinistischen Diskurs (1860-2010)<\/p>\n<p>Bergsteigen eignet sich f\u00fcr die wandelbare Projektion von<br \/>\nGemeinschaftssehns\u00fcchten und f\u00fcr hart umk\u00e4mpfte Entw\u00fcrfe von Identit\u00e4t, die<br \/>\nauf vielf\u00e4ltige Weise in den Geschlechtergegensatz verstrickt sind. Dieses<br \/>\nBuch befragt die alpine Literatur der zur\u00fcckliegenden 150 Jahre daraufhin, wie<br \/>\nsoziale Nahbeziehungen &#171;am Berg&#187; verhandelt wurden.<\/p>","protected":false},"excerpt":{"rendered":"<ul>\n<li><a href=\"https:\/\/pizbube.ch\/wp-content\/uploads\/attachments\/a_003\/2CC39464F65B89AEA6B2301873A4976B.pdf\" target=\"_blank\" rel=\"noopener\">PDF: Inhaltsverzeichnis_Bergkameraden.pdf<\/a><\/li>\n<\/ul>","protected":false},"featured_media":26951,"template":"","meta":[],"product_brand":[],"product_cat":[21542],"product_tag":[],"class_list":{"0":"post-148626","1":"product","2":"type-product","3":"status-publish","4":"has-post-thumbnail","6":"product_cat-sachbuecher-dokumentationen","7":"pa_autor-backhaus","8":"pa_erscheinungsjahr-21571","9":"pa_region-deutschland","10":"pa_sprache-de","12":"first","13":"instock","14":"taxable","15":"shipping-taxable","16":"purchasable","17":"product-type-simple"},"_links":{"self":[{"href":"https:\/\/pizbube.ch\/en\/wp-json\/wp\/v2\/product\/148626","targetHints":{"allow":["GET"]}}],"collection":[{"href":"https:\/\/pizbube.ch\/en\/wp-json\/wp\/v2\/product"}],"about":[{"href":"https:\/\/pizbube.ch\/en\/wp-json\/wp\/v2\/types\/product"}],"wp:featuredmedia":[{"embeddable":true,"href":"https:\/\/pizbube.ch\/en\/wp-json\/wp\/v2\/media\/26951"}],"wp:attachment":[{"href":"https:\/\/pizbube.ch\/en\/wp-json\/wp\/v2\/media?parent=148626"}],"wp:term":[{"taxonomy":"product_brand","embeddable":true,"href":"https:\/\/pizbube.ch\/en\/wp-json\/wp\/v2\/product_brand?post=148626"},{"taxonomy":"product_cat","embeddable":true,"href":"https:\/\/pizbube.ch\/en\/wp-json\/wp\/v2\/product_cat?post=148626"},{"taxonomy":"product_tag","embeddable":true,"href":"https:\/\/pizbube.ch\/en\/wp-json\/wp\/v2\/product_tag?post=148626"}],"curies":[{"name":"wp","href":"https:\/\/api.w.org\/{rel}","templated":true}]}}