{"id":148628,"date":"2021-01-15T10:57:44","date_gmt":"2021-01-15T10:57:44","guid":{"rendered":"https:\/\/codengine3.ch\/?product=import-placeholder-for-205299"},"modified":"2021-01-15T14:40:10","modified_gmt":"2021-01-15T14:40:10","slug":"berg-sucht","status":"publish","type":"product","link":"https:\/\/pizbube.ch\/en\/shop\/berg-sucht\/","title":{"rendered":"Berg-Sucht"},"content":{"rendered":"<p>Eine Kulturgeschichte des fr\u00fchen Alpinismus 1750-1850  <\/p>\n<p>Die b\u00fcrgerliche Erfindung des organisierten Bergsteigens seit dem Ende des 18.<br \/>\nJahrhunderts bedeutet eine wichtige Etappe im Fortschrittsprozess der Moderne.<br \/>\nDer Autor sp\u00fcrt den Erfahrungen nach, welche die Menschen jener Zeit im<br \/>\nextremen Hochgebirge und in der Begegnung mit einer allgewaltigen Natur<br \/>\nmachten. So erstehen vor uns Bilder und Szenen, in denen die heftigen<br \/>\nEindr\u00fccke der ersten Alpinisten abzulesen sind. Keine der Bergaktionen war<br \/>\nm\u00f6glich ohne den Einsatz des eigenen Leibes. Den K\u00f6rpererfahrungen gilt also<br \/>\nbesonderes Interesse wie auch der Ausr\u00fcstung, den Ger\u00e4ten und den fr\u00fchen<br \/>\nAlpintechniken, die heute fast durchwegs vergessen sind. Auf den Gipfeln<br \/>\nhinterlie\u00dfen die Bergsteiger Zeichen ihrer Anwesenheit.  <\/p>\n<p>In einer Ph\u00e4nomenologie und Geschichte der Gipfelzeichen m\u00fcndet das Buch. Das<br \/>\nGipfelkreuz stellt dabei keineswegs ein Zeichen tiefen Glaubens dar, sondern &#8211;<br \/>\nso die provokante These &#8211; ein Dokument tendenziellen Gottesverlustes.<\/p>","protected":false},"excerpt":{"rendered":"<p>Eine Kulturgeschichte des fr\u00fchen Alpinismus 1750-1850 Die b\u00fcrgerliche Erfindung des organisierten Bergsteigens seit dem Ende des 18. Jahrhunderts bedeutet eine wichtige Etappe im Fortschrittsprozess der Moderne. Der Autor sp\u00fcrt den Erfahrungen nach, welche die Menschen jener Zeit im extremen Hochgebirge und in der Begegnung mit einer allgewaltigen Natur machten. So erstehen vor uns Bilder und [&#8230;]\n","protected":false},"featured_media":33966,"template":"","meta":[],"product_brand":[],"product_cat":[21580],"product_tag":[],"class_list":{"0":"post-148628","1":"product","2":"type-product","3":"status-publish","4":"has-post-thumbnail","6":"product_cat-kunst-kultur","7":"pa_autor-scharfe","8":"pa_erscheinungsjahr-21591","9":"pa_region-oesterreich","10":"pa_sprache-de","12":"first","13":"instock","14":"taxable","15":"shipping-taxable","16":"purchasable","17":"product-type-simple"},"_links":{"self":[{"href":"https:\/\/pizbube.ch\/en\/wp-json\/wp\/v2\/product\/148628","targetHints":{"allow":["GET"]}}],"collection":[{"href":"https:\/\/pizbube.ch\/en\/wp-json\/wp\/v2\/product"}],"about":[{"href":"https:\/\/pizbube.ch\/en\/wp-json\/wp\/v2\/types\/product"}],"wp:featuredmedia":[{"embeddable":true,"href":"https:\/\/pizbube.ch\/en\/wp-json\/wp\/v2\/media\/33966"}],"wp:attachment":[{"href":"https:\/\/pizbube.ch\/en\/wp-json\/wp\/v2\/media?parent=148628"}],"wp:term":[{"taxonomy":"product_brand","embeddable":true,"href":"https:\/\/pizbube.ch\/en\/wp-json\/wp\/v2\/product_brand?post=148628"},{"taxonomy":"product_cat","embeddable":true,"href":"https:\/\/pizbube.ch\/en\/wp-json\/wp\/v2\/product_cat?post=148628"},{"taxonomy":"product_tag","embeddable":true,"href":"https:\/\/pizbube.ch\/en\/wp-json\/wp\/v2\/product_tag?post=148628"}],"curies":[{"name":"wp","href":"https:\/\/api.w.org\/{rel}","templated":true}]}}