{"id":148629,"date":"2021-01-15T10:57:44","date_gmt":"2021-01-15T10:57:44","guid":{"rendered":"https:\/\/codengine3.ch\/?product=import-placeholder-for-208659"},"modified":"2023-03-07T10:27:45","modified_gmt":"2023-03-07T09:27:45","slug":"alltag-albtraum-abenteuer-gebirgsueberschreitung-und-gipfelsturm-in-der-geschichte","status":"publish","type":"product","link":"https:\/\/pizbube.ch\/en\/shop\/alltag-albtraum-abenteuer-gebirgsueberschreitung-und-gipfelsturm-in-der-geschichte\/","title":{"rendered":"Alltag &#8211; Albtraum &#8211; Abenteuer; Gebirgs\u00fcberschreitung und Gipfelsturm in der Geschichte"},"content":{"rendered":"<p>Seit es Menschen gibt, gehen sie ins und \u00fcbers Gebirge. F\u00fcr viele ist das<br \/>\neinfach Alltag und Arbeit, andere werden wider Willen und zu ihrem Entsetzen<br \/>\nin eisige H\u00f6hen verschlagen, und wieder andere suchen diese aus eigenem<br \/>\nAntrieb als Ort heroischer Bew\u00e4hrung auf. Das Thema \u201eMensch und Berg\u201c wird<br \/>\nmeist aus der klar umgrenzten Perspektive einzelner Disziplinen betrachtet.<\/p>\n<p>Der vorliegende Band w\u00e4hlt dagegen bewusst einen universalhistorischen Zugang.<br \/>\nDie in ihm versammelten Beitr\u00e4ge repr\u00e4sentieren zahlreiche F\u00e4cher von der<br \/>\nGeschichte \u00fcber die Literaturwissenschaft bis zur Kulturanthropologie,<br \/>\nschlagen einen Bogen von der Steinzeit bis zur Gegenwart und stellen das<br \/>\nRegionale neben die Berge der Welt. Zwischen ihnen entwickelt sich ein Dialog,<br \/>\nin dem die unterschiedlichsten Sichtweisen, Epochen und R\u00e4ume zur Sprache<br \/>\nkommen.<\/p>\n<p>Es werden Aufs\u00e4tze dargestellt, von deren Inhalt man nat\u00fcrlich schon geh\u00f6rt aber noch nicht in solcher Ausf\u00fchrlichkeit und Genauigkeit gelesen hat.<br \/>\nZum Beispiel: Hannibals Alpen\u00fcberquerung oder der Weg Alexander des Gro\u00dfen \u00fcber den Hindukusch oder<br \/>\nMarco Polo auf dem \u201eDach der Welt\u201c oder die Erstbesteigung des Piz Bernina oder Hitlers Gebirgsj\u00e4ger auf dem Elbrus oder<br \/>\nder lange Weg nach Lhasa von Heinrich Harrer und Peter Aufschnaiter oder mit dem Carbonstock in die Steinzeit. Dies nur als kleine Auswahl.<\/p>","protected":false},"excerpt":{"rendered":"<ul>\n<li><a href=\"https:\/\/pizbube.ch\/wp-content\/uploads\/attachments\/a_031\/F0E3EB0BA32D3FC67C211E445EB4EDE9.pdf\" target=\"_blank\" rel=\"noopener\">PDF: Inhalt_Alltag_Albtraum_Abenteuer.pdf<\/a><\/li>\n<\/ul>","protected":false},"featured_media":40866,"template":"","meta":[],"product_brand":[],"product_cat":[21580],"product_tag":[],"class_list":{"0":"post-148629","1":"product","2":"type-product","3":"status-publish","4":"has-post-thumbnail","6":"product_cat-kunst-kultur","7":"pa_autor-kasper-korenjak-rollinger-rudigier","8":"pa_erscheinungsjahr-21597","9":"pa_region-oesterreich","10":"pa_sprache-de","12":"first","13":"instock","14":"taxable","15":"shipping-taxable","16":"purchasable","17":"product-type-simple"},"_links":{"self":[{"href":"https:\/\/pizbube.ch\/en\/wp-json\/wp\/v2\/product\/148629","targetHints":{"allow":["GET"]}}],"collection":[{"href":"https:\/\/pizbube.ch\/en\/wp-json\/wp\/v2\/product"}],"about":[{"href":"https:\/\/pizbube.ch\/en\/wp-json\/wp\/v2\/types\/product"}],"wp:featuredmedia":[{"embeddable":true,"href":"https:\/\/pizbube.ch\/en\/wp-json\/wp\/v2\/media\/40866"}],"wp:attachment":[{"href":"https:\/\/pizbube.ch\/en\/wp-json\/wp\/v2\/media?parent=148629"}],"wp:term":[{"taxonomy":"product_brand","embeddable":true,"href":"https:\/\/pizbube.ch\/en\/wp-json\/wp\/v2\/product_brand?post=148629"},{"taxonomy":"product_cat","embeddable":true,"href":"https:\/\/pizbube.ch\/en\/wp-json\/wp\/v2\/product_cat?post=148629"},{"taxonomy":"product_tag","embeddable":true,"href":"https:\/\/pizbube.ch\/en\/wp-json\/wp\/v2\/product_tag?post=148629"}],"curies":[{"name":"wp","href":"https:\/\/api.w.org\/{rel}","templated":true}]}}