{"id":148630,"date":"2021-01-15T10:57:44","date_gmt":"2021-01-15T10:57:44","guid":{"rendered":"https:\/\/codengine3.ch\/?product=import-placeholder-for-206882"},"modified":"2021-01-15T14:52:57","modified_gmt":"2021-01-15T14:52:57","slug":"berg-heil","status":"publish","type":"product","link":"https:\/\/pizbube.ch\/en\/shop\/berg-heil\/","title":{"rendered":"Berg heil!"},"content":{"rendered":"<p>Alpenverein und Bergsteigen 1918-1945  <\/p>\n<p>Die Berge als Reiseziel sind in den Jahrzehnten nach dem Ersten Weltkrieg von<br \/>\neiner bis dahin kaum vorstellbaren Zahl von Menschen entdeckt worden. Die<br \/>\ndamals neuen Medien Rundfunk und Film vermittelten ihrem Publikum die<br \/>\nVorstellung einer heroischen Bergwelt, und das Bergsteigen selbst wurde<br \/>\nex\u00adtremer als jemals zuvor. Auch f\u00fcr den Alpen-\u00adverein f\u00fchrte diese<br \/>\nEntwicklung zu erheb\u00adlichen Ver\u00e4nderungen. Politisch positionierte er sich<br \/>\nzunehmend deutschnational und antisemitisch und spielte damit eine wichtige<br \/>\nRolle bei der Durchdringung von Alltag und Freizeit mit<br \/>\nnationalsozialistischem Gedankengut.  <\/p>\n<p>Das reich bebilderte Buch f\u00fchrt in diese Zeit zur\u00fcck und erz\u00e4hlt von gro\u00dfen<br \/>\nalpinistischen Leistungen, aber auch von der Entwicklung des Bergsteigens zum<br \/>\nBreitensport. Untersucht wird die politische Geschichte des Alpenvereins und<br \/>\nseine besondere Stellung als staats\u00fcbergreifender Verband in Deutschland,<br \/>\n\u00d6sterreich und S\u00fcdtirol. Dar\u00fcber hinaus werden wesentliche T\u00e4tigkeits\u00adfelder<br \/>\ndes Alpenvereins vorgestellt, die bis heute nicht an Bedeutung verloren haben:<br \/>\nNaturschutz, Expeditionswesen, Wissenschaft und Bildung.<\/p>\n<p>Das Buch ist Ergebnis eines mehrj\u00e4hrigen Forschungsprojektes und pr\u00e4sentiert<br \/>\nf\u00fcr ein breites, an der Bergwelt interessiertes Publikum wertvolles neues<br \/>\nWissen. Es bereichert die Faszination an den Bergen um eine historische<br \/>\nDimension.  <\/p>","protected":false},"excerpt":{"rendered":"<ul>\n<li><a href=\"https:\/\/pizbube.ch\/wp-content\/uploads\/attachments\/a_015\/544C86E5F100E33807FB0FD5498ACBDB.pdf\" target=\"_blank\" rel=\"noopener\">PDF: Berg-Heil_Leseprobe<\/a><\/li>\n<\/ul>","protected":false},"featured_media":36334,"template":"","meta":[],"product_brand":[],"product_cat":[21542],"product_tag":[],"class_list":{"0":"post-148630","1":"product","2":"type-product","3":"status-publish","4":"has-post-thumbnail","6":"product_cat-sachbuecher-dokumentationen","7":"pa_autor-achrainer","8":"pa_erscheinungsjahr-21610","9":"pa_region-deutschland","10":"pa_sprache-de","12":"first","13":"instock","14":"taxable","15":"shipping-taxable","16":"purchasable","17":"product-type-simple"},"_links":{"self":[{"href":"https:\/\/pizbube.ch\/en\/wp-json\/wp\/v2\/product\/148630","targetHints":{"allow":["GET"]}}],"collection":[{"href":"https:\/\/pizbube.ch\/en\/wp-json\/wp\/v2\/product"}],"about":[{"href":"https:\/\/pizbube.ch\/en\/wp-json\/wp\/v2\/types\/product"}],"wp:featuredmedia":[{"embeddable":true,"href":"https:\/\/pizbube.ch\/en\/wp-json\/wp\/v2\/media\/36334"}],"wp:attachment":[{"href":"https:\/\/pizbube.ch\/en\/wp-json\/wp\/v2\/media?parent=148630"}],"wp:term":[{"taxonomy":"product_brand","embeddable":true,"href":"https:\/\/pizbube.ch\/en\/wp-json\/wp\/v2\/product_brand?post=148630"},{"taxonomy":"product_cat","embeddable":true,"href":"https:\/\/pizbube.ch\/en\/wp-json\/wp\/v2\/product_cat?post=148630"},{"taxonomy":"product_tag","embeddable":true,"href":"https:\/\/pizbube.ch\/en\/wp-json\/wp\/v2\/product_tag?post=148630"}],"curies":[{"name":"wp","href":"https:\/\/api.w.org\/{rel}","templated":true}]}}