{"id":148631,"date":"2021-01-15T10:57:44","date_gmt":"2021-01-15T10:57:44","guid":{"rendered":"https:\/\/codengine3.ch\/?product=import-placeholder-for-200465"},"modified":"2021-01-15T10:57:50","modified_gmt":"2021-01-15T10:57:50","slug":"ilulissat-120000","status":"publish","type":"product","link":"https:\/\/pizbube.ch\/en\/shop\/ilulissat-120000\/","title":{"rendered":"Ilulissat 1:20&#8217;000"},"content":{"rendered":"<p>Wanderkarten West &#8211; Gr\u00f6nland, Blatt 12<\/p>\n<p>Die topograhischen Karten bieten ihnen einen hervorragenden \u00dcberblick \u00fcber die<br \/>\nverschiedenen Wanderm\u00f6glichkeiten in den jeweiligen Gebieten.<\/p>\n<p>Auf der R\u00fcckseite finde sie umfangreiche Informationen und Wanderhinweise in<br \/>\nEnglisch auf der Kartenr\u00fcckseite. Die Karten sind im Farbdruck auf<br \/>\nwasserfestem Papier.<\/p>\n<p>Legende enth\u00e4lt:<br \/>\nStra\u00dfen, F\u00e4hre, Wirtschaftswegen, Fu\u00dfwegen, markierte Routen, empfohlene<br \/>\nRouten mit 4 Schwierigkeitsgraden, Geb\u00e4ude, Siedlungen, Fl\u00fcsse, breiter Bach,<br \/>\nschmaler Bach, Furt, Br\u00fccke, Wasserfall, Sand, Ger\u00f6ll, Krankenstation, Hotel,<br \/>\nHerberge, H\u00fctte, Zeltplatz, Lebensmittelgesch\u00e4ft, Wassergewinnungsgebiet,<br \/>\nAussichtspunkt, Sehensw\u00fcrdigkeiten, Wikinger-Ruinen, Eskimo-Ruinen, Friedhof,<br \/>\nGrabst\u00e4tte, Moor, Sumpf, See, Teich, Meer, 300m farbige Landh\u00f6hen, Eis,<br \/>\nEisfjord, Hubschrauber- Landeplatz, Mast, Leuchtturm.  <\/p>\n<p>H\u00f6henlinienintervalle auf Land und Eis: 25 Meter, Z\u00e4hlkurve auf Land und Eis<br \/>\n100m, UTM- und geographisches Gitter sind eingedruckt, Kartendatum: WGS84,<br \/>\nzus\u00e4tzlich eingezeichnet: Linien der magnetischen Deklination.  <\/p>","protected":false},"excerpt":{"rendered":"<p>Wanderkarten West &#8211; Gr\u00f6nland, Blatt 12 Die topograhischen Karten bieten ihnen einen hervorragenden \u00dcberblick \u00fcber die verschiedenen Wanderm\u00f6glichkeiten in den jeweiligen Gebieten. Auf der R\u00fcckseite finde sie umfangreiche Informationen und Wanderhinweise in Englisch auf der Kartenr\u00fcckseite. Die Karten sind im Farbdruck auf wasserfestem Papier. Legende enth\u00e4lt: Stra\u00dfen, F\u00e4hre, Wirtschaftswegen, Fu\u00dfwegen, markierte Routen, empfohlene Routen mit [&#8230;]\n","protected":false},"featured_media":26969,"template":"","meta":[],"product_brand":[],"product_cat":[21543],"product_tag":[],"class_list":{"0":"post-148631","1":"product","2":"type-product","3":"status-publish","4":"has-post-thumbnail","6":"product_cat-landkarten","7":"pa_autor-compukort","8":"pa_erscheinungsjahr-21550","9":"pa_region-arktis-antarktis-groenland-island","10":"pa_sprache-de-en-dk","12":"first","13":"instock","14":"taxable","15":"shipping-taxable","16":"purchasable","17":"product-type-simple"},"_links":{"self":[{"href":"https:\/\/pizbube.ch\/en\/wp-json\/wp\/v2\/product\/148631","targetHints":{"allow":["GET"]}}],"collection":[{"href":"https:\/\/pizbube.ch\/en\/wp-json\/wp\/v2\/product"}],"about":[{"href":"https:\/\/pizbube.ch\/en\/wp-json\/wp\/v2\/types\/product"}],"wp:featuredmedia":[{"embeddable":true,"href":"https:\/\/pizbube.ch\/en\/wp-json\/wp\/v2\/media\/26969"}],"wp:attachment":[{"href":"https:\/\/pizbube.ch\/en\/wp-json\/wp\/v2\/media?parent=148631"}],"wp:term":[{"taxonomy":"product_brand","embeddable":true,"href":"https:\/\/pizbube.ch\/en\/wp-json\/wp\/v2\/product_brand?post=148631"},{"taxonomy":"product_cat","embeddable":true,"href":"https:\/\/pizbube.ch\/en\/wp-json\/wp\/v2\/product_cat?post=148631"},{"taxonomy":"product_tag","embeddable":true,"href":"https:\/\/pizbube.ch\/en\/wp-json\/wp\/v2\/product_tag?post=148631"}],"curies":[{"name":"wp","href":"https:\/\/api.w.org\/{rel}","templated":true}]}}