{"id":148634,"date":"2021-01-15T10:57:44","date_gmt":"2021-01-15T10:57:44","guid":{"rendered":"https:\/\/codengine3.ch\/?product=import-placeholder-for-207782"},"modified":"2024-01-31T14:41:30","modified_gmt":"2024-01-31T13:41:30","slug":"evighedsfjorden-175000-sheet-16-west-greenland","status":"publish","type":"product","link":"https:\/\/pizbube.ch\/en\/shop\/evighedsfjorden-175000-sheet-16-west-greenland\/","title":{"rendered":"Evighedsfjorden 1:75&#8217;000 (sheet 16) West Greenland"},"content":{"rendered":"<p>A clear and detailed hiking map for the Evighedsfjorden region of Western<br \/>\nGreenland.<br \/>\nPrinted on waterproof paper with a scale of 1:75,000.<\/p>\n<p>Die topograhischen Karten bieten ihnen einen hervorragenden \u00dcberblick \u00fcber die<br \/>\nverschiedenen Wanderm\u00f6glichkeiten in den jeweiligen Gebieten.<\/p>\n<p>Auf der R\u00fcckseite finde sie umfangreiche Informationen und Wanderhinweise in<br \/>\nEnglisch auf der Kartenr\u00fcckseite. Die Karten sind im Farbdruck auf<br \/>\nwasserfestem Papier.<\/p>\n<p>Legende enth\u00e4lt:<br \/>\nStra\u00dfen, F\u00e4hre, Wirtschaftswegen, Fu\u00dfwegen, markierte Routen, empfohlene<br \/>\nRouten mit 4 Schwierigkeitsgraden, Geb\u00e4ude, Siedlungen, Fl\u00fcsse, breiter Bach,<br \/>\nschmaler Bach, Furt, Br\u00fccke, Wasserfall, Sand, Ger\u00f6ll, Krankenstation, Hotel,<br \/>\nHerberge, H\u00fctte, Zeltplatz, Lebensmittelgesch\u00e4ft, Wassergewinnungsgebiet,<br \/>\nAussichtspunkt, Sehensw\u00fcrdigkeiten, Wikinger-Ruinen, Eskimo-Ruinen, Friedhof,<br \/>\nGrabst\u00e4tte, Moor, Sumpf, See, Teich, Meer, 300m farbige Landh\u00f6hen, Eis,<br \/>\nEisfjord, Hubschrauber- Landeplatz, Mast, Leuchtturm.<\/p>\n<p>H\u00f6henlinienintervalle auf Land und Eis: 25 Meter, Z\u00e4hlkurve auf Land und Eis<br \/>\n100m, UTM- und geographisches Gitter sind eingedruckt, Kartendatum: WGS84,<br \/>\nzus\u00e4tzlich eingezeichnet: Linien der magnetischen Deklination.<\/p>","protected":false},"excerpt":{"rendered":"<p>A clear and detailed hiking map for the Evighedsfjorden region of Western Greenland. Printed on waterproof paper with a scale of 1:75,000. Die topograhischen Karten bieten ihnen einen hervorragenden \u00dcberblick \u00fcber die verschiedenen Wanderm\u00f6glichkeiten in den jeweiligen Gebieten. Auf der R\u00fcckseite finde sie umfangreiche Informationen und Wanderhinweise in Englisch auf der Kartenr\u00fcckseite. Die Karten sind [&#8230;]\n","protected":false},"featured_media":38426,"template":"","meta":[],"product_brand":[],"product_cat":[21543],"product_tag":[],"class_list":{"0":"post-148634","1":"product","2":"type-product","3":"status-publish","4":"has-post-thumbnail","6":"product_cat-landkarten","7":"pa_autor-harvey-maps","8":"pa_erscheinungsjahr-21621","9":"pa_region-arktis-antarktis-groenland-island","10":"pa_sprache-de-en","12":"first","13":"outofstock","14":"taxable","15":"shipping-taxable","16":"purchasable","17":"product-type-simple"},"_links":{"self":[{"href":"https:\/\/pizbube.ch\/en\/wp-json\/wp\/v2\/product\/148634","targetHints":{"allow":["GET"]}}],"collection":[{"href":"https:\/\/pizbube.ch\/en\/wp-json\/wp\/v2\/product"}],"about":[{"href":"https:\/\/pizbube.ch\/en\/wp-json\/wp\/v2\/types\/product"}],"wp:featuredmedia":[{"embeddable":true,"href":"https:\/\/pizbube.ch\/en\/wp-json\/wp\/v2\/media\/38426"}],"wp:attachment":[{"href":"https:\/\/pizbube.ch\/en\/wp-json\/wp\/v2\/media?parent=148634"}],"wp:term":[{"taxonomy":"product_brand","embeddable":true,"href":"https:\/\/pizbube.ch\/en\/wp-json\/wp\/v2\/product_brand?post=148634"},{"taxonomy":"product_cat","embeddable":true,"href":"https:\/\/pizbube.ch\/en\/wp-json\/wp\/v2\/product_cat?post=148634"},{"taxonomy":"product_tag","embeddable":true,"href":"https:\/\/pizbube.ch\/en\/wp-json\/wp\/v2\/product_tag?post=148634"}],"curies":[{"name":"wp","href":"https:\/\/api.w.org\/{rel}","templated":true}]}}