{"id":148636,"date":"2021-01-15T10:57:45","date_gmt":"2021-01-15T10:57:45","guid":{"rendered":"https:\/\/codengine3.ch\/?product=import-placeholder-for-203291"},"modified":"2021-01-15T14:21:51","modified_gmt":"2021-01-15T14:21:51","slug":"groenland-arctic-circle-trail","status":"publish","type":"product","link":"https:\/\/pizbube.ch\/en\/shop\/groenland-arctic-circle-trail\/","title":{"rendered":"Gr\u00f6nland: Arctic Circle Trail"},"content":{"rendered":"<p>Der ca. 160 km lange Arctic Circle Trail erstreckt sich vom Rand des<br \/>\nInlandeises durch die gr\u00f6\u00dfte zusammenh\u00e4ngende eisfreie Fl\u00e4che Westgr\u00f6nlands<br \/>\nbis hin zur K\u00fcste. Der Trail startet direkt am Flughafen in Kangerlussuaq und<br \/>\nf\u00fchrt \u00fcber weites Fjell durch eine unber\u00fchrte Landschaft mit zahlreichen Seen,<br \/>\nFl\u00fcssen und Bergen und endet in Gr\u00f6nlands zweitgr\u00f6\u00dfter Stadt Sisimiut.  <\/p>\n<p>Den Wanderer erwartet eine beeindruckende Natur n\u00f6rdlich des Polarkreises,<br \/>\nfernab jeglicher Zivilisation. Es besteht die M\u00f6glichkeit Moschusochsen,<br \/>\nRentiere, Schneehasen und Polarf\u00fcchse in freier Wildbahn zu beobachten. Das<br \/>\nh\u00e4ufig stabile Wetter und die grandiose Landschaft lassen den Trek f\u00fcr den<br \/>\nerfahrenen Wanderer zu einem einmaligen Erlebnis werden.  <\/p>\n<p>141 Seiten, 15 Karten, 21 farbige Abbildungen, 5 schwarz-wei\u00df Abbildungen<br \/>\n2. \u00fcberarb. Auflg. 2014  <\/p>","protected":false},"excerpt":{"rendered":"<p>Der ca. 160 km lange Arctic Circle Trail erstreckt sich vom Rand des Inlandeises durch die gr\u00f6\u00dfte zusammenh\u00e4ngende eisfreie Fl\u00e4che Westgr\u00f6nlands bis hin zur K\u00fcste. Der Trail startet direkt am Flughafen in Kangerlussuaq und f\u00fchrt \u00fcber weites Fjell durch eine unber\u00fchrte Landschaft mit zahlreichen Seen, Fl\u00fcssen und Bergen und endet in Gr\u00f6nlands zweitgr\u00f6\u00dfter Stadt Sisimiut. [&#8230;]\n","protected":false},"featured_media":40860,"template":"","meta":[],"product_brand":[],"product_cat":[21605],"product_tag":[],"class_list":{"0":"post-148636","1":"product","2":"type-product","3":"status-publish","4":"has-post-thumbnail","6":"product_cat-wanderfuehrer-trekking","7":"pa_autor-kuhnert","8":"pa_erscheinungsjahr-21550","9":"pa_region-arktis-antarktis-groenland-island","10":"pa_sprache-de","12":"first","13":"instock","14":"taxable","15":"shipping-taxable","16":"purchasable","17":"product-type-simple"},"_links":{"self":[{"href":"https:\/\/pizbube.ch\/en\/wp-json\/wp\/v2\/product\/148636","targetHints":{"allow":["GET"]}}],"collection":[{"href":"https:\/\/pizbube.ch\/en\/wp-json\/wp\/v2\/product"}],"about":[{"href":"https:\/\/pizbube.ch\/en\/wp-json\/wp\/v2\/types\/product"}],"wp:featuredmedia":[{"embeddable":true,"href":"https:\/\/pizbube.ch\/en\/wp-json\/wp\/v2\/media\/40860"}],"wp:attachment":[{"href":"https:\/\/pizbube.ch\/en\/wp-json\/wp\/v2\/media?parent=148636"}],"wp:term":[{"taxonomy":"product_brand","embeddable":true,"href":"https:\/\/pizbube.ch\/en\/wp-json\/wp\/v2\/product_brand?post=148636"},{"taxonomy":"product_cat","embeddable":true,"href":"https:\/\/pizbube.ch\/en\/wp-json\/wp\/v2\/product_cat?post=148636"},{"taxonomy":"product_tag","embeddable":true,"href":"https:\/\/pizbube.ch\/en\/wp-json\/wp\/v2\/product_tag?post=148636"}],"curies":[{"name":"wp","href":"https:\/\/api.w.org\/{rel}","templated":true}]}}