{"id":148641,"date":"2021-01-15T10:57:51","date_gmt":"2021-01-15T10:57:51","guid":{"rendered":"https:\/\/codengine3.ch\/?product=import-placeholder-for-202656"},"modified":"2022-06-21T18:06:09","modified_gmt":"2022-06-21T16:06:09","slug":"montsec-oeste","status":"publish","type":"product","link":"https:\/\/pizbube.ch\/en\/shop\/montsec-oeste\/","title":{"rendered":"Montsec oeste"},"content":{"rendered":"<p>La guia proporciona informaci\u00f3 d&#8217;unes duescentes vies:<\/p>\n<p>Paret d&#8217;Arag\u00f3, zona de Montfalc\u00f3, paret de Catalunya, el Castillo&#8230;<br \/>\nTopoguidebook<\/p>\n<p>**SONDERPREIS 1. AUFLAGE: CHF 10.00 STATT CHF 26.10**<\/p>","protected":false},"excerpt":{"rendered":"<p>La guia proporciona informaci\u00f3 d&#8217;unes duescentes vies: Paret d&#8217;Arag\u00f3, zona de Montfalc\u00f3, paret de Catalunya, el Castillo&#8230; Topoguidebook **SONDERPREIS 1. AUFLAGE: CHF 10.00 STATT CHF 26.10**<\/p>","protected":false},"featured_media":30080,"template":"","meta":[],"product_brand":[],"product_cat":[21539],"product_tag":[26950],"class_list":{"0":"post-148641","1":"product","2":"type-product","3":"status-publish","4":"has-post-thumbnail","6":"product_cat-fuehrerliteratur-sportklettern-bouldern","7":"product_tag-pyrenaeen","8":"pa_autor-alfonso-buxo","9":"pa_erscheinungsjahr-22060","10":"pa_region-spanien","11":"pa_sprache-espagnol","13":"first","14":"instock","15":"taxable","16":"shipping-taxable","17":"purchasable","18":"product-type-simple"},"_links":{"self":[{"href":"https:\/\/pizbube.ch\/en\/wp-json\/wp\/v2\/product\/148641","targetHints":{"allow":["GET"]}}],"collection":[{"href":"https:\/\/pizbube.ch\/en\/wp-json\/wp\/v2\/product"}],"about":[{"href":"https:\/\/pizbube.ch\/en\/wp-json\/wp\/v2\/types\/product"}],"wp:featuredmedia":[{"embeddable":true,"href":"https:\/\/pizbube.ch\/en\/wp-json\/wp\/v2\/media\/30080"}],"wp:attachment":[{"href":"https:\/\/pizbube.ch\/en\/wp-json\/wp\/v2\/media?parent=148641"}],"wp:term":[{"taxonomy":"product_brand","embeddable":true,"href":"https:\/\/pizbube.ch\/en\/wp-json\/wp\/v2\/product_brand?post=148641"},{"taxonomy":"product_cat","embeddable":true,"href":"https:\/\/pizbube.ch\/en\/wp-json\/wp\/v2\/product_cat?post=148641"},{"taxonomy":"product_tag","embeddable":true,"href":"https:\/\/pizbube.ch\/en\/wp-json\/wp\/v2\/product_tag?post=148641"}],"curies":[{"name":"wp","href":"https:\/\/api.w.org\/{rel}","templated":true}]}}