{"id":148642,"date":"2021-01-15T10:57:51","date_gmt":"2021-01-15T10:57:51","guid":{"rendered":"https:\/\/codengine3.ch\/?product=import-placeholder-for-204190"},"modified":"2021-01-15T14:30:46","modified_gmt":"2021-01-15T14:30:46","slug":"escalades-al-salvatge-oest-de-catalunya","status":"publish","type":"product","link":"https:\/\/pizbube.ch\/en\/shop\/escalades-al-salvatge-oest-de-catalunya\/","title":{"rendered":"escalades al Salvatge Oest de Catalunya"},"content":{"rendered":"<p>guia amb m\u00e9s de 630 vies d&#8217;esportiva de la comarca de la Noguera i Santa Anna;<br \/>\npresentada en Catal\u00e0, Castell\u00e0, Angl\u00e8s i Franc\u00e8s. Per m\u00e9s informaci\u00f3 fes cic<br \/>\naqu\u00ed i damun la imatge de la portada. Nombroses fotografies i croquis que<br \/>\najuden a localitzar i identificar les zones.  <\/p>\n<p>Topoguidebook of Salvatge, described are 630 climbs in Western Catalunya,<br \/>\nnorth of Lleida.  <\/p>","protected":false},"excerpt":{"rendered":"<p>guia amb m\u00e9s de 630 vies d&#8217;esportiva de la comarca de la Noguera i Santa Anna; presentada en Catal\u00e0, Castell\u00e0, Angl\u00e8s i Franc\u00e8s. Per m\u00e9s informaci\u00f3 fes cic aqu\u00ed i damun la imatge de la portada. Nombroses fotografies i croquis que ajuden a localitzar i identificar les zones. Topoguidebook of Salvatge, described are 630 climbs [&#8230;]\n","protected":false},"featured_media":31975,"template":"","meta":[],"product_brand":[],"product_cat":[21539],"product_tag":[],"class_list":{"0":"post-148642","1":"product","2":"type-product","3":"status-publish","4":"has-post-thumbnail","6":"product_cat-fuehrerliteratur-sportklettern-bouldern","7":"pa_autor-buxo-casals","8":"pa_erscheinungsjahr-21763","9":"pa_region-spanien","10":"pa_sprache-e","11":"pa_sprache-f","12":"pa_sprache-sp","14":"first","15":"instock","16":"taxable","17":"shipping-taxable","18":"purchasable","19":"product-type-simple"},"_links":{"self":[{"href":"https:\/\/pizbube.ch\/en\/wp-json\/wp\/v2\/product\/148642","targetHints":{"allow":["GET"]}}],"collection":[{"href":"https:\/\/pizbube.ch\/en\/wp-json\/wp\/v2\/product"}],"about":[{"href":"https:\/\/pizbube.ch\/en\/wp-json\/wp\/v2\/types\/product"}],"wp:featuredmedia":[{"embeddable":true,"href":"https:\/\/pizbube.ch\/en\/wp-json\/wp\/v2\/media\/31975"}],"wp:attachment":[{"href":"https:\/\/pizbube.ch\/en\/wp-json\/wp\/v2\/media?parent=148642"}],"wp:term":[{"taxonomy":"product_brand","embeddable":true,"href":"https:\/\/pizbube.ch\/en\/wp-json\/wp\/v2\/product_brand?post=148642"},{"taxonomy":"product_cat","embeddable":true,"href":"https:\/\/pizbube.ch\/en\/wp-json\/wp\/v2\/product_cat?post=148642"},{"taxonomy":"product_tag","embeddable":true,"href":"https:\/\/pizbube.ch\/en\/wp-json\/wp\/v2\/product_tag?post=148642"}],"curies":[{"name":"wp","href":"https:\/\/api.w.org\/{rel}","templated":true}]}}