{"id":148643,"date":"2021-01-15T10:57:51","date_gmt":"2021-01-15T10:57:51","guid":{"rendered":"https:\/\/codengine3.ch\/?product=import-placeholder-for-202809"},"modified":"2021-01-15T12:39:32","modified_gmt":"2021-01-15T12:39:32","slug":"las-100-mejores-escaladas-de-cataluna","status":"publish","type":"product","link":"https:\/\/pizbube.ch\/en\/shop\/las-100-mejores-escaladas-de-cataluna\/","title":{"rendered":"Las 100 mejores Escaladas de Cataluna"},"content":{"rendered":"<p>Climbing guide to Catalunya\/ Mallorca: described are the best 100 rock climbs<br \/>\nin Catalunya.; phototopoguidebook.  <\/p>\n<p>Este libro pretende ser una selecci\u00f3n cuidadosa de itinerarios de calidad en<br \/>\nCatalu\u00f1a y las Baleares. El car\u00e1cter de las v\u00edas presentadas es muy variado,<br \/>\nencontrando desde v\u00edas deportivas hasta v\u00edas muy desequipadas, con el<br \/>\ndenominador com\u00fan, por lo general, de la belleza intrinseca del trazado, el<br \/>\npredominio de la escalada libre y la buena roca. Otros valores a\u00f1adidos son,<br \/>\nen ocasiones, el valor paisaj\u00edstico del entorno y la soledad del lugar,<br \/>\nelementos que cada vez valoro m\u00e1s. La oferta es pues, muy amplia, y comprende<br \/>\nv\u00edas de todos los niveles desperdigadas por todo el territorio, 100 excusas<br \/>\nideales para conocer la mayoria las zonas de escalada de pared de Catalu\u00f1a y<br \/>\nBaleares y disfrutar de \u00e9stas con nuestros amigos.<br \/>\nEn todos los casos, el texto escrito sobre las v\u00edas intenta reflejar el<br \/>\ncar\u00e1cter y las sensaciones que de \u00e9stas se desprenden, siendo esto tanto o m\u00e1s<br \/>\nimportante que la informaci\u00f3n precisa que se deriva de la ficha t\u00e9cnica y el<br \/>\ncroquis, a la hora es escoger un itinerario. (2nd ed.)<\/p>","protected":false},"excerpt":{"rendered":"<p>Climbing guide to Catalunya\/ Mallorca: described are the best 100 rock climbs in Catalunya.; phototopoguidebook. Este libro pretende ser una selecci\u00f3n cuidadosa de itinerarios de calidad en Catalu\u00f1a y las Baleares. El car\u00e1cter de las v\u00edas presentadas es muy variado, encontrando desde v\u00edas deportivas hasta v\u00edas muy desequipadas, con el denominador com\u00fan, por lo general, [&#8230;]\n","protected":false},"featured_media":30256,"template":"","meta":[],"product_brand":[],"product_cat":[21539],"product_tag":[],"class_list":{"0":"post-148643","1":"product","2":"type-product","3":"status-publish","4":"has-post-thumbnail","6":"product_cat-fuehrerliteratur-sportklettern-bouldern","7":"pa_autor-rosell","8":"pa_erscheinungsjahr-21776","9":"pa_region-spanien","10":"pa_sprache-sp","12":"first","13":"instock","14":"taxable","15":"shipping-taxable","16":"purchasable","17":"product-type-simple"},"_links":{"self":[{"href":"https:\/\/pizbube.ch\/en\/wp-json\/wp\/v2\/product\/148643","targetHints":{"allow":["GET"]}}],"collection":[{"href":"https:\/\/pizbube.ch\/en\/wp-json\/wp\/v2\/product"}],"about":[{"href":"https:\/\/pizbube.ch\/en\/wp-json\/wp\/v2\/types\/product"}],"wp:featuredmedia":[{"embeddable":true,"href":"https:\/\/pizbube.ch\/en\/wp-json\/wp\/v2\/media\/30256"}],"wp:attachment":[{"href":"https:\/\/pizbube.ch\/en\/wp-json\/wp\/v2\/media?parent=148643"}],"wp:term":[{"taxonomy":"product_brand","embeddable":true,"href":"https:\/\/pizbube.ch\/en\/wp-json\/wp\/v2\/product_brand?post=148643"},{"taxonomy":"product_cat","embeddable":true,"href":"https:\/\/pizbube.ch\/en\/wp-json\/wp\/v2\/product_cat?post=148643"},{"taxonomy":"product_tag","embeddable":true,"href":"https:\/\/pizbube.ch\/en\/wp-json\/wp\/v2\/product_tag?post=148643"}],"curies":[{"name":"wp","href":"https:\/\/api.w.org\/{rel}","templated":true}]}}