{"id":148644,"date":"2021-01-15T10:57:51","date_gmt":"2021-01-15T10:57:51","guid":{"rendered":"https:\/\/codengine3.ch\/?product=import-placeholder-for-208539"},"modified":"2022-06-21T18:05:43","modified_gmt":"2022-06-21T16:05:43","slug":"montsec-oeste-2","status":"publish","type":"product","link":"https:\/\/pizbube.ch\/en\/shop\/montsec-oeste-2\/","title":{"rendered":"MONTSEC OESTE"},"content":{"rendered":"<p>Gu\u00eda del Montsec Oeste, incluye:<br \/>\nCanelles, Benabarre, Castell de Fals, Montfalc\u00f3, Puig de Mill\u00e1, Cor\u00e7\u00e1, Barranc<br \/>\ndels Grillons, Camp de 300, Castell de Sant Oren\u00e7, Serrat de la corona, Paret<br \/>\nde l`observatori, l`esfinx, Paret del Coll d`ares, Sant Al\u00eds, Paret de<br \/>\nl`embut, Cap del Ras, Agulla de l`embut, Paret dels Sostres, Paret de Xurulla,<br \/>\nPuntals d`Ager, Paret de Sant Miquel, Paret de Font Freda, Picons de Pla<br \/>\nd`Auber\u00f3, El Doll.<\/p>\n<p>Dimensiones\/Ma\u00dfe: 14 cm x 19 cm<br \/>\nN\u00ba P\u00e1g.\/Seitenzahl: 468<br \/>\nIdioma\/Sprache: Castellano\/Spanisch<\/p>","protected":false},"excerpt":{"rendered":"<p>Gu\u00eda del Montsec Oeste, incluye: Canelles, Benabarre, Castell de Fals, Montfalc\u00f3, Puig de Mill\u00e1, Cor\u00e7\u00e1, Barranc dels Grillons, Camp de 300, Castell de Sant Oren\u00e7, Serrat de la corona, Paret de l`observatori, l`esfinx, Paret del Coll d`ares, Sant Al\u00eds, Paret de l`embut, Cap del Ras, Agulla de l`embut, Paret dels Sostres, Paret de Xurulla, Puntals [&#8230;]\n","protected":false},"featured_media":40506,"template":"","meta":[],"product_brand":[],"product_cat":[21539],"product_tag":[26950],"class_list":{"0":"post-148644","1":"product","2":"type-product","3":"status-publish","4":"has-post-thumbnail","6":"product_cat-fuehrerliteratur-sportklettern-bouldern","7":"product_tag-pyrenaeen","8":"pa_autor-alfonso","9":"pa_erscheinungsjahr-21586","10":"pa_region-spanien","11":"pa_sprache-es","13":"first","14":"instock","15":"taxable","16":"shipping-taxable","17":"purchasable","18":"product-type-simple"},"_links":{"self":[{"href":"https:\/\/pizbube.ch\/en\/wp-json\/wp\/v2\/product\/148644","targetHints":{"allow":["GET"]}}],"collection":[{"href":"https:\/\/pizbube.ch\/en\/wp-json\/wp\/v2\/product"}],"about":[{"href":"https:\/\/pizbube.ch\/en\/wp-json\/wp\/v2\/types\/product"}],"wp:featuredmedia":[{"embeddable":true,"href":"https:\/\/pizbube.ch\/en\/wp-json\/wp\/v2\/media\/40506"}],"wp:attachment":[{"href":"https:\/\/pizbube.ch\/en\/wp-json\/wp\/v2\/media?parent=148644"}],"wp:term":[{"taxonomy":"product_brand","embeddable":true,"href":"https:\/\/pizbube.ch\/en\/wp-json\/wp\/v2\/product_brand?post=148644"},{"taxonomy":"product_cat","embeddable":true,"href":"https:\/\/pizbube.ch\/en\/wp-json\/wp\/v2\/product_cat?post=148644"},{"taxonomy":"product_tag","embeddable":true,"href":"https:\/\/pizbube.ch\/en\/wp-json\/wp\/v2\/product_tag?post=148644"}],"curies":[{"name":"wp","href":"https:\/\/api.w.org\/{rel}","templated":true}]}}